{"id":128741,"date":"2023-05-14T13:49:38","date_gmt":"2023-05-14T13:49:38","guid":{"rendered":"http:\/\/talkpal.ai\/niderland-dili-qrammatikasi\/"},"modified":"2025-12-11T17:04:55","modified_gmt":"2025-12-11T17:04:55","slug":"niderland-dili-qrammatikasi","status":"publish","type":"page","link":"https:\/\/talkpal.ai\/az\/niderland-dili-qrammatikasi\/","title":{"rendered":"Niderland dili Qrammatikas\u0131"},"content":{"rendered":"\r\n\r\n\r\n<section class=\"languageChallengeSection\">\r\n    <div class=\"languageInfoWrapper\">\r\n        \r\n        <h1>Niderland dili Qrammatikas\u0131<\/h1>\r\n        <p><a href=\"https:\/\/talkpal.ai\/locations\/learn-french-in-holland\/\">Holland<\/a> dilinin \u0259sas qrammatik qaydalar\u0131n\u0131 \u00f6yr\u0259nm\u0259kl\u0259 onun \u0259saslar\u0131n\u0131 ara\u015fd\u0131r\u0131n. Hollandiya qrammatikas\u0131na yiy\u0259l\u0259nm\u0259k siz\u0259 effektiv \u00fcnsiyy\u0259t qurma\u011fa v\u0259 Hollandiya m\u0259d\u0259niyy\u0259ti haqq\u0131nda daha d\u0259rin fikirl\u0259r \u0259ld\u0259 etm\u0259y\u0259 k\u00f6m\u0259k ed\u0259c\u0259k. Bu g\u00fcn Holland dili qrammatikas\u0131n\u0131 \u00f6yr\u0259nm\u0259y\u0259 ba\u015flay\u0131n v\u0259 r\u0259vanl\u0131\u011fa do\u011fru ilk add\u0131m\u0131n\u0131z\u0131 at\u0131n!\n<\/p>\r\n\r\n                            <a class=\"getStartedHidden\" href=\"https:\/\/app.talkpal.ai\/signup?lng=\">Ba\u015fla<\/a>\r\n        \r\n    <\/div>\r\n\r\n    <figure>\r\n    <img decoding=\"async\" width=\"768\" height=\"768\" src=\"https:\/\/talkpal.ai\/wp-content\/uploads\/2023\/06\/Dutch-768x768.png\" class=\"languageImage no-lazy\" alt=\"Developing skills through language learning\" fetchpriority=\"high\" sizes=\"(max-width: 768px) 150px, 768px\" srcset=\"https:\/\/talkpal.ai\/wp-content\/uploads\/2023\/06\/Dutch-768x768.png 768w, https:\/\/talkpal.ai\/wp-content\/uploads\/2023\/06\/Dutch-300x300.png 300w\" \/>\r\n    \r\n\r\n    <\/figure>\r\n\r\n            <a class=\"getStartedVisible\" href=\"https:\/\/app.talkpal.ai\/signup?lng=\">Ba\u015fla<\/a>\r\n    \r\n<\/section>\r\n<section class=\"promotionalBanner\">\r\n    <p class=\"promotionalText\">Dil \u00f6yr\u0259nm\u0259yin \u0259n t\u0259sirli yolu<\/p>\r\n    <a class=\"promotionalLink\" href=\"https:\/\/app.talkpal.ai\/signup?lng=\">Talkpal pulsuz s\u0131nay\u0131n<\/a>\r\n<\/section>\n<div class=\"wp-block-group pageContainerStyle\"><div class=\"wp-block-group__inner-container is-layout-constrained wp-block-group-is-layout-constrained\">\n<h2 class=\"wp-block-heading\" id=\"h-dutch-grammar-master-the-mechanics-of-the-dutch-language\">Holland dilinin qrammatikas\u0131: Holland dilinin mexanikas\u0131 ustas\u0131<\/h2>\n\n\n\n<p>\u018fg\u0259r Holland dilini <a href=\"https:\/\/talkpal.ai\/az\/oyr%c9%99nm%c9%99k\/\">\u00f6yr\u0259nm\u0259k<\/a> \u00fc\u00e7\u00fcn s\u0131\u00e7ray\u0131\u015f etdinizs\u0259, sizi maraql\u0131 s\u0259yah\u0259t g\u00f6zl\u0259yir! B\u00fct\u00fcn d\u00fcnyada 23 milyondan \u00e7ox natiq olan niderland dili dilbilm\u0259nizi v\u0259 \u00fcf\u00fcql\u0259rinizi geni\u015fl\u0259tm\u0259y\u0259 k\u00f6m\u0259k ed\u0259n g\u00f6z\u0259l bir dildir. \u0130ndi is\u0259 holland dilinin qrammatikas\u0131 il\u0259 ba\u011fl\u0131 p\u0131\u00e7\u0131lt\u0131lar e\u015fitmisiniz, amma qorxmay\u0131n! Bu m\u0259qal\u0259 Hollandiyan\u0131n qrammatikas\u0131n\u0131 \u0259yl\u0259nc\u0259li, lakin h\u0259rt\u0259r\u0259fli \u015f\u0259kild\u0259 par\u00e7alayacaq s\u0259mimi ba\u015flan\u011f\u0131c b\u0259l\u0259d\u00e7isi kimi xidm\u0259t edir.<\/p>\n\n\n\n<h3 class=\"wp-block-heading\" id=\"h-1-the-pillar-of-dutch-grammar-word-order\">1. Holland dilinin qrammatikas\u0131 s\u00fctunu: s\u00f6z s\u0131ras\u0131<\/h3>\n\n\n\n<p>Holland dilinin qrammatikas\u0131 s\u00f6z nizam\u0131 \u00fcz\u0259rind\u0259 \u00e7ox g\u00fcv\u0259nir. \u00dcmumiyy\u0259tl\u0259, o, ingilis dilin\u0259 b\u0259nz\u0259r \u201cm\u00f6vzu-fel-obyekt\u201d strukturunu izl\u0259yir. Lakin hollandlar\u0131n \u00f6z\u00fcn\u0259m\u0259xsus x\u00fcsusiyy\u0259ti var: Verb Second (V2) s\u00f6z s\u0131ras\u0131. Bird\u0259n \u00e7ox feil olan c\u00fcml\u0259d\u0259 ikinci feil ax\u0131ra q\u0259d\u0259r it\u0259l\u0259yir. M\u0259s\u0259l\u0259n:<\/p>\n\n\n\n<p>ingilisc\u0259: Bu g\u00fcn i\u015fl\u0259m\u0259liy\u0259m.<\/p>\n\n\n\n<p>Holland dili: Ik moet vandaag werken. (h\u0259rfi m\u0259nada: &#8220;M\u0259n bu g\u00fcn i\u015fl\u0259m\u0259liy\u0259m.&#8221;)<\/p>\n\n\n\n<p>Holland dilinin qrammatikas\u0131n\u0131 \u00f6yr\u0259n\u0259rk\u0259n V2 s\u00f6z nizam\u0131n\u0131n ustal\u0131qla m\u0259nims\u0259nilm\u0259si m\u00fctl\u0259qdir.<\/p>\n\n\n\n<h3 class=\"wp-block-heading\" id=\"h-2-get-to-know-your-articles\">2. M\u0259qal\u0259l\u0259rinizl\u0259 tan\u0131\u015f olun<\/h3>\n\n\n\n<p>Holland dilind\u0259 iki q\u0259ti m\u0259qal\u0259 (&#8220;de&#8221; v\u0259 &#8220;het&#8221;), qeyri-m\u00fc\u0259yy\u0259n bir m\u0259qal\u0259 (&#8220;een&#8221;) var. \u0130ki q\u0259ti m\u0259qal\u0259 aras\u0131nda se\u00e7im etm\u0259k k\u0259l\u0259kbazl\u0131q ola bil\u0259r. He\u00e7 bir q\u0259ti qaydaya riay\u0259t etm\u0259k olmaz. Ba\u015flan\u011f\u0131c olaraq onlar\u0131 \u00f6yr\u0259nm\u0259yin \u0259n yax\u015f\u0131 yolu praktika v\u0259 kontekstdir. M\u0259s\u0259l\u0259n:<\/p>\n\n\n\n<p>De man &#8211; Ki\u015fi<\/p>\n\n\n\n<p>Het meisje &#8211; Q\u0131z<\/p>\n\n\n\n<p>Een hond &#8211; \u0130t<\/p>\n\n\n\n<h3 class=\"wp-block-heading\" id=\"h-3-the-dance-of-dutch-conjugations\">3. Holland konyunkasiyalar\u0131n\u0131n r\u0259qsi<\/h3>\n\n\n\n<p>\u0130ngilis dili kimi holland feill\u0259ri d\u0259 g\u0259rgin v\u0259 \u0259hval-ruhiyy\u0259ni \u00e7atd\u0131rmaq \u00fc\u00e7\u00fcn forman\u0131 d\u0259yi\u015fir. Holland dilind\u0259 feli konyuqasiyalar\u0131n \u00fc\u00e7 \u0259sas qrupu vard\u0131r: z\u0259if feill\u0259r, m\u00f6hk\u0259m feill\u0259r v\u0259 nizams\u0131z feill\u0259r.<\/p>\n\n\n\n<p>Z\u0259if fell\u0259r konyuqasiya \u00fc\u00e7\u00fcn m\u00fc\u0259yy\u0259n edilmi\u015f qaydalara \u0259m\u0259l edir v\u0259 onlar\u0131 \u00f6yr\u0259nm\u0259yi olduqca asanla\u015fd\u0131r\u0131r.  <\/p>\n\n\n\n<p>N\u00fcmun\u0259 (Present tense): Ik werk, jij werkt, hij\/zij\/u werkt, wij\/jullie\/zij werken<\/p>\n\n\n\n<p>G\u00fccl\u00fc feill\u0259r sait d\u0259yi\u015fikliyini n\u0259z\u0259rd\u0259 tutur v\u0259 \u00e7ox vaxt \u00f6yr\u0259n\u0259nl\u0259ri onlar\u0131 ayr\u0131-ayr\u0131l\u0131qda \u0259zb\u0259rl\u0259yir.<\/p>\n\n\n\n<p>N\u00fcmun\u0259 (Present tense): Ik zing, jij zingt, hij\/zij\/u zingt, wij\/jullie\/zij zingen<\/p>\n\n\n\n<p>Qeyri-m\u00fcnt\u0259z\u0259m fell\u0259r, adlar\u0131ndan g\u00f6r\u00fcnd\u00fcy\u00fc kimi, birl\u0259\u015fm\u0259 \u00fc\u00e7\u00fcn he\u00e7 bir m\u00fc\u0259yy\u0259n n\u00fcmun\u0259y\u0259 \u0259m\u0259l etmir v\u0259 m\u00fcst\u0259qil \u015f\u0259kild\u0259 \u00f6yr\u0259nilm\u0259lidir.<\/p>\n\n\n\n<p>N\u00fcmun\u0259 (Present tense): Ik ben, jij bent, hij\/zij\/u is, wij\/jullie\/zij zijn<\/p>\n\n\n\n<h3 class=\"wp-block-heading\" id=\"h-4-a-flair-for-pronouns\">4. Pronounlar \u00fc\u00e7\u00fcn flair<\/h3>\n\n\n\n<p>Holland dilinin qrammatikas\u0131nda olan pronouns nounlar\u0131 \u0259v\u0259z edir v\u0259 nitqinizi daha dinamik v\u0259 r\u0259van etm\u0259k \u00fc\u00e7\u00fcn z\u0259ruridir. \u015e\u0259xsi pronounlar, sahibli pronounlar, demonstrativ pronounlar v\u0259 refleksiv pronounlar m\u00f6vcuddur. Ba\u015flan\u011f\u0131cda \u015f\u0259xsi v\u0259 sahiblik pronounlar\u0131n\u0131 ba\u015fa d\u00fc\u015fm\u0259k olduqca vacibdir.<\/p>\n\n\n\n<p>\u015e\u0259xsi t\u0259l\u0259ff\u00fczl\u0259r: ik (I), jij\/je (s\u0259n), hij\/zij\/ze (he\/she), wij\/we (we), jullie (ham\u0131n\u0131z), zij\/ze (onlar)<\/p>\n\n\n\n<p>Possessive pronouns: mijn (my), jouw\/je (your), zijn\/haar (his\/her), ons\/onze (our), jullie (your), hun\/hen (onlar\u0131n)<\/p>\n\n\n\n<h3 class=\"wp-block-heading\" id=\"h-5-cases-no-more-mostly\">5. Art\u0131q hallar yoxdur (\u0259sas\u0259n)<\/h3>\n\n\n\n<p>Alman dilind\u0259n f\u0259rqli olaraq, hollandlar art\u0131q g\u00fcnd\u0259lik h\u0259yatda hal sistemind\u0259n istifad\u0259 ed\u0259r\u0259k, linqvistik yol mane\u0259l\u0259rind\u0259n bir q\u0259d\u0259r rahatl\u0131q t\u0259min edirl\u0259r. Yegan\u0259 istisna, \u201ckim\u201d v\u0259 \u201ckim\u201d (m\u00fcvafiq olaraq, wie v\u0259 wie) Holland variantlar\u0131 v\u0259 bir ne\u00e7\u0259 sabit ifad\u0259l\u0259rl\u0259 (m\u0259s\u0259l\u0259n, \u201ch\u0259r zaman\u201d m\u0259nas\u0131n\u0131 ver\u0259n te allen tijde) i\u015fl\u0259y\u0259rk\u0259ndir.  <\/p>\n\n\n\n<p>T\u0259brik edirik! Hollandiya qrammatikas\u0131na yiy\u0259l\u0259nm\u0259k \u00fc\u00e7\u00fcn ilk add\u0131mlar\u0131 atm\u0131s\u0131n\u0131z. Unutmay\u0131n ki, t\u0259cr\u00fcb\u0259 \u0259sasd\u0131r, ona g\u00f6r\u0259 d\u0259 daha d\u0259rind\u0259n ara\u015fd\u0131rmaqdan, do\u011fma dan\u0131\u015fanlarla \u00fcnsiyy\u0259t qurmaqdan v\u0259 m\u00f6hk\u0259m t\u0259m\u0259l qurmaqdan \u00e7\u0259kinm\u0259yin. Veys\u0259l susar! (Nu\u015f olsun!)<\/p>\n<\/div><\/div>\n\r\n<section class=\"learnNavigationSection\">\r\n            \r\n        <a href=\"https:\/\/talkpal.ai\/az\/holland-dilini-oyr%c9%99nin\/\">\r\n            <div class=\"learnNavigationWrapper\">\r\n                <div class=\"learnNavigationContent\">\r\n                    <img decoding=\"async\" src=\"https:\/\/talkpal.ai\/wp-content\/uploads\/2024\/08\/Dutch.jpg\" alt=\"Netherlands Flag\">\r\n                    <div>\r\n                        <h4>Holland dili \u00f6yr\u0259nm\u0259 haqq\u0131nda<\/h4>\r\n                        <p>Holland dilinin qrammatikas\u0131 haqq\u0131nda h\u0259r \u015feyi \u00f6yr\u0259nin.<\/p>\r\n                    <\/div>\r\n                <\/div>\r\n            <\/div>\r\n        <\/a>\r\n\r\n        \r\n        <a href=\"https:\/\/talkpal.ai\/az\/holland-dilinin-qrammatikasi-m%c9%99sg%c9%99l%c9%99l%c9%99ri\/\">\r\n            <div class=\"learnNavigationWrapper\">\r\n                <div class=\"learnNavigationContent\">\r\n                    <img decoding=\"async\" src=\"https:\/\/talkpal.ai\/wp-content\/uploads\/2024\/08\/Dutch.jpg\" alt=\"Netherlands Flag\">\r\n                    <div>\r\n                        <h4>Hollandiya Qrammatikas\u0131 M\u0259\u015fqi<\/h4>\r\n                        <p>Holland dilinin qrammatika qaydalar\u0131na \u0259m\u0259l etm\u0259k.<\/p>\r\n                    <\/div>\r\n                <\/div>\r\n            <\/div>\r\n        <\/a>\r\n\r\n        \r\n        <a href=\"https:\/\/talkpal.ai\/vocabulary_language\/dutch\/\">\r\n            <div class=\"learnNavigationWrapper\">\r\n                <div class=\"learnNavigationContent\">\r\n                    <img decoding=\"async\" src=\"https:\/\/talkpal.ai\/wp-content\/uploads\/2024\/08\/Dutch.jpg\" alt=\"Netherlands Flag\">\r\n                    <div>\r\n                        <h4>Holland l\u00fc\u011f\u0259ti<\/h4>\r\n                        <p>Holland dili l\u00fc\u011f\u0259tinizi geni\u015fl\u0259ndirin.<\/p>\r\n                    <\/div>\r\n                <\/div>\r\n            <\/div>\r\n        <\/a>\r\n\r\n            <\/section>","protected":false},"excerpt":{"rendered":"<p>Holland dilinin qrammatikas\u0131: Holland dilinin mexanikas\u0131 ustas\u0131 \u018fg\u0259r Holland dilini \u00f6yr\u0259nm\u0259k \u00fc\u00e7\u00fcn s\u0131\u00e7ray\u0131\u015f etdinizs\u0259, sizi maraql\u0131 s\u0259yah\u0259t g\u00f6zl\u0259yir! B\u00fct\u00fcn d\u00fcnyada 23 milyondan \u00e7ox natiq olan niderland dili dilbilm\u0259nizi v\u0259 \u00fcf\u00fcql\u0259rinizi geni\u015fl\u0259tm\u0259y\u0259 k\u00f6m\u0259k ed\u0259n g\u00f6z\u0259l bir dildir. \u0130ndi is\u0259 holland dilinin qrammatikas\u0131 il\u0259 ba\u011fl\u0131 p\u0131\u00e7\u0131lt\u0131lar e\u015fitmisiniz, amma qorxmay\u0131n! Bu m\u0259qal\u0259 Hollandiyan\u0131n qrammatikas\u0131n\u0131 \u0259yl\u0259nc\u0259li, lakin h\u0259rt\u0259r\u0259fli \u015f\u0259kild\u0259 [&hellip;]<\/p>\n","protected":false},"author":1,"featured_media":106302,"parent":0,"menu_order":0,"comment_status":"closed","ping_status":"closed","template":"LearningContentPage.php","meta":{"_acf_changed":false,"footnotes":""},"class_list":["post-128741","page","type-page","status-publish","has-post-thumbnail","hentry"],"acf":[],"yoast_head":"<!-- This site is optimized with the Yoast SEO Premium plugin v27.2 (Yoast SEO v27.2) - https:\/\/yoast.com\/product\/yoast-seo-premium-wordpress\/ -->\n<title>Niderland dili Qrammatikas\u0131 - Talkpal<\/title>\n<meta name=\"description\" content=\"S\u00fcni intellektl\u0259 i\u015fl\u0259y\u0259n dil m\u00fc\u0259lliminiz Talkpal il\u0259 Holland dili qrammatikas\u0131n\u0131 \u00f6yr\u0259nin. Ayd\u0131n izahatlar, praktik n\u00fcmun\u0259l\u0259r v\u0259 interaktiv m\u0259\u015fql\u0259r\u0259 daxil olun!\" \/>\n<meta name=\"robots\" content=\"index, follow, max-snippet:-1, max-image-preview:large, max-video-preview:-1\" \/>\n<link rel=\"canonical\" href=\"https:\/\/talkpal.ai\/az\/niderland-dili-qrammatikasi\/\" \/>\n<meta property=\"og:locale\" content=\"az_AZ\" \/>\n<meta property=\"og:type\" content=\"article\" \/>\n<meta property=\"og:title\" content=\"Niderland dili Qrammatikas\u0131\" \/>\n<meta property=\"og:description\" content=\"Holland dilinin qrammatikas\u0131: Holland dilinin mexanikas\u0131 ustas\u0131 \u018fg\u0259r Holland dilini \u00f6yr\u0259nm\u0259k \u00fc\u00e7\u00fcn s\u0131\u00e7ray\u0131\u015f etdinizs\u0259, sizi maraql\u0131 s\u0259yah\u0259t g\u00f6zl\u0259yir! B\u00fct\u00fcn\" \/>\n<meta property=\"og:url\" content=\"https:\/\/talkpal.ai\/az\/niderland-dili-qrammatikasi\/\" \/>\n<meta property=\"og:site_name\" content=\"Talkpal\" \/>\n<meta property=\"article:publisher\" content=\"https:\/\/www.facebook.com\/profile.php?id=100090733639311\" \/>\n<meta property=\"article:modified_time\" content=\"2025-12-11T17:04:55+00:00\" \/>\n<meta property=\"og:image\" content=\"https:\/\/talkpal.ai\/wp-content\/uploads\/2023\/04\/netherlands-dutch.png\" \/>\n\t<meta property=\"og:image:width\" content=\"512\" \/>\n\t<meta property=\"og:image:height\" content=\"512\" \/>\n\t<meta property=\"og:image:type\" content=\"image\/png\" \/>\n<meta name=\"twitter:card\" content=\"summary_large_image\" \/>\n<meta name=\"twitter:site\" content=\"@talkpalai\" \/>\n<meta name=\"twitter:label1\" content=\"Est. reading time\" \/>\n\t<meta name=\"twitter:data1\" content=\"4 minutes\" \/>\n<script type=\"application\/ld+json\" class=\"yoast-schema-graph\">{\"@context\":\"https:\/\/schema.org\",\"@graph\":[{\"@type\":\"WebPage\",\"@id\":\"https:\/\/talkpal.ai\/az\/niderland-dili-qrammatikasi\/\",\"url\":\"https:\/\/talkpal.ai\/az\/niderland-dili-qrammatikasi\/\",\"name\":\"Niderland dili Qrammatikas\u0131 - Talkpal\",\"isPartOf\":{\"@id\":\"https:\/\/talkpal.ai\/az\/#website\"},\"primaryImageOfPage\":{\"@id\":\"https:\/\/talkpal.ai\/az\/niderland-dili-qrammatikasi\/#primaryimage\"},\"image\":{\"@id\":\"https:\/\/talkpal.ai\/az\/niderland-dili-qrammatikasi\/#primaryimage\"},\"thumbnailUrl\":\"https:\/\/talkpal.ai\/wp-content\/uploads\/2023\/04\/netherlands-dutch.png\",\"datePublished\":\"2023-05-14T13:49:38+00:00\",\"dateModified\":\"2025-12-11T17:04:55+00:00\",\"description\":\"S\u00fcni intellektl\u0259 i\u015fl\u0259y\u0259n dil m\u00fc\u0259lliminiz Talkpal il\u0259 Holland dili qrammatikas\u0131n\u0131 \u00f6yr\u0259nin. Ayd\u0131n izahatlar, praktik n\u00fcmun\u0259l\u0259r v\u0259 interaktiv m\u0259\u015fql\u0259r\u0259 daxil olun!\",\"breadcrumb\":{\"@id\":\"https:\/\/talkpal.ai\/az\/niderland-dili-qrammatikasi\/#breadcrumb\"},\"inLanguage\":\"az\",\"potentialAction\":[{\"@type\":\"ReadAction\",\"target\":[\"https:\/\/talkpal.ai\/az\/niderland-dili-qrammatikasi\/\"]}]},{\"@type\":\"ImageObject\",\"inLanguage\":\"az\",\"@id\":\"https:\/\/talkpal.ai\/az\/niderland-dili-qrammatikasi\/#primaryimage\",\"url\":\"https:\/\/talkpal.ai\/wp-content\/uploads\/2023\/04\/netherlands-dutch.png\",\"contentUrl\":\"https:\/\/talkpal.ai\/wp-content\/uploads\/2023\/04\/netherlands-dutch.png\",\"width\":512,\"height\":512},{\"@type\":\"BreadcrumbList\",\"@id\":\"https:\/\/talkpal.ai\/az\/niderland-dili-qrammatikasi\/#breadcrumb\",\"itemListElement\":[{\"@type\":\"ListItem\",\"position\":1,\"name\":\"Homepage\",\"item\":\"https:\/\/talkpal.ai\/az\/\"},{\"@type\":\"ListItem\",\"position\":2,\"name\":\"Niderland dili Qrammatikas\u0131\"}]},{\"@type\":\"WebSite\",\"@id\":\"https:\/\/talkpal.ai\/az\/#website\",\"url\":\"https:\/\/talkpal.ai\/az\/\",\"name\":\"Talkpal\",\"description\":\"AI Language Learning\",\"publisher\":{\"@id\":\"https:\/\/talkpal.ai\/az\/#organization\"},\"alternateName\":\"Talkpal AI\",\"potentialAction\":[{\"@type\":\"SearchAction\",\"target\":{\"@type\":\"EntryPoint\",\"urlTemplate\":\"https:\/\/talkpal.ai\/az\/?s={search_term_string}\"},\"query-input\":{\"@type\":\"PropertyValueSpecification\",\"valueRequired\":true,\"valueName\":\"search_term_string\"}}],\"inLanguage\":\"az\"},{\"@type\":\"Organization\",\"@id\":\"https:\/\/talkpal.ai\/az\/#organization\",\"name\":\"Talkpal, Inc.\",\"alternateName\":\"Talkpal AI\",\"url\":\"https:\/\/talkpal.ai\/az\/\",\"logo\":{\"@type\":\"ImageObject\",\"inLanguage\":\"az\",\"@id\":\"https:\/\/talkpal.ai\/az\/#\/schema\/logo\/image\/\",\"url\":\"https:\/\/talkpal.ai\/wp-content\/uploads\/2024\/03\/Talkpal-Logo-Icon.png\",\"contentUrl\":\"https:\/\/talkpal.ai\/wp-content\/uploads\/2024\/03\/Talkpal-Logo-Icon.png\",\"width\":2880,\"height\":2880,\"caption\":\"Talkpal, Inc.\"},\"image\":{\"@id\":\"https:\/\/talkpal.ai\/az\/#\/schema\/logo\/image\/\"},\"sameAs\":[\"https:\/\/www.facebook.com\/profile.php?id=100090733639311\",\"https:\/\/x.com\/talkpalai\",\"https:\/\/www.linkedin.com\/company\/talkpal\/\",\"https:\/\/www.youtube.com\/@TalkPal\/\",\"https:\/\/www.tiktok.com\/@talkpal\",\"https:\/\/www.instagram.com\/talkpal_ai\/\",\"https:\/\/www.crunchbase.com\/organization\/talkpal-9cde\",\"https:\/\/www.g2.com\/products\/talkpal-for-business\/\",\"https:\/\/www.trustpilot.com\/review\/talkpal.ai\",\"https:\/\/www.capterra.com\/p\/10006800\/TalkPal\/\"],\"description\":\"Talkpal is a language learning web and mobile education app, powered by the latest AI technologies, that provides engaging experiences to its customers in many different languages to help them improve their language skills. Users can chat about unlimited amount of topics with the app and use other modes to practice their language learning.\",\"email\":\"support@talkpal.ai\",\"legalName\":\"Talkpal, Inc.\",\"foundingDate\":\"2023-04-03\",\"duns\":\"118989042\",\"numberOfEmployees\":{\"@type\":\"QuantitativeValue\",\"minValue\":\"11\",\"maxValue\":\"50\"},\"publishingPrinciples\":\"https:\/\/talkpal.ai\/publishing-principles\/\",\"actionableFeedbackPolicy\":\"https:\/\/talkpal.ai\/actionable-feedback-policy\/\",\"correctionsPolicy\":\"https:\/\/talkpal.ai\/corrections-policy\/\",\"ethicsPolicy\":\"https:\/\/talkpal.ai\/ethics-policy\/\",\"diversityPolicy\":\"https:\/\/talkpal.ai\/diversity-policy\/\",\"diversityStaffingReport\":\"https:\/\/talkpal.ai\/diversity-policy\/\"}]}<\/script>\n<!-- \/ Yoast SEO Premium plugin. -->","yoast_head_json":{"title":"Niderland dili Qrammatikas\u0131 - Talkpal","description":"S\u00fcni intellektl\u0259 i\u015fl\u0259y\u0259n dil m\u00fc\u0259lliminiz Talkpal il\u0259 Holland dili qrammatikas\u0131n\u0131 \u00f6yr\u0259nin. Ayd\u0131n izahatlar, praktik n\u00fcmun\u0259l\u0259r v\u0259 interaktiv m\u0259\u015fql\u0259r\u0259 daxil olun!","robots":{"index":"index","follow":"follow","max-snippet":"max-snippet:-1","max-image-preview":"max-image-preview:large","max-video-preview":"max-video-preview:-1"},"canonical":"https:\/\/talkpal.ai\/az\/niderland-dili-qrammatikasi\/","og_locale":"az_AZ","og_type":"article","og_title":"Niderland dili Qrammatikas\u0131","og_description":"Holland dilinin qrammatikas\u0131: Holland dilinin mexanikas\u0131 ustas\u0131 \u018fg\u0259r Holland dilini \u00f6yr\u0259nm\u0259k \u00fc\u00e7\u00fcn s\u0131\u00e7ray\u0131\u015f etdinizs\u0259, sizi maraql\u0131 s\u0259yah\u0259t g\u00f6zl\u0259yir! B\u00fct\u00fcn","og_url":"https:\/\/talkpal.ai\/az\/niderland-dili-qrammatikasi\/","og_site_name":"Talkpal","article_publisher":"https:\/\/www.facebook.com\/profile.php?id=100090733639311","article_modified_time":"2025-12-11T17:04:55+00:00","og_image":[{"width":512,"height":512,"url":"https:\/\/talkpal.ai\/wp-content\/uploads\/2023\/04\/netherlands-dutch.png","type":"image\/png"}],"twitter_card":"summary_large_image","twitter_site":"@talkpalai","twitter_misc":{"Est. reading time":"4 minutes"},"schema":{"@context":"https:\/\/schema.org","@graph":[{"@type":"WebPage","@id":"https:\/\/talkpal.ai\/az\/niderland-dili-qrammatikasi\/","url":"https:\/\/talkpal.ai\/az\/niderland-dili-qrammatikasi\/","name":"Niderland dili Qrammatikas\u0131 - Talkpal","isPartOf":{"@id":"https:\/\/talkpal.ai\/az\/#website"},"primaryImageOfPage":{"@id":"https:\/\/talkpal.ai\/az\/niderland-dili-qrammatikasi\/#primaryimage"},"image":{"@id":"https:\/\/talkpal.ai\/az\/niderland-dili-qrammatikasi\/#primaryimage"},"thumbnailUrl":"https:\/\/talkpal.ai\/wp-content\/uploads\/2023\/04\/netherlands-dutch.png","datePublished":"2023-05-14T13:49:38+00:00","dateModified":"2025-12-11T17:04:55+00:00","description":"S\u00fcni intellektl\u0259 i\u015fl\u0259y\u0259n dil m\u00fc\u0259lliminiz Talkpal il\u0259 Holland dili qrammatikas\u0131n\u0131 \u00f6yr\u0259nin. Ayd\u0131n izahatlar, praktik n\u00fcmun\u0259l\u0259r v\u0259 interaktiv m\u0259\u015fql\u0259r\u0259 daxil olun!","breadcrumb":{"@id":"https:\/\/talkpal.ai\/az\/niderland-dili-qrammatikasi\/#breadcrumb"},"inLanguage":"az","potentialAction":[{"@type":"ReadAction","target":["https:\/\/talkpal.ai\/az\/niderland-dili-qrammatikasi\/"]}]},{"@type":"ImageObject","inLanguage":"az","@id":"https:\/\/talkpal.ai\/az\/niderland-dili-qrammatikasi\/#primaryimage","url":"https:\/\/talkpal.ai\/wp-content\/uploads\/2023\/04\/netherlands-dutch.png","contentUrl":"https:\/\/talkpal.ai\/wp-content\/uploads\/2023\/04\/netherlands-dutch.png","width":512,"height":512},{"@type":"BreadcrumbList","@id":"https:\/\/talkpal.ai\/az\/niderland-dili-qrammatikasi\/#breadcrumb","itemListElement":[{"@type":"ListItem","position":1,"name":"Homepage","item":"https:\/\/talkpal.ai\/az\/"},{"@type":"ListItem","position":2,"name":"Niderland dili Qrammatikas\u0131"}]},{"@type":"WebSite","@id":"https:\/\/talkpal.ai\/az\/#website","url":"https:\/\/talkpal.ai\/az\/","name":"Talkpal","description":"AI Language Learning","publisher":{"@id":"https:\/\/talkpal.ai\/az\/#organization"},"alternateName":"Talkpal AI","potentialAction":[{"@type":"SearchAction","target":{"@type":"EntryPoint","urlTemplate":"https:\/\/talkpal.ai\/az\/?s={search_term_string}"},"query-input":{"@type":"PropertyValueSpecification","valueRequired":true,"valueName":"search_term_string"}}],"inLanguage":"az"},{"@type":"Organization","@id":"https:\/\/talkpal.ai\/az\/#organization","name":"Talkpal, Inc.","alternateName":"Talkpal AI","url":"https:\/\/talkpal.ai\/az\/","logo":{"@type":"ImageObject","inLanguage":"az","@id":"https:\/\/talkpal.ai\/az\/#\/schema\/logo\/image\/","url":"https:\/\/talkpal.ai\/wp-content\/uploads\/2024\/03\/Talkpal-Logo-Icon.png","contentUrl":"https:\/\/talkpal.ai\/wp-content\/uploads\/2024\/03\/Talkpal-Logo-Icon.png","width":2880,"height":2880,"caption":"Talkpal, Inc."},"image":{"@id":"https:\/\/talkpal.ai\/az\/#\/schema\/logo\/image\/"},"sameAs":["https:\/\/www.facebook.com\/profile.php?id=100090733639311","https:\/\/x.com\/talkpalai","https:\/\/www.linkedin.com\/company\/talkpal\/","https:\/\/www.youtube.com\/@TalkPal\/","https:\/\/www.tiktok.com\/@talkpal","https:\/\/www.instagram.com\/talkpal_ai\/","https:\/\/www.crunchbase.com\/organization\/talkpal-9cde","https:\/\/www.g2.com\/products\/talkpal-for-business\/","https:\/\/www.trustpilot.com\/review\/talkpal.ai","https:\/\/www.capterra.com\/p\/10006800\/TalkPal\/"],"description":"Talkpal is a language learning web and mobile education app, powered by the latest AI technologies, that provides engaging experiences to its customers in many different languages to help them improve their language skills. Users can chat about unlimited amount of topics with the app and use other modes to practice their language learning.","email":"support@talkpal.ai","legalName":"Talkpal, Inc.","foundingDate":"2023-04-03","duns":"118989042","numberOfEmployees":{"@type":"QuantitativeValue","minValue":"11","maxValue":"50"},"publishingPrinciples":"https:\/\/talkpal.ai\/publishing-principles\/","actionableFeedbackPolicy":"https:\/\/talkpal.ai\/actionable-feedback-policy\/","correctionsPolicy":"https:\/\/talkpal.ai\/corrections-policy\/","ethicsPolicy":"https:\/\/talkpal.ai\/ethics-policy\/","diversityPolicy":"https:\/\/talkpal.ai\/diversity-policy\/","diversityStaffingReport":"https:\/\/talkpal.ai\/diversity-policy\/"}]}},"_links":{"self":[{"href":"https:\/\/talkpal.ai\/az\/wp-json\/wp\/v2\/pages\/128741","targetHints":{"allow":["GET"]}}],"collection":[{"href":"https:\/\/talkpal.ai\/az\/wp-json\/wp\/v2\/pages"}],"about":[{"href":"https:\/\/talkpal.ai\/az\/wp-json\/wp\/v2\/types\/page"}],"author":[{"embeddable":true,"href":"https:\/\/talkpal.ai\/az\/wp-json\/wp\/v2\/users\/1"}],"replies":[{"embeddable":true,"href":"https:\/\/talkpal.ai\/az\/wp-json\/wp\/v2\/comments?post=128741"}],"version-history":[{"count":0,"href":"https:\/\/talkpal.ai\/az\/wp-json\/wp\/v2\/pages\/128741\/revisions"}],"wp:featuredmedia":[{"embeddable":true,"href":"https:\/\/talkpal.ai\/az\/wp-json\/wp\/v2\/media\/106302"}],"wp:attachment":[{"href":"https:\/\/talkpal.ai\/az\/wp-json\/wp\/v2\/media?parent=128741"}],"curies":[{"name":"wp","href":"https:\/\/api.w.org\/{rel}","templated":true}]}}