{"id":128370,"date":"2023-05-14T13:48:36","date_gmt":"2023-05-14T13:48:36","guid":{"rendered":"http:\/\/talkpal.ai\/cin-dilinin-qrammatikasi\/"},"modified":"2025-06-17T16:40:28","modified_gmt":"2025-06-17T16:40:28","slug":"cin-dilinin-qrammatikasi","status":"publish","type":"page","link":"https:\/\/talkpal.ai\/az\/cin-dilinin-qrammatikasi\/","title":{"rendered":"\u00c7in dilinin qrammatikas\u0131"},"content":{"rendered":"\r\n\r\n\r\n<section class=\"languageChallengeSection\">\r\n    <div class=\"languageInfoWrapper\">\r\n        \r\n        <h1>\u00c7in dilinin qrammatikas\u0131<\/h1>\r\n        <p>\u018fsas qrammatik strukturlar\u0131 v\u0259 istifad\u0259 n\u00fcmun\u0259l\u0259rini \u00f6yr\u0259nm\u0259kl\u0259 \u00c7in dili bacar\u0131qlar\u0131n\u0131z\u0131 g\u00fccl\u0259ndirin. Bu g\u00fcn \u00c7in qrammatikan\u0131z\u0131 t\u0259kmill\u0259\u015fdirm\u0259y\u0259 ba\u015flay\u0131n v\u0259 inamla \u00fcnsiyy\u0259t qurun!<\/p>\r\n\r\n                            <a class=\"getStartedHidden\" href=\"https:\/\/app.talkpal.ai\/signup?lng=\">Ba\u015fla<\/a>\r\n        \r\n    <\/div>\r\n\r\n    <figure>\r\n    <img decoding=\"async\" width=\"768\" height=\"768\" src=\"https:\/\/talkpal.ai\/wp-content\/uploads\/2023\/06\/chinese-768x768.png\" class=\"languageImage no-lazy\" alt=\"Language learning for flexible communication\" fetchpriority=\"high\" sizes=\"(max-width: 768px) 150px, 768px\" srcset=\"https:\/\/talkpal.ai\/wp-content\/uploads\/2023\/06\/chinese-768x768.png 768w, https:\/\/talkpal.ai\/wp-content\/uploads\/2023\/06\/chinese-300x300.png 300w\" \/>\r\n    \r\n\r\n    <\/figure>\r\n\r\n            <a class=\"getStartedVisible\" href=\"https:\/\/app.talkpal.ai\/signup?lng=\">Ba\u015fla<\/a>\r\n    \r\n<\/section>\r\n<section class=\"promotionalBanner\">\r\n    <p class=\"promotionalText\">Dil \u00f6yr\u0259nm\u0259yin \u0259n t\u0259sirli yolu<\/p>\r\n    <a class=\"promotionalLink\" href=\"https:\/\/app.talkpal.ai\/signup?lng=\">Talkpal pulsuz s\u0131nay\u0131n<\/a>\r\n<\/section>\n<div class=\"wp-block-group pageContainerStyle\"><div class=\"wp-block-group__inner-container is-layout-constrained wp-block-group-is-layout-constrained\">\n<h2 class=\"wp-block-heading\" id=\"h-chinese-grammar-the-key-to-mastering-mandarin\">\u00c7in dilinin qrammatikas\u0131. Mandarin ustas\u0131n\u0131n a\u00e7ar\u0131<\/h2>\n\n\n\n<p>S\u0259n mandarin dilini m\u00fck\u0259mm\u0259l <a href=\"https:\/\/talkpal.ai\/az\/oyr%c9%99nm%c9%99k\/\">\u00f6yr\u0259nm\u0259k<\/a> \u00fc\u00e7\u00fcn h\u0259r \u015feyi etm\u0259yi qar\u015f\u0131s\u0131na m\u0259qs\u0259d qoyan \u015f\u00f6hr\u0259tp\u0259r\u0259st bir insansanm\u0131? \u018fg\u0259r bel\u0259dirs\u0259, t\u0259brik edir\u0259m! \u00c7inlil\u0259r\u0259 qar\u015f\u0131 m\u00fcbariz\u0259 qlobal d\u00fc\u015f\u00fcnc\u0259nizi geni\u015fl\u0259dm\u0259k, geni\u015f natiql\u0259rl\u0259 <a href=\"https:\/\/talkpal.ai\/contact\/\">\u0259laq\u0259<\/a> yaratmaq v\u0259 intellektual olaraq \u00f6z\u00fcn\u00fcz\u0259 meydan oxumaq \u00fc\u00e7\u00fcn fantastik bir \u00fcsuldur. Lakin 1,2 milyard yerli natiq v\u0259 Q\u0259rb dill\u0259rind\u0259n olduqca f\u0259rql\u0259n\u0259n dil sistemi il\u0259 \u00c7in dilinin qrammatikas\u0131 olduqca qorxulu g\u00f6r\u00fcn\u0259 bil\u0259r. Qorxmay\u0131n! H\u0259m maraql\u0131, h\u0259m d\u0259 m\u0259lumatland\u0131r\u0131c\u0131 olan <a href=\"https:\/\/talkpal.ai\/chinese-grammar\/\">\u00c7in qrammatikas\u0131<\/a> \u00fczr\u0259 yeni ba\u015flayanlar \u00fc\u00e7\u00fcn uy\u011fun <a href=\"https:\/\/talkpal.ai\/courses\/\">kurs<\/a> \u00fc\u00e7\u00fcn oxuyun.<\/p>\n\n\n\n<p><strong>\u0130lk n\u00f6vb\u0259d\u0259: Avropa dill\u0259ri haqq\u0131nda bildikl\u0259rinizi unudun!<\/strong><\/p>\n\n\n\n<p>Dil t\u0259l\u0259b\u0259l\u0259rinin \u00c7in qrammatikas\u0131ndan qorxmas\u0131n\u0131n \u0259sas s\u0259b\u0259bl\u0259rind\u0259n biri onun ingilis, ispan v\u0259 ya frans\u0131z kimi dill\u0259rd\u0259 \u00f6yr\u0259\u015fdiyimiz \u201cm\u00f6vzu-fel-obyekt\u201d strukturundan k\u00f6kl\u00fc \u015f\u0259kild\u0259 f\u0259rqli olmas\u0131d\u0131r. Odur ki, d\u0259rind\u0259n n\u0259f\u0259s al\u0131n v\u0259 g\u0259lin dil qaydalar\u0131 v\u0259 anlay\u0131\u015flar\u0131n\u0131n tamamil\u0259 yeni kainat\u0131na dalaq!<\/p>\n\n\n\n<h3 class=\"wp-block-heading\" id=\"h-1-word-order-is-king\">1. S\u00f6z s\u0131ras\u0131 \u015fahd\u0131r<\/h3>\n\n\n\n<p>\u00c7in dilinin qrammatikas\u0131nda g\u0259rginlik, feil konyuqasiyalar\u0131 v\u0259 pl\u00fcrallar olmasa da, d\u00fczg\u00fcn c\u00fcml\u0259 qurulu\u015fu \u0259sas yer tutm\u015fdur. B\u0259s d\u00fczg\u00fcn s\u00f6z nizam\u0131 nec\u0259 \u0259ld\u0259 edilir? \u018fks\u0259r hallarda sad\u0259c\u0259 olaraq &#8220;subject-verb-object&#8221; (ingilis dilin\u0259 ox\u015far) \u015f\u0259kil\u00e7isini izl\u0259yin. M\u0259s\u0259l\u0259n:<\/p>\n\n\n\n<p>ingilisc\u0259: M\u0259n s\u0259ni sevir\u0259m.<br\/>\u00c7in dili: \u6211\u7231\u4f60\u3002 W\u01d2 \u00e0i n\u01d0.<\/p>\n\n\n\n<p>Daha m\u00fcr\u0259kk\u0259b strukturlar var, lakin m\u00f6hk\u0259m b\u00fcn\u00f6vr\u0259ni inki\u015faf etdirm\u0259k inki\u015faf etdikd\u0259 onlar\u0131 ba\u015fa d\u00fc\u015fm\u0259k asanla\u015facaq.<\/p>\n\n\n\n<h3 class=\"wp-block-heading\" id=\"h-2-particles-particles-everywhere\">2. H\u0259r yerd\u0259 z\u0259rr\u0259cikl\u0259r, z\u0259rr\u0259cikl\u0259r!<\/h3>\n\n\n\n<p>\u00c7in dilinin qrammatikas\u0131nda z\u0259rr\u0259cikl\u0259r m\u0259nan\u0131n \u00e7atd\u0131r\u0131lmas\u0131nda h\u0259lledici rol oynay\u0131r. \u018fn \u00e7ox yay\u0131lm\u0131\u015f hiss\u0259cikl\u0259rd\u0259n biri tamamlanm\u0131\u015f h\u0259r\u0259k\u0259ti bildir\u0259n \u201c\u4e86 (le)\u201ddir. M\u0259s\u0259l\u0259n:<\/p>\n\n\n\n<p>\u6211\u5403\u4e86\u3002W\u01d2 ch\u012b le. &#8211; &#8220;M\u0259n yedim.&#8221;<\/p>\n\n\n\n<p>Ba\u015fqa bir \u00fcmumi hiss\u0259cik ifad\u0259ni t\u0259klif v\u0259 ya suala \u00e7evir\u0259n \u201c\u5427 (ba)\u201dd\u0131r:<\/p>\n\n\n\n<p>\u8d70\u5427\uff01Z\u01d2u ba! &#8211; &#8220;Ged\u0259k!&#8221;<\/p>\n\n\n\n<p>M\u00fcxt\u0259lif hiss\u0259cikl\u0259rin funksiyalar\u0131n\u0131n d\u0259rk edilm\u0259si \u00c7in dilinin qrammatikas\u0131n\u0131n n\u00fcanslar\u0131n\u0131 ustal\u0131qla m\u0259nims\u0259m\u0259k \u00fc\u00e7\u00fcn \u0259sas rol oynay\u0131r.<\/p>\n\n\n\n<h3 class=\"wp-block-heading\" id=\"h-3-measure-words-quality-not-quantity\">3. S\u00f6zl\u0259ri \u00f6l\u00e7m\u0259k: k\u0259miyy\u0259t yox, keyfiyy\u0259t<\/h3>\n\n\n\n<p>\u00c7in dilind\u0259 isiml\u0259rin c\u0259m hallar\u0131 yoxdur. \u018fksin\u0259, k\u0259miyy\u0259t ifad\u0259 etm\u0259k \u00fc\u00e7\u00fcn \u00f6l\u00e7\u00fc s\u00f6zl\u0259rind\u0259n (sinififikatorlar kimi d\u0259 tan\u0131n\u0131r) istifad\u0259 edirl\u0259r. \u00d6l\u00e7\u00fc s\u00f6zl\u0259ri say v\u0259 noun aras\u0131nda \u0259lav\u0259 olunur. M\u0259s\u0259l\u0259n:<\/p>\n\n\n\n<p>\u4e00\u672c\u4e66 \u2013 Y\u012b b\u011bn sh\u016b \u2013 \u201cbir kitab\u201d<\/p>\n\n\n\n<p>M\u0259s\u0259l\u0259n, bu s\u00f6z kitab \u00fc\u00e7\u00fcn n\u0259z\u0259rd\u0259 tutulur. F\u0259rqli isiml\u0259r f\u0259rqli \u00f6l\u00e7\u00fc s\u00f6zl\u0259ri t\u0259l\u0259b edir v\u0259 bu, ilk bax\u0131\u015fda \u00e7a\u015fq\u0131n g\u00f6r\u00fcns\u0259 d\u0259, t\u0259cr\u00fcb\u0259 il\u0259 ikinci t\u0259bi\u0259t\u0259 \u00e7evril\u0259c\u0259kdir.<\/p>\n\n\n\n<h3 class=\"wp-block-heading\" id=\"h-4-the-magic-of-compound-words\">4. M\u00fcr\u0259kk\u0259b s\u00f6zl\u0259rin sehri<\/h3>\n\n\n\n<p>\u00c7in dili m\u00fcr\u0259kk\u0259b s\u00f6zl\u0259rl\u0259 doludur, hans\u0131lar ki, iki v\u0259 ya daha \u00e7ox sif\u0259tl\u0259ri birl\u0259\u015fdirm\u0259kl\u0259 \u0259m\u0259l\u0259 g\u0259lir. Bu, t\u0259kc\u0259 s\u00f6z \u00f6yr\u0259nm\u0259yi sad\u0259l\u0259\u015fdirmir, h\u0259m d\u0259 canl\u0131 obrazlara v\u0259 kontekst\u0259 imkan verir. M\u0259s\u0259l\u0259n:<\/p>\n\n\n\n<p>\u706b\u8f66 \u2013 Hu\u01d2ch\u0113 \u2013 \u201cqatar\u201d (h\u0259rfi m\u0259nada: \u201cyan\u011f\u0131ns\u00f6nd\u00fcr\u0259n ma\u015f\u0131n\u201d)<br\/>\u7535\u8bdd \u2013 Di\u00e0nhu\u00e0 \u2013 \u201ctelefon\u201d (h\u0259rfi m\u0259nada: \u201celektrik nitqi\u201d)<\/p>\n\n\n\n<p>F\u0259rdi simvollar\u0131n m\u0259nas\u0131n\u0131 ba\u015fa d\u00fc\u015fm\u0259kl\u0259, \u0259vv\u0259ll\u0259r he\u00e7 vaxt rastla\u015fmad\u0131\u011f\u0131n\u0131z m\u00fcr\u0259kk\u0259b s\u00f6zl\u0259rin m\u0259nas\u0131n\u0131 asanl\u0131qla \u00e7\u0131xara bil\u0259rsiniz.<\/p>\n\n\n\n<h3 class=\"wp-block-heading\" id=\"h-5-no-tenses-no-problem\">5. He\u00e7 bir g\u0259rginlik yoxdur? Problem deyil!<\/h3>\n\n\n\n<p>\u00c7inc\u0259nin \u0259n t\u0259rav\u0259tl\u0259ndirici c\u0259h\u0259tl\u0259rind\u0259n biri d\u0259 m\u00fcxt\u0259lif g\u0259rginlikl\u0259r \u00fc\u00e7\u00fcn feli konyuqasiyalar\u0131n olmamas\u0131d\u0131r. B\u0259s siz vaxt\u0131 nec\u0259 ifad\u0259 edirsiniz? Sad\u0259! Sad\u0259c\u0259 vaxt \u00e7\u0259r\u00e7iv\u0259sini g\u00f6st\u0259r\u0259n s\u00f6zl\u0259ri daxil edin, m\u0259s\u0259l\u0259n:<\/p>\n\n\n\n<p>\u6628\u5929 \u2013 Zu\u00f3ti\u0101n \u2013 \u201cd\u00fcn\u0259n\u201d<br\/>\u660e\u5929 \u2013 M\u00edngti\u0101n \u2013 \u201csabah\u201d<\/p>\n\n\n\n<p><strong>M\u0259s\u0259l\u0259n:<\/strong><\/p>\n\n\n\n<p>\u6211\u6628\u5929\u5403\u4e86\u996d\u3002W\u01d2 zu\u00f3ti\u0101n ch\u012b le f\u00e0n. &#8211; &#8220;D\u00fcn\u0259n yem\u0259k yedim.&#8221;<br\/>\u6211\u660e\u5929\u5403\u996d\u3002W\u01d2 m\u00edngti\u0101n ch\u012b f\u00e0n. &#8211; &#8220;Sabah yem\u0259k yey\u0259c\u0259y\u0259m.&#8221;<\/p>\n\n\n\n<p>T\u0259brik edirik! \u00c7in qrammatikas\u0131n\u0131 m\u0259nims\u0259m\u0259k \u00fc\u00e7\u00fcn ilk add\u0131mlar\u0131 atd\u0131n\u0131z. Yadda saxla: m\u0259\u015fql\u0259r m\u00fck\u0259mm\u0259l olur. Bel\u0259likl\u0259, yeni qrammatik strukturlar\u0131 ara\u015fd\u0131rmaqdan, do\u011fma dan\u0131\u015fanlarla s\u00f6hb\u0259t etm\u0259kd\u0259n v\u0259 t\u0259m\u0259linizi m\u00f6hk\u0259ml\u0259ndirm\u0259kd\u0259n \u00e7\u0259kinm\u0259yin. Mandarin d\u00fcnyas\u0131 sizi g\u00f6zl\u0259yir &#8211; xo\u015fb\u0259xt \u00f6yr\u0259nm\u0259!<\/p>\n<\/div><\/div>\n\r\n<section class=\"learnNavigationSection\">\r\n            \r\n        <a href=\"https:\/\/talkpal.ai\/az\/cin-dilini-oyr%c9%99nin\/\">\r\n            <div class=\"learnNavigationWrapper\">\r\n                <div class=\"learnNavigationContent\">\r\n                    <img decoding=\"async\" src=\"https:\/\/talkpal.ai\/wp-content\/uploads\/2024\/08\/Chinese.jpg\" alt=\"Chinese Flag\u00a0\">\r\n                    <div>\r\n                        <h4>\u00c7in \u00d6yr\u0259nilm\u0259si Haqq\u0131nda<\/h4>\r\n                        <p>\u00c7in dilinin qrammatikas\u0131 haqq\u0131nda h\u0259r \u015feyi \u00f6yr\u0259nin .<\/p>\r\n                    <\/div>\r\n                <\/div>\r\n            <\/div>\r\n        <\/a>\r\n\r\n        \r\n        <a href=\"https:\/\/talkpal.ai\/az\/cin-dilinin-qrammatikasi-m%c9%99sg%c9%99l%c9%99l%c9%99ri\/\">\r\n            <div class=\"learnNavigationWrapper\">\r\n                <div class=\"learnNavigationContent\">\r\n                    <img decoding=\"async\" src=\"https:\/\/talkpal.ai\/wp-content\/uploads\/2024\/08\/Chinese.jpg\" alt=\"Chinese Flag\u00a0\">\r\n                    <div>\r\n                        <h4>\u00c7in qrammatikas\u0131 m\u0259\u015fqi<\/h4>\r\n                        <p>\u00c7in dilinin qrammatikas\u0131 il\u0259 m\u0259\u015f\u011ful.<\/p>\r\n                    <\/div>\r\n                <\/div>\r\n            <\/div>\r\n        <\/a>\r\n\r\n        \r\n        <a href=\"https:\/\/talkpal.ai\/vocabulary_language\/chinese\/\">\r\n            <div class=\"learnNavigationWrapper\">\r\n                <div class=\"learnNavigationContent\">\r\n                    <img decoding=\"async\" src=\"https:\/\/talkpal.ai\/wp-content\/uploads\/2024\/08\/Chinese.jpg\" alt=\"Chinese Flag\u00a0\">\r\n                    <div>\r\n                        <h4>\u00c7in l\u00fc\u011f\u0259ti<\/h4>\r\n                        <p>\u00c7in dili l\u00fc\u011f\u0259tinizi geni\u015fl\u0259ndirin.<\/p>\r\n                    <\/div>\r\n                <\/div>\r\n            <\/div>\r\n        <\/a>\r\n\r\n            <\/section>","protected":false},"excerpt":{"rendered":"<p>\u00c7in dilinin qrammatikas\u0131. Mandarin ustas\u0131n\u0131n a\u00e7ar\u0131 S\u0259n mandarin dilini m\u00fck\u0259mm\u0259l \u00f6yr\u0259nm\u0259k \u00fc\u00e7\u00fcn h\u0259r \u015feyi etm\u0259yi qar\u015f\u0131s\u0131na m\u0259qs\u0259d qoyan \u015f\u00f6hr\u0259tp\u0259r\u0259st bir insansanm\u0131? \u018fg\u0259r bel\u0259dirs\u0259, t\u0259brik edir\u0259m! \u00c7inlil\u0259r\u0259 qar\u015f\u0131 m\u00fcbariz\u0259 qlobal d\u00fc\u015f\u00fcnc\u0259nizi geni\u015fl\u0259dm\u0259k, geni\u015f natiql\u0259rl\u0259 \u0259laq\u0259 yaratmaq v\u0259 intellektual olaraq \u00f6z\u00fcn\u00fcz\u0259 meydan oxumaq \u00fc\u00e7\u00fcn fantastik bir \u00fcsuldur. Lakin 1,2 milyard yerli natiq v\u0259 Q\u0259rb dill\u0259rind\u0259n olduqca f\u0259rql\u0259n\u0259n [&hellip;]<\/p>\n","protected":false},"author":1,"featured_media":106059,"parent":0,"menu_order":0,"comment_status":"closed","ping_status":"closed","template":"LearningContentPage.php","meta":{"_acf_changed":false,"footnotes":""},"class_list":["post-128370","page","type-page","status-publish","has-post-thumbnail","hentry"],"acf":[],"yoast_head":"<!-- This site is optimized with the Yoast SEO Premium plugin v27.2 (Yoast SEO v27.2) - https:\/\/yoast.com\/product\/yoast-seo-premium-wordpress\/ -->\n<title>\u00c7in dilinin qrammatikas\u0131 - Talkpal<\/title>\n<meta name=\"description\" content=\"\u00c7in dilini v\u0259 m\u0259d\u0259niyy\u0259tini daha yax\u015f\u0131 ba\u015fa d\u00fc\u015fm\u0259k \u00fc\u00e7\u00fcn \u00c7in Qrammatikas\u0131n\u0131n sirl\u0259rini a\u00e7\u0131n.\" \/>\n<meta name=\"robots\" content=\"index, follow, max-snippet:-1, max-image-preview:large, max-video-preview:-1\" \/>\n<link rel=\"canonical\" href=\"https:\/\/talkpal.ai\/az\/cin-dilinin-qrammatikasi\/\" \/>\n<meta property=\"og:locale\" content=\"az_AZ\" \/>\n<meta property=\"og:type\" content=\"article\" \/>\n<meta property=\"og:title\" content=\"\u00c7in dilinin qrammatikas\u0131\" \/>\n<meta property=\"og:description\" content=\"\u00c7in dilinin qrammatikas\u0131. Mandarin ustas\u0131n\u0131n a\u00e7ar\u0131 S\u0259n mandarin dilini m\u00fck\u0259mm\u0259l \u00f6yr\u0259nm\u0259k \u00fc\u00e7\u00fcn h\u0259r \u015feyi etm\u0259yi qar\u015f\u0131s\u0131na m\u0259qs\u0259d qoyan \u015f\u00f6hr\u0259tp\u0259r\u0259st bir\" \/>\n<meta property=\"og:url\" content=\"https:\/\/talkpal.ai\/az\/cin-dilinin-qrammatikasi\/\" \/>\n<meta property=\"og:site_name\" content=\"Talkpal\" \/>\n<meta property=\"article:publisher\" content=\"https:\/\/www.facebook.com\/profile.php?id=100090733639311\" \/>\n<meta property=\"article:modified_time\" content=\"2025-06-17T16:40:28+00:00\" \/>\n<meta property=\"og:image\" content=\"https:\/\/talkpal.ai\/wp-content\/uploads\/2023\/04\/china.png\" \/>\n\t<meta property=\"og:image:width\" content=\"512\" \/>\n\t<meta property=\"og:image:height\" content=\"512\" \/>\n\t<meta property=\"og:image:type\" content=\"image\/png\" \/>\n<meta name=\"twitter:card\" content=\"summary_large_image\" \/>\n<meta name=\"twitter:site\" content=\"@talkpalai\" \/>\n<meta name=\"twitter:label1\" content=\"Est. reading time\" \/>\n\t<meta name=\"twitter:data1\" content=\"4 minutes\" \/>\n<script type=\"application\/ld+json\" class=\"yoast-schema-graph\">{\"@context\":\"https:\/\/schema.org\",\"@graph\":[{\"@type\":\"WebPage\",\"@id\":\"https:\/\/talkpal.ai\/az\/cin-dilinin-qrammatikasi\/\",\"url\":\"https:\/\/talkpal.ai\/az\/cin-dilinin-qrammatikasi\/\",\"name\":\"\u00c7in dilinin qrammatikas\u0131 - Talkpal\",\"isPartOf\":{\"@id\":\"https:\/\/talkpal.ai\/az\/#website\"},\"primaryImageOfPage\":{\"@id\":\"https:\/\/talkpal.ai\/az\/cin-dilinin-qrammatikasi\/#primaryimage\"},\"image\":{\"@id\":\"https:\/\/talkpal.ai\/az\/cin-dilinin-qrammatikasi\/#primaryimage\"},\"thumbnailUrl\":\"https:\/\/talkpal.ai\/wp-content\/uploads\/2023\/04\/china.png\",\"datePublished\":\"2023-05-14T13:48:36+00:00\",\"dateModified\":\"2025-06-17T16:40:28+00:00\",\"description\":\"\u00c7in dilini v\u0259 m\u0259d\u0259niyy\u0259tini daha yax\u015f\u0131 ba\u015fa d\u00fc\u015fm\u0259k \u00fc\u00e7\u00fcn \u00c7in Qrammatikas\u0131n\u0131n sirl\u0259rini a\u00e7\u0131n.\",\"breadcrumb\":{\"@id\":\"https:\/\/talkpal.ai\/az\/cin-dilinin-qrammatikasi\/#breadcrumb\"},\"inLanguage\":\"az\",\"potentialAction\":[{\"@type\":\"ReadAction\",\"target\":[\"https:\/\/talkpal.ai\/az\/cin-dilinin-qrammatikasi\/\"]}]},{\"@type\":\"ImageObject\",\"inLanguage\":\"az\",\"@id\":\"https:\/\/talkpal.ai\/az\/cin-dilinin-qrammatikasi\/#primaryimage\",\"url\":\"https:\/\/talkpal.ai\/wp-content\/uploads\/2023\/04\/china.png\",\"contentUrl\":\"https:\/\/talkpal.ai\/wp-content\/uploads\/2023\/04\/china.png\",\"width\":512,\"height\":512},{\"@type\":\"BreadcrumbList\",\"@id\":\"https:\/\/talkpal.ai\/az\/cin-dilinin-qrammatikasi\/#breadcrumb\",\"itemListElement\":[{\"@type\":\"ListItem\",\"position\":1,\"name\":\"Homepage\",\"item\":\"https:\/\/talkpal.ai\/az\/\"},{\"@type\":\"ListItem\",\"position\":2,\"name\":\"\u00c7in dilinin qrammatikas\u0131\"}]},{\"@type\":\"WebSite\",\"@id\":\"https:\/\/talkpal.ai\/az\/#website\",\"url\":\"https:\/\/talkpal.ai\/az\/\",\"name\":\"Talkpal\",\"description\":\"AI Language Learning\",\"publisher\":{\"@id\":\"https:\/\/talkpal.ai\/az\/#organization\"},\"alternateName\":\"Talkpal AI\",\"potentialAction\":[{\"@type\":\"SearchAction\",\"target\":{\"@type\":\"EntryPoint\",\"urlTemplate\":\"https:\/\/talkpal.ai\/az\/?s={search_term_string}\"},\"query-input\":{\"@type\":\"PropertyValueSpecification\",\"valueRequired\":true,\"valueName\":\"search_term_string\"}}],\"inLanguage\":\"az\"},{\"@type\":\"Organization\",\"@id\":\"https:\/\/talkpal.ai\/az\/#organization\",\"name\":\"Talkpal, Inc.\",\"alternateName\":\"Talkpal AI\",\"url\":\"https:\/\/talkpal.ai\/az\/\",\"logo\":{\"@type\":\"ImageObject\",\"inLanguage\":\"az\",\"@id\":\"https:\/\/talkpal.ai\/az\/#\/schema\/logo\/image\/\",\"url\":\"https:\/\/talkpal.ai\/wp-content\/uploads\/2024\/03\/Talkpal-Logo-Icon.png\",\"contentUrl\":\"https:\/\/talkpal.ai\/wp-content\/uploads\/2024\/03\/Talkpal-Logo-Icon.png\",\"width\":2880,\"height\":2880,\"caption\":\"Talkpal, Inc.\"},\"image\":{\"@id\":\"https:\/\/talkpal.ai\/az\/#\/schema\/logo\/image\/\"},\"sameAs\":[\"https:\/\/www.facebook.com\/profile.php?id=100090733639311\",\"https:\/\/x.com\/talkpalai\",\"https:\/\/www.linkedin.com\/company\/talkpal\/\",\"https:\/\/www.youtube.com\/@TalkPal\/\",\"https:\/\/www.tiktok.com\/@talkpal\",\"https:\/\/www.instagram.com\/talkpal_ai\/\",\"https:\/\/www.crunchbase.com\/organization\/talkpal-9cde\",\"https:\/\/www.g2.com\/products\/talkpal-for-business\/\",\"https:\/\/www.trustpilot.com\/review\/talkpal.ai\",\"https:\/\/www.capterra.com\/p\/10006800\/TalkPal\/\"],\"description\":\"Talkpal is a language learning web and mobile education app, powered by the latest AI technologies, that provides engaging experiences to its customers in many different languages to help them improve their language skills. Users can chat about unlimited amount of topics with the app and use other modes to practice their language learning.\",\"email\":\"support@talkpal.ai\",\"legalName\":\"Talkpal, Inc.\",\"foundingDate\":\"2023-04-03\",\"duns\":\"118989042\",\"numberOfEmployees\":{\"@type\":\"QuantitativeValue\",\"minValue\":\"11\",\"maxValue\":\"50\"},\"publishingPrinciples\":\"https:\/\/talkpal.ai\/publishing-principles\/\",\"actionableFeedbackPolicy\":\"https:\/\/talkpal.ai\/actionable-feedback-policy\/\",\"correctionsPolicy\":\"https:\/\/talkpal.ai\/corrections-policy\/\",\"ethicsPolicy\":\"https:\/\/talkpal.ai\/ethics-policy\/\",\"diversityPolicy\":\"https:\/\/talkpal.ai\/diversity-policy\/\",\"diversityStaffingReport\":\"https:\/\/talkpal.ai\/diversity-policy\/\"}]}<\/script>\n<!-- \/ Yoast SEO Premium plugin. -->","yoast_head_json":{"title":"\u00c7in dilinin qrammatikas\u0131 - Talkpal","description":"\u00c7in dilini v\u0259 m\u0259d\u0259niyy\u0259tini daha yax\u015f\u0131 ba\u015fa d\u00fc\u015fm\u0259k \u00fc\u00e7\u00fcn \u00c7in Qrammatikas\u0131n\u0131n sirl\u0259rini a\u00e7\u0131n.","robots":{"index":"index","follow":"follow","max-snippet":"max-snippet:-1","max-image-preview":"max-image-preview:large","max-video-preview":"max-video-preview:-1"},"canonical":"https:\/\/talkpal.ai\/az\/cin-dilinin-qrammatikasi\/","og_locale":"az_AZ","og_type":"article","og_title":"\u00c7in dilinin qrammatikas\u0131","og_description":"\u00c7in dilinin qrammatikas\u0131. Mandarin ustas\u0131n\u0131n a\u00e7ar\u0131 S\u0259n mandarin dilini m\u00fck\u0259mm\u0259l \u00f6yr\u0259nm\u0259k \u00fc\u00e7\u00fcn h\u0259r \u015feyi etm\u0259yi qar\u015f\u0131s\u0131na m\u0259qs\u0259d qoyan \u015f\u00f6hr\u0259tp\u0259r\u0259st bir","og_url":"https:\/\/talkpal.ai\/az\/cin-dilinin-qrammatikasi\/","og_site_name":"Talkpal","article_publisher":"https:\/\/www.facebook.com\/profile.php?id=100090733639311","article_modified_time":"2025-06-17T16:40:28+00:00","og_image":[{"width":512,"height":512,"url":"https:\/\/talkpal.ai\/wp-content\/uploads\/2023\/04\/china.png","type":"image\/png"}],"twitter_card":"summary_large_image","twitter_site":"@talkpalai","twitter_misc":{"Est. reading time":"4 minutes"},"schema":{"@context":"https:\/\/schema.org","@graph":[{"@type":"WebPage","@id":"https:\/\/talkpal.ai\/az\/cin-dilinin-qrammatikasi\/","url":"https:\/\/talkpal.ai\/az\/cin-dilinin-qrammatikasi\/","name":"\u00c7in dilinin qrammatikas\u0131 - Talkpal","isPartOf":{"@id":"https:\/\/talkpal.ai\/az\/#website"},"primaryImageOfPage":{"@id":"https:\/\/talkpal.ai\/az\/cin-dilinin-qrammatikasi\/#primaryimage"},"image":{"@id":"https:\/\/talkpal.ai\/az\/cin-dilinin-qrammatikasi\/#primaryimage"},"thumbnailUrl":"https:\/\/talkpal.ai\/wp-content\/uploads\/2023\/04\/china.png","datePublished":"2023-05-14T13:48:36+00:00","dateModified":"2025-06-17T16:40:28+00:00","description":"\u00c7in dilini v\u0259 m\u0259d\u0259niyy\u0259tini daha yax\u015f\u0131 ba\u015fa d\u00fc\u015fm\u0259k \u00fc\u00e7\u00fcn \u00c7in Qrammatikas\u0131n\u0131n sirl\u0259rini a\u00e7\u0131n.","breadcrumb":{"@id":"https:\/\/talkpal.ai\/az\/cin-dilinin-qrammatikasi\/#breadcrumb"},"inLanguage":"az","potentialAction":[{"@type":"ReadAction","target":["https:\/\/talkpal.ai\/az\/cin-dilinin-qrammatikasi\/"]}]},{"@type":"ImageObject","inLanguage":"az","@id":"https:\/\/talkpal.ai\/az\/cin-dilinin-qrammatikasi\/#primaryimage","url":"https:\/\/talkpal.ai\/wp-content\/uploads\/2023\/04\/china.png","contentUrl":"https:\/\/talkpal.ai\/wp-content\/uploads\/2023\/04\/china.png","width":512,"height":512},{"@type":"BreadcrumbList","@id":"https:\/\/talkpal.ai\/az\/cin-dilinin-qrammatikasi\/#breadcrumb","itemListElement":[{"@type":"ListItem","position":1,"name":"Homepage","item":"https:\/\/talkpal.ai\/az\/"},{"@type":"ListItem","position":2,"name":"\u00c7in dilinin qrammatikas\u0131"}]},{"@type":"WebSite","@id":"https:\/\/talkpal.ai\/az\/#website","url":"https:\/\/talkpal.ai\/az\/","name":"Talkpal","description":"AI Language Learning","publisher":{"@id":"https:\/\/talkpal.ai\/az\/#organization"},"alternateName":"Talkpal AI","potentialAction":[{"@type":"SearchAction","target":{"@type":"EntryPoint","urlTemplate":"https:\/\/talkpal.ai\/az\/?s={search_term_string}"},"query-input":{"@type":"PropertyValueSpecification","valueRequired":true,"valueName":"search_term_string"}}],"inLanguage":"az"},{"@type":"Organization","@id":"https:\/\/talkpal.ai\/az\/#organization","name":"Talkpal, Inc.","alternateName":"Talkpal AI","url":"https:\/\/talkpal.ai\/az\/","logo":{"@type":"ImageObject","inLanguage":"az","@id":"https:\/\/talkpal.ai\/az\/#\/schema\/logo\/image\/","url":"https:\/\/talkpal.ai\/wp-content\/uploads\/2024\/03\/Talkpal-Logo-Icon.png","contentUrl":"https:\/\/talkpal.ai\/wp-content\/uploads\/2024\/03\/Talkpal-Logo-Icon.png","width":2880,"height":2880,"caption":"Talkpal, Inc."},"image":{"@id":"https:\/\/talkpal.ai\/az\/#\/schema\/logo\/image\/"},"sameAs":["https:\/\/www.facebook.com\/profile.php?id=100090733639311","https:\/\/x.com\/talkpalai","https:\/\/www.linkedin.com\/company\/talkpal\/","https:\/\/www.youtube.com\/@TalkPal\/","https:\/\/www.tiktok.com\/@talkpal","https:\/\/www.instagram.com\/talkpal_ai\/","https:\/\/www.crunchbase.com\/organization\/talkpal-9cde","https:\/\/www.g2.com\/products\/talkpal-for-business\/","https:\/\/www.trustpilot.com\/review\/talkpal.ai","https:\/\/www.capterra.com\/p\/10006800\/TalkPal\/"],"description":"Talkpal is a language learning web and mobile education app, powered by the latest AI technologies, that provides engaging experiences to its customers in many different languages to help them improve their language skills. Users can chat about unlimited amount of topics with the app and use other modes to practice their language learning.","email":"support@talkpal.ai","legalName":"Talkpal, Inc.","foundingDate":"2023-04-03","duns":"118989042","numberOfEmployees":{"@type":"QuantitativeValue","minValue":"11","maxValue":"50"},"publishingPrinciples":"https:\/\/talkpal.ai\/publishing-principles\/","actionableFeedbackPolicy":"https:\/\/talkpal.ai\/actionable-feedback-policy\/","correctionsPolicy":"https:\/\/talkpal.ai\/corrections-policy\/","ethicsPolicy":"https:\/\/talkpal.ai\/ethics-policy\/","diversityPolicy":"https:\/\/talkpal.ai\/diversity-policy\/","diversityStaffingReport":"https:\/\/talkpal.ai\/diversity-policy\/"}]}},"_links":{"self":[{"href":"https:\/\/talkpal.ai\/az\/wp-json\/wp\/v2\/pages\/128370","targetHints":{"allow":["GET"]}}],"collection":[{"href":"https:\/\/talkpal.ai\/az\/wp-json\/wp\/v2\/pages"}],"about":[{"href":"https:\/\/talkpal.ai\/az\/wp-json\/wp\/v2\/types\/page"}],"author":[{"embeddable":true,"href":"https:\/\/talkpal.ai\/az\/wp-json\/wp\/v2\/users\/1"}],"replies":[{"embeddable":true,"href":"https:\/\/talkpal.ai\/az\/wp-json\/wp\/v2\/comments?post=128370"}],"version-history":[{"count":0,"href":"https:\/\/talkpal.ai\/az\/wp-json\/wp\/v2\/pages\/128370\/revisions"}],"wp:featuredmedia":[{"embeddable":true,"href":"https:\/\/talkpal.ai\/az\/wp-json\/wp\/v2\/media\/106059"}],"wp:attachment":[{"href":"https:\/\/talkpal.ai\/az\/wp-json\/wp\/v2\/media?parent=128370"}],"curies":[{"name":"wp","href":"https:\/\/api.w.org\/{rel}","templated":true}]}}