{"id":127864,"date":"2023-05-14T13:43:38","date_gmt":"2023-05-14T13:43:38","guid":{"rendered":"http:\/\/talkpal.ai\/er%c9%99b-dilinin-qrammatikasi\/"},"modified":"2025-05-21T11:49:08","modified_gmt":"2025-05-21T11:49:08","slug":"er%c9%99b-dilinin-qrammatikasi","status":"publish","type":"page","link":"https:\/\/talkpal.ai\/az\/er%c9%99b-dilinin-qrammatikasi\/","title":{"rendered":"\u018fr\u0259b dilinin qrammatikas\u0131"},"content":{"rendered":"\r\n\r\n\r\n<section class=\"languageChallengeSection\">\r\n    <div class=\"languageInfoWrapper\">\r\n        \r\n        <h1>\u018fr\u0259b dilinin qrammatikas\u0131<\/h1>\r\n        <p>\u018fsas qrammatik anlay\u0131\u015flar\u0131 v\u0259 ayd\u0131n, add\u0131m-add\u0131m izahatlar\u0131 ara\u015fd\u0131raraq \u0259r\u0259b dili bacar\u0131qlar\u0131n\u0131z\u0131 art\u0131r\u0131n. \u018fr\u0259b dilinin qrammatikas\u0131n\u0131 m\u0259nims\u0259m\u0259y\u0259 indi ba\u015flay\u0131n v\u0259 daha s\u0259lis v\u0259 inamla \u00fcnsiyy\u0259t qurun!<\/p>\r\n\r\n                            <a class=\"getStartedHidden\" href=\"https:\/\/app.talkpal.ai\/signup?lng=\">Ba\u015fla<\/a>\r\n        \r\n    <\/div>\r\n\r\n    <figure>\r\n    <img decoding=\"async\" width=\"768\" height=\"768\" src=\"https:\/\/talkpal.ai\/wp-content\/uploads\/2023\/06\/arabic-768x768.png\" class=\"languageImage no-lazy\" alt=\"Language learning for linguistic diversity\" fetchpriority=\"high\" sizes=\"(max-width: 768px) 150px, 768px\" srcset=\"https:\/\/talkpal.ai\/wp-content\/uploads\/2023\/06\/arabic-768x768.png 768w, https:\/\/talkpal.ai\/wp-content\/uploads\/2023\/06\/arabic-300x300.png 300w\" \/>\r\n    \r\n\r\n    <\/figure>\r\n\r\n            <a class=\"getStartedVisible\" href=\"https:\/\/app.talkpal.ai\/signup?lng=\">Ba\u015fla<\/a>\r\n    \r\n<\/section>\r\n<section class=\"promotionalBanner\">\r\n    <p class=\"promotionalText\">Dil \u00f6yr\u0259nm\u0259yin \u0259n t\u0259sirli yolu<\/p>\r\n    <a class=\"promotionalLink\" href=\"https:\/\/app.talkpal.ai\/signup?lng=\">Talkpal pulsuz s\u0131nay\u0131n<\/a>\r\n<\/section>\n<div class=\"wp-block-group pageContainerStyle\"><div class=\"wp-block-group__inner-container is-layout-constrained wp-block-group-is-layout-constrained\">\n<h2 class=\"wp-block-heading\" id=\"h-the-intricacies-of-arabic-grammar-a-journey-through-its-roots-and-beauty\">\u018fr\u0259b dilinin inc\u0259likl\u0259ri: K\u00f6kl\u0259ri v\u0259 g\u00f6z\u0259lliyi il\u0259 s\u0259yah\u0259t<\/h2>\n\n\n\n<p><strong>\u0130ngilis dilinin qrammatikas\u0131n\u0131 ilk d\u0259f\u0259 n\u0259 vaxt \u00f6yr\u0259nm\u0259y\u0259 ba\u015flad\u0131\u011f\u0131n\u0131 xat\u0131rlay\u0131rsanm\u0131?<\/strong>  Sonsuz g\u00f6r\u00fcn\u0259n qaydalar, istisnalar v\u0259 terminl\u0259r ucbat\u0131ndan b\u0259z\u0259n ruhdan d\u00fc\u015f\u00fcrs\u0259n. \u018fg\u0259r \u0259r\u0259b dilini \u00f6yr\u0259nm\u0259yi d\u00fc\u015f\u00fcn\u00fcrs\u00fcn\u00fczs\u0259, \u0259min olun ki, onun da unikal v\u0259 m\u00fcr\u0259kk\u0259b qrammatik sistemi var. Bel\u0259likl\u0259, \u0259r\u0259b qrammatikas\u0131n\u0131n k\u00f6kl\u0259ri v\u0259 g\u00f6z\u0259lliyi il\u0259 q\u0131sa, lakin maarifl\u0259ndirici bir s\u0259yah\u0259t ed\u0259k.<\/p>\n\n\n\n<p>Ba\u015flamaq \u00fc\u00e7\u00fcn <strong>\u0259r\u0259b v\u0259 ingilis qrammatikas\u0131 aras\u0131nda b\u0259zi \u0259sas f\u0259rql\u0259ri m\u00fc\u0259yy\u0259n ed\u0259k.<\/strong> \u018fr\u0259b dilind\u0259 s\u00f6zl\u0259r \u00fc\u00e7 kateqoriyaya b\u00f6l\u00fcn\u00fcr: isim, fel v\u0259 hiss\u0259cikl\u0259r. \u0130ngilis dilind\u0259n f\u0259rqli olaraq, \u0259r\u0259b s\u00f6zl\u0259ri k\u00f6k sistemini izl\u0259yir. Y\u0259ni s\u00f6z\u00fcn \u0259sas m\u0259nas\u0131n\u0131 onun k\u00f6k\u00fcn\u00fc m\u00fc\u0259yy\u0259n etm\u0259kl\u0259 izl\u0259m\u0259k olar. Bu k\u00f6k sistemi \u0259r\u0259b dilind\u0259 m\u00fcst\u0259sna d\u0259r\u0259c\u0259d\u0259 d\u0259rinlik v\u0259 z\u0259nginlik verir. \u018fr\u0259b dilinin qrammatikas\u0131 il\u0259 ba\u011fl\u0131 inan\u0131lmaz bir \u015fey onun \u015fablonlara g\u00fcv\u0259nm\u0259yidir. Bu, \u00e7ox vaxt natiql\u0259r\u0259 m\u00fc\u0259yy\u0259n strukturlara riay\u0259t etm\u0259kl\u0259 yeni s\u00f6zl\u0259r yaratma\u011fa imkan verir.<\/p>\n\n\n\n<p><strong>\u018fr\u0259b qrammatikas\u0131n\u0131n dig\u0259r m\u00fch\u00fcm c\u0259h\u0259ti onun cinsiyy\u0259t dili olmas\u0131d\u0131r<\/strong> , y\u0259ni isim v\u0259 sif\u0259tl\u0259rin cinsiyy\u0259t\u0259 uy\u011fun formalar\u0131 var. Bilirdinizmi ki, \u0259r\u0259b dilind\u0259 h\u0259tta ikilik forma da var, h\u0259m d\u0259 sinql v\u0259 \u00e7oxluq formalar\u0131ndan \u0259lav\u0259? Bu do\u011frudur! \u018fr\u0259b dilind\u0259 ikilik formas\u0131 g\u00f6z, \u0259l v\u0259 ya valideyn kimi c\u00fctl\u0259ri g\u00f6st\u0259rm\u0259k \u00fc\u00e7\u00fcn istifad\u0259 olunur. \u0130ngilis dilinin \u00e7at\u0131\u015fmayan \u0259lav\u0259 spesifiklik qat\u0131n\u0131 \u0259lav\u0259 edir.<\/p>\n\n\n\n<p>\u0130ndi <strong>\u0259r\u0259b dilind\u0259 fel birl\u0259\u015fm\u0259sini<\/strong> m\u00fczakir\u0259 ed\u0259k ki, bu da tamamil\u0259 yeni bir d\u00fcnyad\u0131r. \u018fr\u0259b feill\u0259ri k\u00f6kl\u0259r sistemin\u0259 \u0259saslan\u0131r v\u0259 ad\u0259t\u0259n \u00fc\u00e7 \u0259sas konsonantdan ibar\u0259tdir. K\u00f6k feilin \u0259sas m\u0259nas\u0131n\u0131 t\u0259yin edir. Sait \u015f\u0259kil\u00e7isini \u0259lav\u0259 etm\u0259kl\u0259 m\u00fcxt\u0259lif m\u0259na v\u0259 g\u0259rginlik bildir\u0259n feilin m\u00fcxt\u0259lif formalar\u0131n\u0131 yarad\u0131rs\u0131n\u0131z. M\u0259s\u0259l\u0259n, saitl\u0259rin k\u00f6k\u00fcnd\u0259ki saitl\u0259r ke\u00e7mi\u015fd\u0259n indiki d\u00f6vr\u0259 d\u0259yi\u015f\u0259 v\u0259 ya feli passiv\u0259 \u00e7evir\u0259 bil\u0259r. \u00c7ox heyr\u0259tl\u0259ndirici, el\u0259 deyilmi?<\/p>\n\n\n\n<p>\u018fr\u0259b dilinin qrammatikas\u0131 il\u0259 ba\u011fl\u0131 daha bir maraql\u0131 m\u0259qam da var ki, bu bar\u0259d\u0259 dan\u0131\u015fmaq <strong>laz\u0131md\u0131r.<\/strong> \u0130ngilis dilind\u0259 ismin m\u00fc\u0259yy\u0259n oldu\u011funu g\u00f6st\u0259rm\u0259k \u00fc\u00e7\u00fcn \u201cthe\u201d s\u00f6z\u00fcnd\u0259n istifad\u0259 edirik. \u018fr\u0259b dilind\u0259 bu anlay\u0131\u015f s\u00f6z\u00fcn \u0259vv\u0259lin\u0259 \u0259lav\u0259 olunan \u201c\u018fl-\u201d adl\u0131 ki\u00e7ik hiss\u0259cik vasit\u0259sil\u0259 dil\u0259 daxil edilir. \u0130simd\u0259n \u0259vv\u0259l \u201c\u018fl-\u201d g\u0259l\u0259nd\u0259 he\u00e7 bir \u0259lav\u0259 t\u0259yin etm\u0259d\u0259n m\u00fc\u0259yy\u0259nl\u0259\u015fir. Dem\u0259li, \u0259r\u0259bc\u0259 \u201cev b\u00f6y\u00fckd\u00fcr\u201d \u0259v\u0259zin\u0259 \u201c\u0259l-beytu k\u0259bir\u201d dey\u0259rdiniz, burada \u201c\u0259l-beytu\u201d \u201cev\u201d dem\u0259kdir.<\/p>\n\n\n\n<p><strong>Dan\u0131\u015f\u0131q \u0259r\u0259b dili<\/strong> h\u0259r hans\u0131 bir dild\u0259 oldu\u011fu kimi, formal \u0259r\u0259b dilind\u0259n daha dinamik v\u0259 r\u0259vand\u0131r. Lakin \u0259r\u0259b dilinin qrammatikas\u0131na dair \u0259sas prinsipl\u0259ri \u00f6yr\u0259nm\u0259k, bu dili h\u0259qiq\u0259t\u0259n ba\u015fa d\u00fc\u015fm\u0259k v\u0259 qiym\u0259tl\u0259ndirm\u0259k \u00fc\u00e7\u00fcn h\u0259l\u0259 d\u0259 z\u0259ruridir. K\u00f6k t\u0259rzl\u0259rini, cinsiyy\u0259t formalar\u0131n\u0131 v\u0259 feil konjuqasiyalar\u0131n\u0131 \u0259ld\u0259 etdikd\u0259n sonra yeni s\u00f6zl\u0259ri tan\u0131maq v\u0259 \u00f6yr\u0259nm\u0259k daha asan olacaq.<\/p>\n\n\n\n<p><strong>\u018fr\u0259b dilinin qrammatikas\u0131n\u0131 \u00f6yr\u0259nm\u0259k<\/strong> \u0259vv\u0259lc\u0259 \u00e7\u0259tin g\u00f6r\u00fcn\u0259 bil\u0259r, lakin \u0259zmkarl\u0131q v\u0259 f\u0259dakarl\u0131qla bu m\u00fcr\u0259kk\u0259b dilin g\u00f6z\u0259lliyini qiym\u0259tl\u0259ndir\u0259 bil\u0259c\u0259ksiniz. M\u00fcr\u0259kk\u0259b tapmacan\u0131 h\u0259ll etm\u0259k v\u0259 ya \u015fifr\u0259l\u0259nmi\u015f kodu de\u015fifr\u0259 etm\u0259k kimi, bu m\u00fckafat da \u0259r\u0259b dilinin sirl\u0259rini a\u00e7maqdan v\u0259 onun z\u0259ngin m\u0259d\u0259niyy\u0259tin\u0259, tarixin\u0259 v\u0259 \u0259d\u0259biyyat\u0131na q\u0259rq olmaqdan m\u0259mnunluq hissi il\u0259 ba\u015fa g\u0259lir. \u2013 B\u0259s n\u0259 g\u00f6zl\u0259yirsiniz? \u018fr\u0259b dilinin qrammatikas\u0131 il\u0259 ba\u011fl\u0131 olan sehr d\u00fcnyas\u0131na dal\u0131\u015f\u0131n v\u0259 onun \u0259sl mahiyy\u0259tini \u00f6z\u00fcn\u00fcz \u00fc\u00e7\u00fcn k\u0259\u015ff edin.<\/p>\n<\/div><\/div>\n\r\n<section class=\"learnNavigationSection\">\r\n            \r\n        <a href=\"https:\/\/talkpal.ai\/az\/er%c9%99b-dilini-oyr%c9%99n\/\">\r\n            <div class=\"learnNavigationWrapper\">\r\n                <div class=\"learnNavigationContent\">\r\n                    <img decoding=\"async\" src=\"https:\/\/talkpal.ai\/wp-content\/uploads\/2024\/08\/Arabic.jpg\" alt=\"Arabic Flag\">\r\n                    <div>\r\n                        <h4>\u018fr\u0259b dilini \u00f6yr\u0259nm\u0259 haqq\u0131nda<\/h4>\r\n                        <p>\u018fr\u0259b dilinin qrammatikas\u0131 haqq\u0131nda h\u0259r \u015feyi \u00f6yr\u0259nin.<\/p>\r\n                    <\/div>\r\n                <\/div>\r\n            <\/div>\r\n        <\/a>\r\n\r\n        \r\n        <a href=\"https:\/\/talkpal.ai\/az\/er%c9%99b-dilinin-qrammatika-m%c9%99sg%c9%99l%c9%99l%c9%99ri\/\">\r\n            <div class=\"learnNavigationWrapper\">\r\n                <div class=\"learnNavigationContent\">\r\n                    <img decoding=\"async\" src=\"https:\/\/talkpal.ai\/wp-content\/uploads\/2024\/08\/Arabic.jpg\" alt=\"Arabic Flag\">\r\n                    <div>\r\n                        <h4>\u018fr\u0259b qrammatikas\u0131 m\u0259\u015fqi<\/h4>\r\n                        <p>\u018fr\u0259b dilinin qrammatikas\u0131 il\u0259 m\u0259\u015f\u011ful.<\/p>\r\n                    <\/div>\r\n                <\/div>\r\n            <\/div>\r\n        <\/a>\r\n\r\n        \r\n        <a href=\"https:\/\/talkpal.ai\/vocabulary_language\/arabic\/\">\r\n            <div class=\"learnNavigationWrapper\">\r\n                <div class=\"learnNavigationContent\">\r\n                    <img decoding=\"async\" src=\"https:\/\/talkpal.ai\/wp-content\/uploads\/2024\/08\/Arabic.jpg\" alt=\"Arabic Flag\">\r\n                    <div>\r\n                        <h4>\u018fr\u0259b l\u00fc\u011f\u0259ti<\/h4>\r\n                        <p>\u018fr\u0259b dili l\u00fc\u011f\u0259tinizi geni\u015fl\u0259ndirin.<\/p>\r\n                    <\/div>\r\n                <\/div>\r\n            <\/div>\r\n        <\/a>\r\n\r\n            <\/section>","protected":false},"excerpt":{"rendered":"<p>\u018fr\u0259b dilinin inc\u0259likl\u0259ri: K\u00f6kl\u0259ri v\u0259 g\u00f6z\u0259lliyi il\u0259 s\u0259yah\u0259t \u0130ngilis dilinin qrammatikas\u0131n\u0131 ilk d\u0259f\u0259 n\u0259 vaxt \u00f6yr\u0259nm\u0259y\u0259 ba\u015flad\u0131\u011f\u0131n\u0131 xat\u0131rlay\u0131rsanm\u0131? Sonsuz g\u00f6r\u00fcn\u0259n qaydalar, istisnalar v\u0259 terminl\u0259r ucbat\u0131ndan b\u0259z\u0259n ruhdan d\u00fc\u015f\u00fcrs\u0259n. \u018fg\u0259r \u0259r\u0259b dilini \u00f6yr\u0259nm\u0259yi d\u00fc\u015f\u00fcn\u00fcrs\u00fcn\u00fczs\u0259, \u0259min olun ki, onun da unikal v\u0259 m\u00fcr\u0259kk\u0259b qrammatik sistemi var. Bel\u0259likl\u0259, \u0259r\u0259b qrammatikas\u0131n\u0131n k\u00f6kl\u0259ri v\u0259 g\u00f6z\u0259lliyi il\u0259 q\u0131sa, lakin maarifl\u0259ndirici bir [&hellip;]<\/p>\n","protected":false},"author":1,"featured_media":105822,"parent":0,"menu_order":0,"comment_status":"closed","ping_status":"closed","template":"LearningContentPage.php","meta":{"_acf_changed":false,"footnotes":""},"class_list":["post-127864","page","type-page","status-publish","has-post-thumbnail","hentry"],"acf":[],"yoast_head":"<!-- This site is optimized with the Yoast SEO Premium plugin v27.2 (Yoast SEO v27.2) - https:\/\/yoast.com\/product\/yoast-seo-premium-wordpress\/ -->\n<title>\u018fr\u0259b dilinin qrammatikas\u0131 - Talkpal<\/title>\n<meta name=\"description\" content=\"\u018fr\u0259b qrammatikas\u0131n\u0131n inc\u0259likl\u0259rini ara\u015fd\u0131r\u0131n v\u0259 ingilis qrammatikas\u0131 il\u0259 m\u00fcqayis\u0259d\u0259 onun unikal strukturunu k\u0259\u015ff edin.\" \/>\n<meta name=\"robots\" content=\"index, follow, max-snippet:-1, max-image-preview:large, max-video-preview:-1\" \/>\n<link rel=\"canonical\" href=\"https:\/\/talkpal.ai\/az\/er%c9%99b-dilinin-qrammatikasi\/\" \/>\n<meta property=\"og:locale\" content=\"az_AZ\" \/>\n<meta property=\"og:type\" content=\"article\" \/>\n<meta property=\"og:title\" content=\"\u018fr\u0259b dilinin qrammatikas\u0131\" \/>\n<meta property=\"og:description\" content=\"\u018fr\u0259b dilinin inc\u0259likl\u0259ri: K\u00f6kl\u0259ri v\u0259 g\u00f6z\u0259lliyi il\u0259 s\u0259yah\u0259t \u0130ngilis dilinin qrammatikas\u0131n\u0131 ilk d\u0259f\u0259 n\u0259 vaxt \u00f6yr\u0259nm\u0259y\u0259 ba\u015flad\u0131\u011f\u0131n\u0131 xat\u0131rlay\u0131rsanm\u0131? Sonsuz\" \/>\n<meta property=\"og:url\" content=\"https:\/\/talkpal.ai\/az\/er%c9%99b-dilinin-qrammatikasi\/\" \/>\n<meta property=\"og:site_name\" content=\"Talkpal\" \/>\n<meta property=\"article:publisher\" content=\"https:\/\/www.facebook.com\/profile.php?id=100090733639311\" \/>\n<meta property=\"article:modified_time\" content=\"2025-05-21T11:49:08+00:00\" \/>\n<meta property=\"og:image\" content=\"https:\/\/talkpal.ai\/wp-content\/uploads\/2023\/04\/arabic-united-arab-emirates.png\" \/>\n\t<meta property=\"og:image:width\" content=\"512\" \/>\n\t<meta property=\"og:image:height\" content=\"512\" \/>\n\t<meta property=\"og:image:type\" content=\"image\/png\" \/>\n<meta name=\"twitter:card\" content=\"summary_large_image\" \/>\n<meta name=\"twitter:site\" content=\"@talkpalai\" \/>\n<meta name=\"twitter:label1\" content=\"Est. reading time\" \/>\n\t<meta name=\"twitter:data1\" content=\"4 minutes\" \/>\n<script type=\"application\/ld+json\" class=\"yoast-schema-graph\">{\"@context\":\"https:\/\/schema.org\",\"@graph\":[{\"@type\":\"WebPage\",\"@id\":\"https:\/\/talkpal.ai\/az\/er%c9%99b-dilinin-qrammatikasi\/\",\"url\":\"https:\/\/talkpal.ai\/az\/er%c9%99b-dilinin-qrammatikasi\/\",\"name\":\"\u018fr\u0259b dilinin qrammatikas\u0131 - Talkpal\",\"isPartOf\":{\"@id\":\"https:\/\/talkpal.ai\/az\/#website\"},\"primaryImageOfPage\":{\"@id\":\"https:\/\/talkpal.ai\/az\/er%c9%99b-dilinin-qrammatikasi\/#primaryimage\"},\"image\":{\"@id\":\"https:\/\/talkpal.ai\/az\/er%c9%99b-dilinin-qrammatikasi\/#primaryimage\"},\"thumbnailUrl\":\"https:\/\/talkpal.ai\/wp-content\/uploads\/2023\/04\/arabic-united-arab-emirates.png\",\"datePublished\":\"2023-05-14T13:43:38+00:00\",\"dateModified\":\"2025-05-21T11:49:08+00:00\",\"description\":\"\u018fr\u0259b qrammatikas\u0131n\u0131n inc\u0259likl\u0259rini ara\u015fd\u0131r\u0131n v\u0259 ingilis qrammatikas\u0131 il\u0259 m\u00fcqayis\u0259d\u0259 onun unikal strukturunu k\u0259\u015ff edin.\",\"breadcrumb\":{\"@id\":\"https:\/\/talkpal.ai\/az\/er%c9%99b-dilinin-qrammatikasi\/#breadcrumb\"},\"inLanguage\":\"az\",\"potentialAction\":[{\"@type\":\"ReadAction\",\"target\":[\"https:\/\/talkpal.ai\/az\/er%c9%99b-dilinin-qrammatikasi\/\"]}]},{\"@type\":\"ImageObject\",\"inLanguage\":\"az\",\"@id\":\"https:\/\/talkpal.ai\/az\/er%c9%99b-dilinin-qrammatikasi\/#primaryimage\",\"url\":\"https:\/\/talkpal.ai\/wp-content\/uploads\/2023\/04\/arabic-united-arab-emirates.png\",\"contentUrl\":\"https:\/\/talkpal.ai\/wp-content\/uploads\/2023\/04\/arabic-united-arab-emirates.png\",\"width\":512,\"height\":512},{\"@type\":\"BreadcrumbList\",\"@id\":\"https:\/\/talkpal.ai\/az\/er%c9%99b-dilinin-qrammatikasi\/#breadcrumb\",\"itemListElement\":[{\"@type\":\"ListItem\",\"position\":1,\"name\":\"Homepage\",\"item\":\"https:\/\/talkpal.ai\/az\/\"},{\"@type\":\"ListItem\",\"position\":2,\"name\":\"\u018fr\u0259b dilinin qrammatikas\u0131\"}]},{\"@type\":\"WebSite\",\"@id\":\"https:\/\/talkpal.ai\/az\/#website\",\"url\":\"https:\/\/talkpal.ai\/az\/\",\"name\":\"Talkpal\",\"description\":\"AI Language Learning\",\"publisher\":{\"@id\":\"https:\/\/talkpal.ai\/az\/#organization\"},\"alternateName\":\"Talkpal AI\",\"potentialAction\":[{\"@type\":\"SearchAction\",\"target\":{\"@type\":\"EntryPoint\",\"urlTemplate\":\"https:\/\/talkpal.ai\/az\/?s={search_term_string}\"},\"query-input\":{\"@type\":\"PropertyValueSpecification\",\"valueRequired\":true,\"valueName\":\"search_term_string\"}}],\"inLanguage\":\"az\"},{\"@type\":\"Organization\",\"@id\":\"https:\/\/talkpal.ai\/az\/#organization\",\"name\":\"Talkpal, Inc.\",\"alternateName\":\"Talkpal AI\",\"url\":\"https:\/\/talkpal.ai\/az\/\",\"logo\":{\"@type\":\"ImageObject\",\"inLanguage\":\"az\",\"@id\":\"https:\/\/talkpal.ai\/az\/#\/schema\/logo\/image\/\",\"url\":\"https:\/\/talkpal.ai\/wp-content\/uploads\/2024\/03\/Talkpal-Logo-Icon.png\",\"contentUrl\":\"https:\/\/talkpal.ai\/wp-content\/uploads\/2024\/03\/Talkpal-Logo-Icon.png\",\"width\":2880,\"height\":2880,\"caption\":\"Talkpal, Inc.\"},\"image\":{\"@id\":\"https:\/\/talkpal.ai\/az\/#\/schema\/logo\/image\/\"},\"sameAs\":[\"https:\/\/www.facebook.com\/profile.php?id=100090733639311\",\"https:\/\/x.com\/talkpalai\",\"https:\/\/www.linkedin.com\/company\/talkpal\/\",\"https:\/\/www.youtube.com\/@TalkPal\/\",\"https:\/\/www.tiktok.com\/@talkpal\",\"https:\/\/www.instagram.com\/talkpal_ai\/\",\"https:\/\/www.crunchbase.com\/organization\/talkpal-9cde\",\"https:\/\/www.g2.com\/products\/talkpal-for-business\/\",\"https:\/\/www.trustpilot.com\/review\/talkpal.ai\",\"https:\/\/www.capterra.com\/p\/10006800\/TalkPal\/\"],\"description\":\"Talkpal is a language learning web and mobile education app, powered by the latest AI technologies, that provides engaging experiences to its customers in many different languages to help them improve their language skills. Users can chat about unlimited amount of topics with the app and use other modes to practice their language learning.\",\"email\":\"support@talkpal.ai\",\"legalName\":\"Talkpal, Inc.\",\"foundingDate\":\"2023-04-03\",\"duns\":\"118989042\",\"numberOfEmployees\":{\"@type\":\"QuantitativeValue\",\"minValue\":\"11\",\"maxValue\":\"50\"},\"publishingPrinciples\":\"https:\/\/talkpal.ai\/publishing-principles\/\",\"actionableFeedbackPolicy\":\"https:\/\/talkpal.ai\/actionable-feedback-policy\/\",\"correctionsPolicy\":\"https:\/\/talkpal.ai\/corrections-policy\/\",\"ethicsPolicy\":\"https:\/\/talkpal.ai\/ethics-policy\/\",\"diversityPolicy\":\"https:\/\/talkpal.ai\/diversity-policy\/\",\"diversityStaffingReport\":\"https:\/\/talkpal.ai\/diversity-policy\/\"}]}<\/script>\n<!-- \/ Yoast SEO Premium plugin. -->","yoast_head_json":{"title":"\u018fr\u0259b dilinin qrammatikas\u0131 - Talkpal","description":"\u018fr\u0259b qrammatikas\u0131n\u0131n inc\u0259likl\u0259rini ara\u015fd\u0131r\u0131n v\u0259 ingilis qrammatikas\u0131 il\u0259 m\u00fcqayis\u0259d\u0259 onun unikal strukturunu k\u0259\u015ff edin.","robots":{"index":"index","follow":"follow","max-snippet":"max-snippet:-1","max-image-preview":"max-image-preview:large","max-video-preview":"max-video-preview:-1"},"canonical":"https:\/\/talkpal.ai\/az\/er%c9%99b-dilinin-qrammatikasi\/","og_locale":"az_AZ","og_type":"article","og_title":"\u018fr\u0259b dilinin qrammatikas\u0131","og_description":"\u018fr\u0259b dilinin inc\u0259likl\u0259ri: K\u00f6kl\u0259ri v\u0259 g\u00f6z\u0259lliyi il\u0259 s\u0259yah\u0259t \u0130ngilis dilinin qrammatikas\u0131n\u0131 ilk d\u0259f\u0259 n\u0259 vaxt \u00f6yr\u0259nm\u0259y\u0259 ba\u015flad\u0131\u011f\u0131n\u0131 xat\u0131rlay\u0131rsanm\u0131? Sonsuz","og_url":"https:\/\/talkpal.ai\/az\/er%c9%99b-dilinin-qrammatikasi\/","og_site_name":"Talkpal","article_publisher":"https:\/\/www.facebook.com\/profile.php?id=100090733639311","article_modified_time":"2025-05-21T11:49:08+00:00","og_image":[{"width":512,"height":512,"url":"https:\/\/talkpal.ai\/wp-content\/uploads\/2023\/04\/arabic-united-arab-emirates.png","type":"image\/png"}],"twitter_card":"summary_large_image","twitter_site":"@talkpalai","twitter_misc":{"Est. reading time":"4 minutes"},"schema":{"@context":"https:\/\/schema.org","@graph":[{"@type":"WebPage","@id":"https:\/\/talkpal.ai\/az\/er%c9%99b-dilinin-qrammatikasi\/","url":"https:\/\/talkpal.ai\/az\/er%c9%99b-dilinin-qrammatikasi\/","name":"\u018fr\u0259b dilinin qrammatikas\u0131 - Talkpal","isPartOf":{"@id":"https:\/\/talkpal.ai\/az\/#website"},"primaryImageOfPage":{"@id":"https:\/\/talkpal.ai\/az\/er%c9%99b-dilinin-qrammatikasi\/#primaryimage"},"image":{"@id":"https:\/\/talkpal.ai\/az\/er%c9%99b-dilinin-qrammatikasi\/#primaryimage"},"thumbnailUrl":"https:\/\/talkpal.ai\/wp-content\/uploads\/2023\/04\/arabic-united-arab-emirates.png","datePublished":"2023-05-14T13:43:38+00:00","dateModified":"2025-05-21T11:49:08+00:00","description":"\u018fr\u0259b qrammatikas\u0131n\u0131n inc\u0259likl\u0259rini ara\u015fd\u0131r\u0131n v\u0259 ingilis qrammatikas\u0131 il\u0259 m\u00fcqayis\u0259d\u0259 onun unikal strukturunu k\u0259\u015ff edin.","breadcrumb":{"@id":"https:\/\/talkpal.ai\/az\/er%c9%99b-dilinin-qrammatikasi\/#breadcrumb"},"inLanguage":"az","potentialAction":[{"@type":"ReadAction","target":["https:\/\/talkpal.ai\/az\/er%c9%99b-dilinin-qrammatikasi\/"]}]},{"@type":"ImageObject","inLanguage":"az","@id":"https:\/\/talkpal.ai\/az\/er%c9%99b-dilinin-qrammatikasi\/#primaryimage","url":"https:\/\/talkpal.ai\/wp-content\/uploads\/2023\/04\/arabic-united-arab-emirates.png","contentUrl":"https:\/\/talkpal.ai\/wp-content\/uploads\/2023\/04\/arabic-united-arab-emirates.png","width":512,"height":512},{"@type":"BreadcrumbList","@id":"https:\/\/talkpal.ai\/az\/er%c9%99b-dilinin-qrammatikasi\/#breadcrumb","itemListElement":[{"@type":"ListItem","position":1,"name":"Homepage","item":"https:\/\/talkpal.ai\/az\/"},{"@type":"ListItem","position":2,"name":"\u018fr\u0259b dilinin qrammatikas\u0131"}]},{"@type":"WebSite","@id":"https:\/\/talkpal.ai\/az\/#website","url":"https:\/\/talkpal.ai\/az\/","name":"Talkpal","description":"AI Language Learning","publisher":{"@id":"https:\/\/talkpal.ai\/az\/#organization"},"alternateName":"Talkpal AI","potentialAction":[{"@type":"SearchAction","target":{"@type":"EntryPoint","urlTemplate":"https:\/\/talkpal.ai\/az\/?s={search_term_string}"},"query-input":{"@type":"PropertyValueSpecification","valueRequired":true,"valueName":"search_term_string"}}],"inLanguage":"az"},{"@type":"Organization","@id":"https:\/\/talkpal.ai\/az\/#organization","name":"Talkpal, Inc.","alternateName":"Talkpal AI","url":"https:\/\/talkpal.ai\/az\/","logo":{"@type":"ImageObject","inLanguage":"az","@id":"https:\/\/talkpal.ai\/az\/#\/schema\/logo\/image\/","url":"https:\/\/talkpal.ai\/wp-content\/uploads\/2024\/03\/Talkpal-Logo-Icon.png","contentUrl":"https:\/\/talkpal.ai\/wp-content\/uploads\/2024\/03\/Talkpal-Logo-Icon.png","width":2880,"height":2880,"caption":"Talkpal, Inc."},"image":{"@id":"https:\/\/talkpal.ai\/az\/#\/schema\/logo\/image\/"},"sameAs":["https:\/\/www.facebook.com\/profile.php?id=100090733639311","https:\/\/x.com\/talkpalai","https:\/\/www.linkedin.com\/company\/talkpal\/","https:\/\/www.youtube.com\/@TalkPal\/","https:\/\/www.tiktok.com\/@talkpal","https:\/\/www.instagram.com\/talkpal_ai\/","https:\/\/www.crunchbase.com\/organization\/talkpal-9cde","https:\/\/www.g2.com\/products\/talkpal-for-business\/","https:\/\/www.trustpilot.com\/review\/talkpal.ai","https:\/\/www.capterra.com\/p\/10006800\/TalkPal\/"],"description":"Talkpal is a language learning web and mobile education app, powered by the latest AI technologies, that provides engaging experiences to its customers in many different languages to help them improve their language skills. Users can chat about unlimited amount of topics with the app and use other modes to practice their language learning.","email":"support@talkpal.ai","legalName":"Talkpal, Inc.","foundingDate":"2023-04-03","duns":"118989042","numberOfEmployees":{"@type":"QuantitativeValue","minValue":"11","maxValue":"50"},"publishingPrinciples":"https:\/\/talkpal.ai\/publishing-principles\/","actionableFeedbackPolicy":"https:\/\/talkpal.ai\/actionable-feedback-policy\/","correctionsPolicy":"https:\/\/talkpal.ai\/corrections-policy\/","ethicsPolicy":"https:\/\/talkpal.ai\/ethics-policy\/","diversityPolicy":"https:\/\/talkpal.ai\/diversity-policy\/","diversityStaffingReport":"https:\/\/talkpal.ai\/diversity-policy\/"}]}},"_links":{"self":[{"href":"https:\/\/talkpal.ai\/az\/wp-json\/wp\/v2\/pages\/127864","targetHints":{"allow":["GET"]}}],"collection":[{"href":"https:\/\/talkpal.ai\/az\/wp-json\/wp\/v2\/pages"}],"about":[{"href":"https:\/\/talkpal.ai\/az\/wp-json\/wp\/v2\/types\/page"}],"author":[{"embeddable":true,"href":"https:\/\/talkpal.ai\/az\/wp-json\/wp\/v2\/users\/1"}],"replies":[{"embeddable":true,"href":"https:\/\/talkpal.ai\/az\/wp-json\/wp\/v2\/comments?post=127864"}],"version-history":[{"count":0,"href":"https:\/\/talkpal.ai\/az\/wp-json\/wp\/v2\/pages\/127864\/revisions"}],"wp:featuredmedia":[{"embeddable":true,"href":"https:\/\/talkpal.ai\/az\/wp-json\/wp\/v2\/media\/105822"}],"wp:attachment":[{"href":"https:\/\/talkpal.ai\/az\/wp-json\/wp\/v2\/media?parent=127864"}],"curies":[{"name":"wp","href":"https:\/\/api.w.org\/{rel}","templated":true}]}}