{"id":126765,"date":"2023-03-26T12:27:22","date_gmt":"2023-03-26T12:27:22","guid":{"rendered":"http:\/\/talkpal.ai\/italyan-qrammatikasi\/"},"modified":"2025-05-22T18:42:35","modified_gmt":"2025-05-22T18:42:35","slug":"italyan-qrammatikasi","status":"publish","type":"page","link":"https:\/\/talkpal.ai\/az\/italyan-qrammatikasi\/","title":{"rendered":"\u0130talyan qrammatikas\u0131"},"content":{"rendered":"\r\n\r\n\r\n<section class=\"languageChallengeSection\">\r\n    <div class=\"languageInfoWrapper\">\r\n        \r\n        <h1>\u0130talyan qrammatikas\u0131<\/h1>\r\n        <p>\u0130talyan dilinin \u0259sas qrammatik qaydalar\u0131n\u0131 \u00f6yr\u0259nm\u0259kl\u0259 onun \u0259saslar\u0131n\u0131 k\u0259\u015ff edin. \u0130talyan qrammatikas\u0131n\u0131 m\u0259nims\u0259m\u0259k, \u00f6z\u00fcn\u00fcz\u00fc inamla ifad\u0259 etm\u0259y\u0259 v\u0259 \u0130taliyan\u0131n <a href=\"https:\/\/talkpal.ai\/conversation-with-ai\/\">z\u0259ngin<\/a> m\u0259d\u0259niyy\u0259ti il\u0259 daha d\u0259rind\u0259n \u0259laq\u0259 saxlama\u011fa k\u00f6m\u0259k ed\u0259c\u0259k. Bu g\u00fcn \u0130talyan qrammatikas\u0131n\u0131 \u00f6yr\u0259nm\u0259y\u0259 ba\u015flay\u0131n v\u0259 s\u0259lis dan\u0131\u015fma\u011fa do\u011fru ilk add\u0131m\u0131n\u0131z\u0131 at\u0131n!<\/p>\r\n\r\n                            <a class=\"getStartedHidden\" href=\"https:\/\/app.talkpal.ai\/signup?lng=\">Ba\u015fla<\/a>\r\n        \r\n    <\/div>\r\n\r\n    <figure>\r\n    <img decoding=\"async\" width=\"768\" height=\"768\" src=\"https:\/\/talkpal.ai\/wp-content\/uploads\/2023\/06\/italian-768x768.png\" class=\"languageImage no-lazy\" alt=\"Language learning for increased memory capacity\" fetchpriority=\"high\" sizes=\"(max-width: 768px) 150px, 768px\" srcset=\"https:\/\/talkpal.ai\/wp-content\/uploads\/2023\/06\/italian-768x768.png 768w, https:\/\/talkpal.ai\/wp-content\/uploads\/2023\/06\/italian-300x300.png 300w\" \/>\r\n    \r\n\r\n    <\/figure>\r\n\r\n            <a class=\"getStartedVisible\" href=\"https:\/\/app.talkpal.ai\/signup?lng=\">Ba\u015fla<\/a>\r\n    \r\n<\/section>\r\n<section class=\"promotionalBanner\">\r\n    <p class=\"promotionalText\">Dil \u00f6yr\u0259nm\u0259yin \u0259n t\u0259sirli yolu<\/p>\r\n    <a class=\"promotionalLink\" href=\"https:\/\/app.talkpal.ai\/signup?lng=\">Talkpal pulsuz s\u0131nay\u0131n<\/a>\r\n<\/section>\n<div class=\"wp-block-group pageContainerStyle\"><div class=\"wp-block-group__inner-container is-layout-constrained wp-block-group-is-layout-constrained\">\n<h2 class=\"wp-block-heading\" id=\"h-mastering-the-art-of-italian-grammar-your-ultimate-guide\">\u0130talyan qrammatikas\u0131 s\u0259n\u0259tin\u0259 yiy\u0259l\u0259nm\u0259k: \u0259n yax\u015f\u0131 b\u0259l\u0259d\u00e7iniz<\/h2>\n\n\n\n<p>Ciao, dil h\u0259v\u0259skarlar\u0131! \u0130talyan qrammatikas\u0131 d\u00fcnyas\u0131na ba\u015f \u0259ym\u0259y\u0259 haz\u0131rs\u0131n\u0131z? Siz d\u00fczg\u00fcn yer\u0259 g\u0259ldiniz. Asan h\u0259zm olunan v\u0259 dan\u0131\u015f\u0131q tonuna malik olan m\u0259lumatlarla dolu olan bu m\u0259qal\u0259 italyan dilinin qrammatikas\u0131n\u0131n f\u00fcsunkar (v\u0259 b\u0259z\u0259n \u00e7\u0259tin) d\u00fcnyas\u0131nda siz\u0259 yol g\u00f6st\u0259r\u0259c\u0259k ki, siz \u0259minlikl\u0259 c\u00fcml\u0259l\u0259r qura v\u0259 do\u011fma dan\u0131\u015fanlarla m\u0259nal\u0131 s\u00f6hb\u0259tl\u0259r ed\u0259 bil\u0259siniz. Bel\u0259likl\u0259, ba\u011flay\u0131n v\u0259 ba\u015flayaq!<\/p>\n\n\n\n<h3 class=\"wp-block-heading\" id=\"h-but-first-why-italian-grammar\">Ancaq \u0259vv\u0259lc\u0259, niy\u0259 italyan qrammatikas\u0131?<\/h3>\n\n\n\n<p>\u018fg\u0259r italyan dilini \u00f6yr\u0259nirsinizs\u0259, s\u0259lis dan\u0131\u015fmaq, oxumaq v\u0259 yazmaq \u00fc\u00e7\u00fcn qrammatikada g\u00fccl\u00fc t\u0259m\u0259l \u00e7ox vacibdir. \u0130talyan qrammatikas\u0131 ilk bax\u0131\u015fda m\u00fcr\u0259kk\u0259b g\u00f6r\u00fcn\u0259 bil\u0259r, lakin onu daha ki\u00e7ik, daha idar\u0259 olunan par\u00e7alara b\u00f6ld\u00fckd\u0259n sonra nisb\u0259t\u0259n sad\u0259dir. Bel\u0259likl\u0259, \u0130talyan qrammatikas\u0131n\u0131 m\u0259nims\u0259m\u0259y\u0259 do\u011fru s\u0259yah\u0259tiniz\u0259 ba\u015flayaq!<\/p>\n\n\n\n<h3 class=\"wp-block-heading\" id=\"h-1-nouns-articles-and-gender\">1. \u0130siml\u0259r, artikll\u0259r v\u0259 cins<\/h3>\n\n\n\n<p>\u0130talyan isiml\u0259ri iki cinsd\u0259 olur: ki\u015fi v\u0259 qad\u0131n. \u0130smin cinsinin \u0259h\u0259miyy\u0259tsiz oldu\u011fu ingilis dilind\u0259n f\u0259rqli olaraq, italyan dili d\u00fczg\u00fcn c\u00fcml\u0259 qurmaq \u00fc\u00e7\u00fcn d\u00fczg\u00fcn cinsi t\u0259l\u0259b edir. \u201cTavolo\u201d (masa) v\u0259 ya \u201ccasa\u201d (ev) kimi isiml\u0259rin cinsini t\u0259xmin ed\u0259 bil\u0259rsinizmi? \u018fg\u0259r siz \u201ctavolo\u201d \u00fc\u00e7\u00fcn ki\u015fi cinsini, \u201ccasa\u201d \u00fc\u00e7\u00fcn qad\u0131n\u0131 t\u0259xmin edirsinizs\u0259, bravo!<\/p>\n\n\n\n<p>\u0130talyan dilind\u0259 isiml\u0259r ad\u0259t\u0259n ki\u015fi cinsi \u00fc\u00e7\u00fcn \u201c-o\u201d v\u0259 qad\u0131n \u00fc\u00e7\u00fcn \u201c-a\u201d il\u0259 bitir. \u0130stisnalar var &#8211; b\u0259zi s\u00f6zl\u0259r &#8220;-e&#8221; il\u0259 bitir v\u0259 ya cins ola bil\u0259r &#8211; amma h\u0259l\u0259lik bu \u0259sas prinsipi yadda saxlayaq.<\/p>\n\n\n\n<p>\u0130ndi is\u0259 m\u0259qal\u0259l\u0259rd\u0259n dan\u0131\u015faq. \u0130ngilis dilind\u0259 oldu\u011fu kimi, biz\u0259 isiml\u0259rd\u0259n \u0259vv\u0259l artikl laz\u0131md\u0131r. \u0130talyan dilind\u0259 m\u00fc\u0259yy\u0259n (il, lo, la, i, gli, le) v\u0259 qeyri-m\u00fc\u0259yy\u0259n artikll\u0259r (un, uno, una) var.<\/p>\n\n\n\n<p>Bel\u0259likl\u0259, hans\u0131 t\u0259yin artikli istifad\u0259 ed\u0259c\u0259yimizi nec\u0259 se\u00e7\u0259 bil\u0259rik?<\/p>\n\n\n\n<p>\u2013 samitl\u0259 ba\u015flayan ki\u015fi isiml\u0259ri \u00fc\u00e7\u00fcn \u201cil\u201d v\u0259 \u201ci\u201d, m\u0259s\u0259l\u0259n, il libro (kitab), i libri (kitablar)<br\/>\u2013 \u201cs\u201d il\u0259 ba\u015flayan ki\u015fi isiml\u0259ri \u00fc\u00e7\u00fcn \u201clo\u201d v\u0259 \u201cgli\u201d samit, sait (\u201cu\u201d istisna olmaqla) v\u0259 ya \u201cz\u201d il\u0259 ba\u015flay\u0131r, m\u0259s\u0259l\u0259n, lo studente (t\u0259l\u0259b\u0259), gli studenti (the) t\u0259l\u0259b\u0259l\u0259r)<br\/>\u2013 qad\u0131n isiml\u0259ri \u00fc\u00e7\u00fcn \u201cla\u201d v\u0259 \u201cle\u201d, m\u0259s\u0259l\u0259n, la casa (ev), le case (evl\u0259r)<\/p>\n\n\n\n<h3 class=\"wp-block-heading\" id=\"h-2-adjectives-and-agreement\">2. Sif\u0259tl\u0259r v\u0259 raz\u0131la\u015fma<\/h3>\n\n\n\n<p>\u0130talyan dilind\u0259 sif\u0259tl\u0259r cinsiyy\u0259t v\u0259 say bax\u0131m\u0131ndan d\u0259yi\u015fdirdikl\u0259ri isiml\u0259 uy\u011fun olmal\u0131d\u0131r. M\u0259s\u0259l\u0259n, l\u0259zz\u0259tli pizzan\u0131 t\u0259svir etm\u0259k \u00fc\u00e7\u00fcn &#8220;delizioso&#8221; deyil, &#8220;una pizza deliziosa&#8221; dey\u0259rdiniz. Unutmay\u0131n ki, sif\u0259t ad\u0259t\u0259n italyan dilind\u0259 isimd\u0259n sonra g\u0259lir.<\/p>\n\n\n\n<h3 class=\"wp-block-heading\" id=\"h-3-verbs-tense-and-conjugation\">3. Feil, zaman v\u0259 ba\u011flama<\/h3>\n\n\n\n<p>\u0130talyan fell\u0259ri qrammatikan\u0131n \u0259sas hiss\u0259sidir. \u00dc\u00e7 fel kateqoriyas\u0131 (-are, -ere v\u0259 -ire) v\u0259 tonlarla nizams\u0131z fel var, ona g\u00f6r\u0259 d\u0259 i\u015fimizi bizim \u00fc\u00e7\u00fcn k\u0259sdik! Siz\u0259 q\u0131sa m\u0259lumat verm\u0259k \u00fc\u00e7\u00fcn adi fell\u0259rin indiki zaman\u0131n\u0131 \u0259hat\u0259 ed\u0259k.<\/p>\n\n\n\n<p>\u2013 \u201c-are\u201d fell\u0259ri: m\u0259s\u0259l\u0259n, parlare (dan\u0131\u015fmaq): io parlo, tu parli, lui\/lei parla, noi parliamo, voi parlate, loro parlano<br\/>\u2013 \u201c-ere\u201d fell\u0259ri: m\u0259s\u0259l\u0259n, leggere (oxumaq): io leggo, tu leggi, lui\/lei legge, noi leggiamo, voi leggete, loro leggono<br\/>\u2013 \u201c-ire\u201d fell\u0259ri: m\u0259s\u0259l\u0259n, finire (bitirm\u0259k): io finisco, tu finisci, lui\/lei finisce, noi finiamo, voi sonite, loro finiscono<\/p>\n\n\n\n<p>N\u0259z\u0259r\u0259 al\u0131n ki, bu, aysberqin yaln\u0131z g\u00f6r\u00fcn\u0259n hiss\u0259sidir! \u00d6yr\u0259nm\u0259k \u00fc\u00e7\u00fcn <a href=\"https:\/\/talkpal.ai\/az\/oyr%c9%99nm%c9%99k\/\">bir \u00e7ox<\/a> ba\u015fqa zamanlar v\u0259 nizams\u0131z fell\u0259r var, lakin h\u0259r s\u0259yah\u0259t bir add\u0131mla ba\u015flay\u0131r.<\/p>\n\n\n\n<h3 class=\"wp-block-heading\" id=\"h-4-prepositions-pronouns-and-more\">4. \u00d6n s\u00f6zl\u0259r, \u0259v\u0259zlikl\u0259r v\u0259 daha \u00e7ox!<\/h3>\n\n\n\n<p>\u0130talyan qrammatikas\u0131nda \u00f6n s\u00f6zl\u0259r (di, a, da, in, su v\u0259 s.), \u0259v\u0259zlikl\u0259r (io, tu, lui\/lei v\u0259 s.), refleksiv fell\u0259r v\u0259 idiomatik ifad\u0259l\u0259r kimi bir \u00e7ox ba\u015fqa komponentl\u0259r var. H\u0259r bir komponent ax\u0131c\u0131l\u0131\u011f\u0131n\u0131z\u0131 a\u00e7maq \u00fc\u00e7\u00fcn a\u00e7ard\u0131r, ona g\u00f6r\u0259 d\u0259 h\u0259r d\u0259f\u0259 bir add\u0131m at\u0131n.<\/p>\n\n\n\n<p>N\u0259tic\u0259 olaraq, \u0130talyan qrammatikas\u0131n\u0131 m\u0259nims\u0259m\u0259k \u00fc\u00e7\u00fcn q\u0131sa yol yoxdur. Bunun \u00fc\u00e7\u00fcn \u0259zm, t\u0259cr\u00fcb\u0259 v\u0259 s\u0259bir laz\u0131md\u0131r. Ancaq bunu \u00f6yr\u0259ndikd\u0259n sonra italyan dilind\u0259 s\u00f6hb\u0259t etm\u0259yin, z\u0259ngin m\u0259d\u0259niyy\u0259t v\u0259 tarixi k\u0259\u015ff etm\u0259yin v\u0259 dil\u0259 olan qiym\u0259tinizi d\u0259rinl\u0259\u015fdirm\u0259yin g\u00f6z\u0259lliyini hiss ed\u0259 bil\u0259c\u0259ksiniz. Xo\u015fb\u0259xtlik!<\/p>\n<\/div><\/div>\n\r\n<section class=\"learnNavigationSection\">\r\n            \r\n        <a href=\"https:\/\/talkpal.ai\/az\/italyanca-oyr%c9%99nin\/\">\r\n            <div class=\"learnNavigationWrapper\">\r\n                <div class=\"learnNavigationContent\">\r\n                    <img decoding=\"async\" src=\"https:\/\/talkpal.ai\/wp-content\/uploads\/2024\/08\/Italian.jpg\" alt=\"Italian Flag\">\r\n                    <div>\r\n                        <h4>\u0130talyanca \u00f6yr\u0259nm\u0259 haqq\u0131nda<\/h4>\r\n                        <p>\u0130talyan dilinin qrammatikas\u0131 haqq\u0131nda h\u0259r \u015feyi \u00f6yr\u0259nin.<\/p>\r\n                    <\/div>\r\n                <\/div>\r\n            <\/div>\r\n        <\/a>\r\n\r\n        \r\n        <a href=\"https:\/\/talkpal.ai\/az\/italyan-dilinin-qrammatikasi-m%c9%99sg%c9%99l%c9%99l%c9%99ri\/\">\r\n            <div class=\"learnNavigationWrapper\">\r\n                <div class=\"learnNavigationContent\">\r\n                    <img decoding=\"async\" src=\"https:\/\/talkpal.ai\/wp-content\/uploads\/2024\/08\/Italian.jpg\" alt=\"Italian Flag\">\r\n                    <div>\r\n                        <h4>\u0130talyan qrammatikas\u0131 m\u0259\u015fqi<\/h4>\r\n                        <p>\u0130talyan dilinin qrammatikas\u0131 il\u0259 m\u0259\u015f\u011ful.<\/p>\r\n                    <\/div>\r\n                <\/div>\r\n            <\/div>\r\n        <\/a>\r\n\r\n        \r\n        <a href=\"https:\/\/talkpal.ai\/vocabulary_language\/italian\/\">\r\n            <div class=\"learnNavigationWrapper\">\r\n                <div class=\"learnNavigationContent\">\r\n                    <img decoding=\"async\" src=\"https:\/\/talkpal.ai\/wp-content\/uploads\/2024\/08\/Italian.jpg\" alt=\"Italian Flag\">\r\n                    <div>\r\n                        <h4>\u0130talyan l\u00fc\u011f\u0259ti<\/h4>\r\n                        <p>\u0130talyanca l\u00fc\u011f\u0259tinizi geni\u015fl\u0259ndirin.<\/p>\r\n                    <\/div>\r\n                <\/div>\r\n            <\/div>\r\n        <\/a>\r\n\r\n            <\/section>","protected":false},"excerpt":{"rendered":"<p>\u0130talyan qrammatikas\u0131 s\u0259n\u0259tin\u0259 yiy\u0259l\u0259nm\u0259k: \u0259n yax\u015f\u0131 b\u0259l\u0259d\u00e7iniz Ciao, dil h\u0259v\u0259skarlar\u0131! \u0130talyan qrammatikas\u0131 d\u00fcnyas\u0131na ba\u015f \u0259ym\u0259y\u0259 haz\u0131rs\u0131n\u0131z? Siz d\u00fczg\u00fcn yer\u0259 g\u0259ldiniz. Asan h\u0259zm olunan v\u0259 dan\u0131\u015f\u0131q tonuna malik olan m\u0259lumatlarla dolu olan bu m\u0259qal\u0259 italyan dilinin qrammatikas\u0131n\u0131n f\u00fcsunkar (v\u0259 b\u0259z\u0259n \u00e7\u0259tin) d\u00fcnyas\u0131nda siz\u0259 yol g\u00f6st\u0259r\u0259c\u0259k ki, siz \u0259minlikl\u0259 c\u00fcml\u0259l\u0259r qura v\u0259 do\u011fma dan\u0131\u015fanlarla m\u0259nal\u0131 s\u00f6hb\u0259tl\u0259r ed\u0259 [&hellip;]<\/p>\n","protected":false},"author":1,"featured_media":76146,"parent":0,"menu_order":0,"comment_status":"closed","ping_status":"closed","template":"LearningContentPage.php","meta":{"_acf_changed":false,"footnotes":""},"class_list":["post-126765","page","type-page","status-publish","has-post-thumbnail","hentry"],"acf":[],"yoast_head":"<!-- This site is optimized with the Yoast SEO Premium plugin v27.2 (Yoast SEO v27.2) - https:\/\/yoast.com\/product\/yoast-seo-premium-wordpress\/ -->\n<title>\u0130talyan qrammatikas\u0131 - Talkpal<\/title>\n<meta name=\"description\" content=\"\u0130talyan dilinin qrammatikas\u0131n\u0131 asanl\u0131qla \u00f6yr\u0259nin - Talkpal AI-nin sad\u0259 t\u0259limatlar\u0131 il\u0259 ayd\u0131n m\u0259\u015fq edin, qaydalar\u0131 anlay\u0131n v\u0259 daha yax\u015f\u0131 dan\u0131\u015f\u0131n.\" \/>\n<meta name=\"robots\" content=\"index, follow, max-snippet:-1, max-image-preview:large, max-video-preview:-1\" \/>\n<link rel=\"canonical\" href=\"https:\/\/talkpal.ai\/az\/italyan-qrammatikasi\/\" \/>\n<meta property=\"og:locale\" content=\"az_AZ\" \/>\n<meta property=\"og:type\" content=\"article\" \/>\n<meta property=\"og:title\" content=\"\u0130talyan qrammatikas\u0131\" \/>\n<meta property=\"og:description\" content=\"\u0130talyan qrammatikas\u0131 s\u0259n\u0259tin\u0259 yiy\u0259l\u0259nm\u0259k: \u0259n yax\u015f\u0131 b\u0259l\u0259d\u00e7iniz Ciao, dil h\u0259v\u0259skarlar\u0131! \u0130talyan qrammatikas\u0131 d\u00fcnyas\u0131na ba\u015f \u0259ym\u0259y\u0259 haz\u0131rs\u0131n\u0131z? Siz d\u00fczg\u00fcn\" \/>\n<meta property=\"og:url\" content=\"https:\/\/talkpal.ai\/az\/italyan-qrammatikasi\/\" \/>\n<meta property=\"og:site_name\" content=\"Talkpal\" \/>\n<meta property=\"article:publisher\" content=\"https:\/\/www.facebook.com\/profile.php?id=100090733639311\" \/>\n<meta property=\"article:modified_time\" content=\"2025-05-22T18:42:35+00:00\" \/>\n<meta property=\"og:image\" content=\"https:\/\/talkpal.ai\/wp-content\/uploads\/2023\/03\/italy.png\" \/>\n\t<meta property=\"og:image:width\" content=\"512\" \/>\n\t<meta property=\"og:image:height\" content=\"512\" \/>\n\t<meta property=\"og:image:type\" content=\"image\/png\" \/>\n<meta name=\"twitter:card\" content=\"summary_large_image\" \/>\n<meta name=\"twitter:site\" content=\"@talkpalai\" \/>\n<meta name=\"twitter:label1\" content=\"Est. reading time\" \/>\n\t<meta name=\"twitter:data1\" content=\"4 minutes\" \/>\n<script type=\"application\/ld+json\" class=\"yoast-schema-graph\">{\"@context\":\"https:\/\/schema.org\",\"@graph\":[{\"@type\":\"WebPage\",\"@id\":\"https:\/\/talkpal.ai\/az\/italyan-qrammatikasi\/\",\"url\":\"https:\/\/talkpal.ai\/az\/italyan-qrammatikasi\/\",\"name\":\"\u0130talyan qrammatikas\u0131 - Talkpal\",\"isPartOf\":{\"@id\":\"https:\/\/talkpal.ai\/az\/#website\"},\"primaryImageOfPage\":{\"@id\":\"https:\/\/talkpal.ai\/az\/italyan-qrammatikasi\/#primaryimage\"},\"image\":{\"@id\":\"https:\/\/talkpal.ai\/az\/italyan-qrammatikasi\/#primaryimage\"},\"thumbnailUrl\":\"https:\/\/talkpal.ai\/wp-content\/uploads\/2023\/03\/italy.png\",\"datePublished\":\"2023-03-26T12:27:22+00:00\",\"dateModified\":\"2025-05-22T18:42:35+00:00\",\"description\":\"\u0130talyan dilinin qrammatikas\u0131n\u0131 asanl\u0131qla \u00f6yr\u0259nin - Talkpal AI-nin sad\u0259 t\u0259limatlar\u0131 il\u0259 ayd\u0131n m\u0259\u015fq edin, qaydalar\u0131 anlay\u0131n v\u0259 daha yax\u015f\u0131 dan\u0131\u015f\u0131n.\",\"breadcrumb\":{\"@id\":\"https:\/\/talkpal.ai\/az\/italyan-qrammatikasi\/#breadcrumb\"},\"inLanguage\":\"az\",\"potentialAction\":[{\"@type\":\"ReadAction\",\"target\":[\"https:\/\/talkpal.ai\/az\/italyan-qrammatikasi\/\"]}]},{\"@type\":\"ImageObject\",\"inLanguage\":\"az\",\"@id\":\"https:\/\/talkpal.ai\/az\/italyan-qrammatikasi\/#primaryimage\",\"url\":\"https:\/\/talkpal.ai\/wp-content\/uploads\/2023\/03\/italy.png\",\"contentUrl\":\"https:\/\/talkpal.ai\/wp-content\/uploads\/2023\/03\/italy.png\",\"width\":512,\"height\":512,\"caption\":\"TalkPal AI learn Italian\"},{\"@type\":\"BreadcrumbList\",\"@id\":\"https:\/\/talkpal.ai\/az\/italyan-qrammatikasi\/#breadcrumb\",\"itemListElement\":[{\"@type\":\"ListItem\",\"position\":1,\"name\":\"Homepage\",\"item\":\"https:\/\/talkpal.ai\/az\/\"},{\"@type\":\"ListItem\",\"position\":2,\"name\":\"\u0130talyan qrammatikas\u0131\"}]},{\"@type\":\"WebSite\",\"@id\":\"https:\/\/talkpal.ai\/az\/#website\",\"url\":\"https:\/\/talkpal.ai\/az\/\",\"name\":\"Talkpal\",\"description\":\"AI Language Learning\",\"publisher\":{\"@id\":\"https:\/\/talkpal.ai\/az\/#organization\"},\"alternateName\":\"Talkpal AI\",\"potentialAction\":[{\"@type\":\"SearchAction\",\"target\":{\"@type\":\"EntryPoint\",\"urlTemplate\":\"https:\/\/talkpal.ai\/az\/?s={search_term_string}\"},\"query-input\":{\"@type\":\"PropertyValueSpecification\",\"valueRequired\":true,\"valueName\":\"search_term_string\"}}],\"inLanguage\":\"az\"},{\"@type\":\"Organization\",\"@id\":\"https:\/\/talkpal.ai\/az\/#organization\",\"name\":\"Talkpal, Inc.\",\"alternateName\":\"Talkpal AI\",\"url\":\"https:\/\/talkpal.ai\/az\/\",\"logo\":{\"@type\":\"ImageObject\",\"inLanguage\":\"az\",\"@id\":\"https:\/\/talkpal.ai\/az\/#\/schema\/logo\/image\/\",\"url\":\"https:\/\/talkpal.ai\/wp-content\/uploads\/2024\/03\/Talkpal-Logo-Icon.png\",\"contentUrl\":\"https:\/\/talkpal.ai\/wp-content\/uploads\/2024\/03\/Talkpal-Logo-Icon.png\",\"width\":2880,\"height\":2880,\"caption\":\"Talkpal, Inc.\"},\"image\":{\"@id\":\"https:\/\/talkpal.ai\/az\/#\/schema\/logo\/image\/\"},\"sameAs\":[\"https:\/\/www.facebook.com\/profile.php?id=100090733639311\",\"https:\/\/x.com\/talkpalai\",\"https:\/\/www.linkedin.com\/company\/talkpal\/\",\"https:\/\/www.youtube.com\/@TalkPal\/\",\"https:\/\/www.tiktok.com\/@talkpal\",\"https:\/\/www.instagram.com\/talkpal_ai\/\",\"https:\/\/www.crunchbase.com\/organization\/talkpal-9cde\",\"https:\/\/www.g2.com\/products\/talkpal-for-business\/\",\"https:\/\/www.trustpilot.com\/review\/talkpal.ai\",\"https:\/\/www.capterra.com\/p\/10006800\/TalkPal\/\"],\"description\":\"Talkpal is a language learning web and mobile education app, powered by the latest AI technologies, that provides engaging experiences to its customers in many different languages to help them improve their language skills. Users can chat about unlimited amount of topics with the app and use other modes to practice their language learning.\",\"email\":\"support@talkpal.ai\",\"legalName\":\"Talkpal, Inc.\",\"foundingDate\":\"2023-04-03\",\"duns\":\"118989042\",\"numberOfEmployees\":{\"@type\":\"QuantitativeValue\",\"minValue\":\"11\",\"maxValue\":\"50\"},\"publishingPrinciples\":\"https:\/\/talkpal.ai\/publishing-principles\/\",\"actionableFeedbackPolicy\":\"https:\/\/talkpal.ai\/actionable-feedback-policy\/\",\"correctionsPolicy\":\"https:\/\/talkpal.ai\/corrections-policy\/\",\"ethicsPolicy\":\"https:\/\/talkpal.ai\/ethics-policy\/\",\"diversityPolicy\":\"https:\/\/talkpal.ai\/diversity-policy\/\",\"diversityStaffingReport\":\"https:\/\/talkpal.ai\/diversity-policy\/\"}]}<\/script>\n<!-- \/ Yoast SEO Premium plugin. -->","yoast_head_json":{"title":"\u0130talyan qrammatikas\u0131 - Talkpal","description":"\u0130talyan dilinin qrammatikas\u0131n\u0131 asanl\u0131qla \u00f6yr\u0259nin - Talkpal AI-nin sad\u0259 t\u0259limatlar\u0131 il\u0259 ayd\u0131n m\u0259\u015fq edin, qaydalar\u0131 anlay\u0131n v\u0259 daha yax\u015f\u0131 dan\u0131\u015f\u0131n.","robots":{"index":"index","follow":"follow","max-snippet":"max-snippet:-1","max-image-preview":"max-image-preview:large","max-video-preview":"max-video-preview:-1"},"canonical":"https:\/\/talkpal.ai\/az\/italyan-qrammatikasi\/","og_locale":"az_AZ","og_type":"article","og_title":"\u0130talyan qrammatikas\u0131","og_description":"\u0130talyan qrammatikas\u0131 s\u0259n\u0259tin\u0259 yiy\u0259l\u0259nm\u0259k: \u0259n yax\u015f\u0131 b\u0259l\u0259d\u00e7iniz Ciao, dil h\u0259v\u0259skarlar\u0131! \u0130talyan qrammatikas\u0131 d\u00fcnyas\u0131na ba\u015f \u0259ym\u0259y\u0259 haz\u0131rs\u0131n\u0131z? Siz d\u00fczg\u00fcn","og_url":"https:\/\/talkpal.ai\/az\/italyan-qrammatikasi\/","og_site_name":"Talkpal","article_publisher":"https:\/\/www.facebook.com\/profile.php?id=100090733639311","article_modified_time":"2025-05-22T18:42:35+00:00","og_image":[{"width":512,"height":512,"url":"https:\/\/talkpal.ai\/wp-content\/uploads\/2023\/03\/italy.png","type":"image\/png"}],"twitter_card":"summary_large_image","twitter_site":"@talkpalai","twitter_misc":{"Est. reading time":"4 minutes"},"schema":{"@context":"https:\/\/schema.org","@graph":[{"@type":"WebPage","@id":"https:\/\/talkpal.ai\/az\/italyan-qrammatikasi\/","url":"https:\/\/talkpal.ai\/az\/italyan-qrammatikasi\/","name":"\u0130talyan qrammatikas\u0131 - Talkpal","isPartOf":{"@id":"https:\/\/talkpal.ai\/az\/#website"},"primaryImageOfPage":{"@id":"https:\/\/talkpal.ai\/az\/italyan-qrammatikasi\/#primaryimage"},"image":{"@id":"https:\/\/talkpal.ai\/az\/italyan-qrammatikasi\/#primaryimage"},"thumbnailUrl":"https:\/\/talkpal.ai\/wp-content\/uploads\/2023\/03\/italy.png","datePublished":"2023-03-26T12:27:22+00:00","dateModified":"2025-05-22T18:42:35+00:00","description":"\u0130talyan dilinin qrammatikas\u0131n\u0131 asanl\u0131qla \u00f6yr\u0259nin - Talkpal AI-nin sad\u0259 t\u0259limatlar\u0131 il\u0259 ayd\u0131n m\u0259\u015fq edin, qaydalar\u0131 anlay\u0131n v\u0259 daha yax\u015f\u0131 dan\u0131\u015f\u0131n.","breadcrumb":{"@id":"https:\/\/talkpal.ai\/az\/italyan-qrammatikasi\/#breadcrumb"},"inLanguage":"az","potentialAction":[{"@type":"ReadAction","target":["https:\/\/talkpal.ai\/az\/italyan-qrammatikasi\/"]}]},{"@type":"ImageObject","inLanguage":"az","@id":"https:\/\/talkpal.ai\/az\/italyan-qrammatikasi\/#primaryimage","url":"https:\/\/talkpal.ai\/wp-content\/uploads\/2023\/03\/italy.png","contentUrl":"https:\/\/talkpal.ai\/wp-content\/uploads\/2023\/03\/italy.png","width":512,"height":512,"caption":"TalkPal AI learn Italian"},{"@type":"BreadcrumbList","@id":"https:\/\/talkpal.ai\/az\/italyan-qrammatikasi\/#breadcrumb","itemListElement":[{"@type":"ListItem","position":1,"name":"Homepage","item":"https:\/\/talkpal.ai\/az\/"},{"@type":"ListItem","position":2,"name":"\u0130talyan qrammatikas\u0131"}]},{"@type":"WebSite","@id":"https:\/\/talkpal.ai\/az\/#website","url":"https:\/\/talkpal.ai\/az\/","name":"Talkpal","description":"AI Language Learning","publisher":{"@id":"https:\/\/talkpal.ai\/az\/#organization"},"alternateName":"Talkpal AI","potentialAction":[{"@type":"SearchAction","target":{"@type":"EntryPoint","urlTemplate":"https:\/\/talkpal.ai\/az\/?s={search_term_string}"},"query-input":{"@type":"PropertyValueSpecification","valueRequired":true,"valueName":"search_term_string"}}],"inLanguage":"az"},{"@type":"Organization","@id":"https:\/\/talkpal.ai\/az\/#organization","name":"Talkpal, Inc.","alternateName":"Talkpal AI","url":"https:\/\/talkpal.ai\/az\/","logo":{"@type":"ImageObject","inLanguage":"az","@id":"https:\/\/talkpal.ai\/az\/#\/schema\/logo\/image\/","url":"https:\/\/talkpal.ai\/wp-content\/uploads\/2024\/03\/Talkpal-Logo-Icon.png","contentUrl":"https:\/\/talkpal.ai\/wp-content\/uploads\/2024\/03\/Talkpal-Logo-Icon.png","width":2880,"height":2880,"caption":"Talkpal, Inc."},"image":{"@id":"https:\/\/talkpal.ai\/az\/#\/schema\/logo\/image\/"},"sameAs":["https:\/\/www.facebook.com\/profile.php?id=100090733639311","https:\/\/x.com\/talkpalai","https:\/\/www.linkedin.com\/company\/talkpal\/","https:\/\/www.youtube.com\/@TalkPal\/","https:\/\/www.tiktok.com\/@talkpal","https:\/\/www.instagram.com\/talkpal_ai\/","https:\/\/www.crunchbase.com\/organization\/talkpal-9cde","https:\/\/www.g2.com\/products\/talkpal-for-business\/","https:\/\/www.trustpilot.com\/review\/talkpal.ai","https:\/\/www.capterra.com\/p\/10006800\/TalkPal\/"],"description":"Talkpal is a language learning web and mobile education app, powered by the latest AI technologies, that provides engaging experiences to its customers in many different languages to help them improve their language skills. Users can chat about unlimited amount of topics with the app and use other modes to practice their language learning.","email":"support@talkpal.ai","legalName":"Talkpal, Inc.","foundingDate":"2023-04-03","duns":"118989042","numberOfEmployees":{"@type":"QuantitativeValue","minValue":"11","maxValue":"50"},"publishingPrinciples":"https:\/\/talkpal.ai\/publishing-principles\/","actionableFeedbackPolicy":"https:\/\/talkpal.ai\/actionable-feedback-policy\/","correctionsPolicy":"https:\/\/talkpal.ai\/corrections-policy\/","ethicsPolicy":"https:\/\/talkpal.ai\/ethics-policy\/","diversityPolicy":"https:\/\/talkpal.ai\/diversity-policy\/","diversityStaffingReport":"https:\/\/talkpal.ai\/diversity-policy\/"}]}},"_links":{"self":[{"href":"https:\/\/talkpal.ai\/az\/wp-json\/wp\/v2\/pages\/126765","targetHints":{"allow":["GET"]}}],"collection":[{"href":"https:\/\/talkpal.ai\/az\/wp-json\/wp\/v2\/pages"}],"about":[{"href":"https:\/\/talkpal.ai\/az\/wp-json\/wp\/v2\/types\/page"}],"author":[{"embeddable":true,"href":"https:\/\/talkpal.ai\/az\/wp-json\/wp\/v2\/users\/1"}],"replies":[{"embeddable":true,"href":"https:\/\/talkpal.ai\/az\/wp-json\/wp\/v2\/comments?post=126765"}],"version-history":[{"count":0,"href":"https:\/\/talkpal.ai\/az\/wp-json\/wp\/v2\/pages\/126765\/revisions"}],"wp:featuredmedia":[{"embeddable":true,"href":"https:\/\/talkpal.ai\/az\/wp-json\/wp\/v2\/media\/76146"}],"wp:attachment":[{"href":"https:\/\/talkpal.ai\/az\/wp-json\/wp\/v2\/media?parent=126765"}],"curies":[{"name":"wp","href":"https:\/\/api.w.org\/{rel}","templated":true}]}}