{"id":124455,"date":"2023-03-26T11:55:54","date_gmt":"2023-03-26T11:55:54","guid":{"rendered":"http:\/\/talkpal.ai\/ispan-qrammatikasi\/"},"modified":"2025-05-22T18:51:46","modified_gmt":"2025-05-22T18:51:46","slug":"ispan-qrammatikasi","status":"publish","type":"page","link":"https:\/\/talkpal.ai\/az\/ispan-qrammatikasi\/","title":{"rendered":"\u0130span qrammatikas\u0131"},"content":{"rendered":"\r\n\r\n\r\n<section class=\"languageChallengeSection\">\r\n    <div class=\"languageInfoWrapper\">\r\n        \r\n        <h1>\u0130span qrammatikas\u0131<\/h1>\r\n        <p>\u0130span dilinin \u0259sas qrammatik qaydalar\u0131n\u0131 m\u0259nims\u0259y\u0259r\u0259k canl\u0131 d\u00fcnyas\u0131na dal\u0131n. \u0130span dilinin qrammatikas\u0131n\u0131 ba\u015fa d\u00fc\u015fm\u0259k siz\u0259 inamla \u00fcnsiyy\u0259t qurma\u011fa v\u0259 d\u00fcnyada milyonlarla natiql\u0259 yeni \u0259laq\u0259l\u0259r yaratma\u011fa k\u00f6m\u0259k ed\u0259c\u0259k. Bu g\u00fcn \u0130span qrammatikas\u0131n\u0131 \u00f6yr\u0259nm\u0259y\u0259 ba\u015flay\u0131n v\u0259 r\u0259vanl\u0131\u011fa do\u011fru ilk add\u0131m\u0131n\u0131z\u0131 at\u0131n!<\/p>\r\n\r\n                            <a class=\"getStartedHidden\" href=\"https:\/\/app.talkpal.ai\/signup?lng=\">Ba\u015fla<\/a>\r\n        \r\n    <\/div>\r\n\r\n    <figure>\r\n    <img decoding=\"async\" width=\"768\" height=\"768\" src=\"https:\/\/talkpal.ai\/wp-content\/uploads\/2023\/06\/Spanish-768x768.png\" class=\"languageImage no-lazy\" alt=\"Practical application of language learning\" fetchpriority=\"high\" sizes=\"(max-width: 768px) 150px, 768px\" srcset=\"https:\/\/talkpal.ai\/wp-content\/uploads\/2023\/06\/Spanish-768x768.png 768w, https:\/\/talkpal.ai\/wp-content\/uploads\/2023\/06\/Spanish-300x300.png 300w\" \/>\r\n    \r\n\r\n    <\/figure>\r\n\r\n            <a class=\"getStartedVisible\" href=\"https:\/\/app.talkpal.ai\/signup?lng=\">Ba\u015fla<\/a>\r\n    \r\n<\/section>\r\n<section class=\"promotionalBanner\">\r\n    <p class=\"promotionalText\"><\/p>\r\n    <a class=\"promotionalLink\" href=\"https:\/\/app.talkpal.ai\/signup?lng=\"><\/a>\r\n<\/section>\n<div class=\"wp-block-group pageContainerStyle\"><div class=\"wp-block-group__inner-container is-layout-constrained wp-block-group-is-layout-constrained\">\n<h2 class=\"wp-block-heading\" id=\"h-a-quick-guide-to-learning-spanish-grammar\">\u0130span dilinin qrammatikas\u0131n\u0131 \u00f6yr\u0259nm\u0259k \u00fc\u00e7\u00fcn s\u00fcr\u0259tli b\u0259l\u0259d\u00e7i<\/h2>\n\n\n\n<p>\u018fg\u0259r n\u0259 vaxtsa yeni bir dil \u00f6yr\u0259nm\u0259k bar\u0259d\u0259 d\u00fc\u015f\u00fcnm\u00fcs\u00fcn\u00fczs\u0259, ispan dilinin a\u011fl\u0131n\u0131zdan ke\u00e7m\u0259 ehtimal\u0131 y\u00fcks\u0259kdir. B\u00fct\u00fcn d\u00fcnyada \u0259n \u00e7ox dan\u0131\u015f\u0131lan dill\u0259rd\u0259n biri kimi ispan dili \u015f\u0259xsi v\u0259 pe\u015f\u0259kar inki\u015faf \u00fc\u00e7\u00fcn \u00e7oxsayl\u0131 faydalar t\u0259klif edir. \u0130span dilini \u00f6yr\u0259nm\u0259k siz\u0259 n\u0259inki yeni m\u0259d\u0259niyy\u0259tl\u0259r\u0259 \u00e7\u0131x\u0131\u015f imkan\u0131 ver\u0259c\u0259k, h\u0259m d\u0259 \u00fcnsiyy\u0259t bacar\u0131qlar\u0131n\u0131z\u0131 art\u0131racaq. Bir \u00e7ox insanlar qrammatik qaydalara qar\u0131\u015fmaqdan qorxsalar da, siz rahat n\u0259f\u0259s ala bil\u0259rsiniz, \u00e7\u00fcnki ispan dilinin qrammatikas\u0131 nisb\u0259t\u0259n sad\u0259dir. Bu yaz\u0131da biz siz\u0259 \u0130span qrammatikas\u0131n\u0131n maraql\u0131 d\u00fcnyas\u0131nda pe\u015f\u0259kar kimi naviqasiya etm\u0259yiniz\u0259 k\u00f6m\u0259k ed\u0259c\u0259k q\u0131sa b\u0259l\u0259d\u00e7i t\u0259qdim ed\u0259c\u0259yik!<\/p>\n\n\n\n<h3 class=\"wp-block-heading\" id=\"h-1-understanding-spanish-nouns-and-articles\">1. \u0130span nounlar\u0131 v\u0259 m\u0259qal\u0259l\u0259ri anlamaq<\/h3>\n\n\n\n<p>\u0130span nounlar\u0131, ingilis dilind\u0259 oldu\u011fu kimi, insanlar\u0131, m\u0259kanlar\u0131, obyektl\u0259ri, fikirl\u0259ri v\u0259 hissl\u0259ri m\u00fc\u0259yy\u0259n etm\u0259k \u00fc\u00e7\u00fcn istifad\u0259 olunur. \u0130span nounlar\u0131 haqq\u0131nda yadda qalan ilk qayda cins\u0259 sahib olmalar\u0131d\u0131r. \u0130span nounlar\u0131 ya ki\u015fi, ya da qad\u0131n ad\u0131d\u0131r. M\u0259s\u0259l\u0259n, &#8216;libro&#8217; (kitab) ki\u015fi, &#8216;casa&#8217; (ev) is\u0259 qad\u0131nd\u0131r. \u00c7ox vaxt &#8220;o&#8221; il\u0259 bit\u0259n isiml\u0259r ki\u015fi cinsidir, &#8220;a&#8221; il\u0259 bit\u0259nl\u0259r is\u0259 qad\u0131nd\u0131r.<\/p>\n\n\n\n<p>\u0130span m\u0259qal\u0259l\u0259ri ingilisc\u0259 &#8216;the&#8217;, &#8216;a&#8217; v\u0259 ya &#8216;an&#8217; il\u0259 ox\u015fard\u0131r. Onlar t\u0259svir etdikl\u0259ri noun cinsin\u0259 v\u0259 say\u0131na g\u00f6r\u0259 raz\u0131la\u015fmal\u0131 olduqlar\u0131 \u00fc\u00e7\u00fcn dilin h\u0259lledici hiss\u0259sidir. \u0130span dilind\u0259 m\u0259qal\u0259l\u0259rin 4 n\u00f6v\u00fc var:<\/p>\n\n\n\n<p><strong>\u2013 M\u00fc\u0259yy\u0259n artikll\u0259r:<\/strong> el (ki\u015fi t\u0259ki), la (qad\u0131n t\u0259ki), los (ki\u015fi c\u0259mi) v\u0259 las (qad\u0131n cinsi).<br\/><strong>\u2013 Qeyri-m\u00fc\u0259yy\u0259n artikll\u0259r:<\/strong> un (a\/erk\u0259k t\u0259k), una (a\/qad\u0131n t\u0259k), unos (b\u0259zi ki\u015fi c\u0259m) v\u0259 unas (b\u0259zi qad\u0131n c\u0259m).<\/p>\n\n\n\n<h3 class=\"wp-block-heading\" id=\"h-2-slaying-spanish-verbs-conjugation-and-tenses\">2. \u0130spancaN\u0131 \u00f6ld\u00fcrm\u0259k Verbs: Conjugation and Tenses<\/h3>\n\n\n\n<p>\u0130span dilinin qrammatikas\u0131n\u0131 \u00f6yr\u0259nm\u0259yin \u0259n vacib istiqam\u0259tl\u0259rind\u0259n biri feli konjuqasiyan\u0131 ba\u015fa d\u00fc\u015fm\u0259kdir. Konjuqasiya, sad\u0259c\u0259 olaraq, felin k\u00f6k formas\u0131n\u0131 m\u00f6vzu v\u0259 zamana uy\u011funla\u015fd\u0131rmaq \u00fc\u00e7\u00fcn d\u0259yi\u015fdirm\u0259k dem\u0259kdir. M\u0259s\u0259l\u0259n, ispan dilind\u0259 &#8216;Yo como&#8217; (m\u0259n yeyir\u0259m) v\u0259 &#8216;\u00e9l come&#8217; (o yeyir) deyirsiniz. Qeyd ed\u0259k ki, m\u00f6vzunu d\u0259yi\u015fdikd\u0259 komas (to eat) feli \u00f6z formas\u0131n\u0131 d\u0259yi\u015fir.<\/p>\n\n\n\n<p><strong>\u0130span dilind\u0259 b\u0259zi adi m\u00fcnt\u0259z\u0259m feill\u0259r a\u015fa\u011f\u0131dak\u0131lard\u0131r:<\/strong><\/p>\n\n\n\n<p>\u2013 AR fell\u0259ri: hablar (dan\u0131\u015fmaq), amar (sevm\u0259k) v\u0259 bailar (r\u0259qs etm\u0259k).<br\/>\u2013 ER fell\u0259ri: g\u0259l\u0259n (yem\u0259k), aprender (\u00f6yr\u0259nm\u0259k) v\u0259 vender (satmaq).<br\/>\u2013 IR fell\u0259ri: vivir (ya\u015famaq), escribir (yazmaq) v\u0259 descubrir (k\u0259\u015ff etm\u0259k).<\/p>\n\n\n\n<p>\u0130ngilis dilind\u0259 oldu\u011fu kimi, ispan dilind\u0259 d\u0259 h\u0259r\u0259k\u0259tin ba\u015f verdiyi vaxt\u0131 n\u0259z\u0259rd\u0259 tutur. \u018fn \u0259saslar\u0131 a\u015fa\u011f\u0131dak\u0131lard\u0131r:<\/p>\n\n\n\n<p><strong>&#8211; \u0130ndiki<\/strong><br\/><strong>&#8211; Preterite<\/strong><br\/><strong>&#8211; Q\u00fcsursuz<\/strong><br\/><strong>&#8211; G\u0259l\u0259c\u0259k<\/strong><br\/><strong>&#8211; \u015e\u0259rti<\/strong><br\/><strong>\u2013 \u0130ndiki Subjunktiv<\/strong><br\/><strong>\u2013 Q\u00fcsursuz Subjunktiv<\/strong><\/p>\n\n\n\n<p>B\u00fct\u00fcn fel zamanlar\u0131n\u0131 bir anda \u00f6yr\u0259nm\u0259y\u0259 diqq\u0259t yetirm\u0259yin. Onlar\u0131 bir-bir h\u0259ll edin v\u0259 onlardan istifad\u0259 etm\u0259k rahat olana q\u0259d\u0259r m\u0259\u015fq edin.<\/p>\n\n\n\n<h3 class=\"wp-block-heading\" id=\"h-3-creating-sentences-with-spanish-adjectives-and-adverbs\">3. \u0130span Adjectives v\u0259 Adverbs il\u0259 c\u00fcml\u0259l\u0259r yaratmaq<\/h3>\n\n\n\n<p>Adjektivl\u0259r v\u0259 adverbl\u0259r ispan dilind\u0259 olan c\u00fcml\u0259l\u0259rini t\u0259rtib etm\u0259k \u00fc\u00e7\u00fcn \u00e7ox vacib rol oynay\u0131r. Adjectives isiml\u0259rin keyfiyy\u0259tl\u0259rini v\u0259 ya x\u00fcsusiyy\u0259tl\u0259rini, adverbl\u0259rd\u0259 is\u0259 h\u0259r\u0259k\u0259tl\u0259ri v\u0259 ya feill\u0259ri t\u0259svir edir. \u0130span dilind\u0259 adjectives h\u0259m cinsd\u0259, h\u0259m d\u0259 sayda t\u0259svir etdikl\u0259ri noun il\u0259 raz\u0131la\u015fmal\u0131d\u0131r.<\/p>\n\n\n\n<p>\u0130span v\u0259 ingilis dill\u0259rinin \u0259sas f\u0259rql\u0259rind\u0259n biri adjective order-dir. \u0130span sif\u0259tl\u0259ri ad\u0259t\u0259n isimd\u0259n sonra g\u0259lir, m\u0259s\u0259l\u0259n, &#8216;un coche rojo&#8217; (q\u0131rm\u0131z\u0131 avtomobil).<\/p>\n\n\n\n<p>\u0130spanlar\u0131n d\u00fc\u015fm\u0259nl\u0259ri is\u0259 he\u00e7 vaxt cins v\u0259 saya g\u00f6r\u0259 d\u0259yi\u015fmirl\u0259r. \u0130ngilis dilind\u0259 oldu\u011fu kimi, z\u0259rfl\u0259r ad\u0259t\u0259n d\u0259yi\u015fdirdikl\u0259ri feld\u0259n sonra g\u0259lir, m\u0259s\u0259l\u0259n, &#8216;Ella habla r\u00e1pidamente&#8217; (O, s\u00fcr\u0259tli dan\u0131\u015f\u0131r).<\/p>\n\n\n\n<h3 class=\"wp-block-heading\" id=\"h-conclusion\">N\u0259tic\u0259<\/h3>\n\n\n\n<p>\u0130span qrammatikas\u0131 sizi qorxutmamal\u0131d\u0131r! D\u00fczd\u00fcr, bu t\u0259cr\u00fcb\u0259 t\u0259l\u0259b edir, lakin bu sad\u0259 qaydalara \u0259m\u0259l etm\u0259kl\u0259 siz m\u00fcst\u0259sna ispan dan\u0131\u015fan\u0131na \u00e7evril\u0259c\u0259ksiniz. Dill\u0259 h\u0259mi\u015f\u0259 \u0259yl\u0259nc\u0259li, s\u00f6hb\u0259tcil t\u0259rzd\u0259 m\u0259\u015f\u011ful olma\u011f\u0131 unutma. \u00c7\u00fcnki isiml\u0259ri, feill\u0259ri, adjectives v\u0259 adverbl\u0259ri ara\u015fd\u0131r\u0131rsan. M\u0259\u015fq etm\u0259y\u0259 davam edin, m\u0259d\u0259niyy\u0259ti m\u0259nims\u0259yin v\u0259 ispan s\u0259yah\u0259tinizin gedi\u015fat\u0131na yol verin. (Ey m\u00fc\u015frikl\u0259r!)<\/p>\n<\/div><\/div>\n\r\n<section class=\"learnNavigationSection\">\r\n            \r\n        <a href=\"https:\/\/talkpal.ai\/az\/ispan-dilini-oyr%c9%99nin\/\">\r\n            <div class=\"learnNavigationWrapper\">\r\n                <div class=\"learnNavigationContent\">\r\n                    <img decoding=\"async\" src=\"https:\/\/talkpal.ai\/wp-content\/uploads\/2024\/08\/Spanish.jpg\" alt=\"Spanish Flag\">\r\n                    <div>\r\n                        <h4>\u0130span \u00d6yr\u0259nilm\u0259si Haqq\u0131nda<\/h4>\r\n                        <p>Spanish grammar haqq\u0131nda h\u0259r \u015feyi \u00f6yr\u0259nin.<\/p>\r\n                    <\/div>\r\n                <\/div>\r\n            <\/div>\r\n        <\/a>\r\n\r\n        \r\n        <a href=\"https:\/\/talkpal.ai\/az\/ispan-dili-qrammatika-m%c9%99sql%c9%99ri\/\">\r\n            <div class=\"learnNavigationWrapper\">\r\n                <div class=\"learnNavigationContent\">\r\n                    <img decoding=\"async\" src=\"https:\/\/talkpal.ai\/wp-content\/uploads\/2024\/08\/Spanish.jpg\" alt=\"Spanish Flag\">\r\n                    <div>\r\n                        <h4>\u0130span Qrammatikas\u0131 M\u0259\u015fqi<\/h4>\r\n                        <p>\u0130span dilinin qrammatika qaydalar\u0131na riay\u0259t etm\u0259k.<\/p>\r\n                    <\/div>\r\n                <\/div>\r\n            <\/div>\r\n        <\/a>\r\n\r\n        \r\n        <a href=\"https:\/\/talkpal.ai\/vocabulary_language\/spanish\/\">\r\n            <div class=\"learnNavigationWrapper\">\r\n                <div class=\"learnNavigationContent\">\r\n                    <img decoding=\"async\" src=\"https:\/\/talkpal.ai\/wp-content\/uploads\/2024\/08\/Spanish.jpg\" alt=\"Spanish Flag\">\r\n                    <div>\r\n                        <h4>\u0130span l\u00fc\u011f\u0259ti<\/h4>\r\n                        <p>\u0130span l\u00fc\u011f\u0259tinizi geni\u015fl\u0259ndirin.<\/p>\r\n                    <\/div>\r\n                <\/div>\r\n            <\/div>\r\n        <\/a>\r\n\r\n            <\/section>","protected":false},"excerpt":{"rendered":"<p>\u0130span dilinin qrammatikas\u0131n\u0131 \u00f6yr\u0259nm\u0259k \u00fc\u00e7\u00fcn s\u00fcr\u0259tli b\u0259l\u0259d\u00e7i \u018fg\u0259r n\u0259 vaxtsa yeni bir dil \u00f6yr\u0259nm\u0259k bar\u0259d\u0259 d\u00fc\u015f\u00fcnm\u00fcs\u00fcn\u00fczs\u0259, ispan dilinin a\u011fl\u0131n\u0131zdan ke\u00e7m\u0259 ehtimal\u0131 y\u00fcks\u0259kdir. B\u00fct\u00fcn d\u00fcnyada \u0259n \u00e7ox dan\u0131\u015f\u0131lan dill\u0259rd\u0259n biri kimi ispan dili \u015f\u0259xsi v\u0259 pe\u015f\u0259kar inki\u015faf \u00fc\u00e7\u00fcn \u00e7oxsayl\u0131 faydalar t\u0259klif edir. \u0130span dilini \u00f6yr\u0259nm\u0259k siz\u0259 n\u0259inki yeni m\u0259d\u0259niyy\u0259tl\u0259r\u0259 \u00e7\u0131x\u0131\u015f imkan\u0131 ver\u0259c\u0259k, h\u0259m d\u0259 \u00fcnsiyy\u0259t bacar\u0131qlar\u0131n\u0131z\u0131 [&hellip;]<\/p>\n","protected":false},"author":1,"featured_media":75304,"parent":0,"menu_order":0,"comment_status":"closed","ping_status":"closed","template":"LearningContentPage.php","meta":{"_acf_changed":false,"footnotes":""},"class_list":["post-124455","page","type-page","status-publish","has-post-thumbnail","hentry"],"acf":[],"yoast_head":"<!-- This site is optimized with the Yoast SEO Premium plugin v27.2 (Yoast SEO v27.2) - https:\/\/yoast.com\/product\/yoast-seo-premium-wordpress\/ -->\n<title>\u0130span qrammatikas\u0131 - Talkpal<\/title>\n<meta name=\"description\" content=\"B\u00fct\u00fcn bilik s\u0259viyy\u0259l\u0259ri \u00fc\u00e7\u00fcn n\u0259z\u0259rd\u0259 tutulmu\u015f interaktiv m\u0259\u015fql\u0259rl\u0259 \u0130span qrammatikas\u0131 bacar\u0131qlar\u0131n\u0131z\u0131 art\u0131r\u0131n. \u0130span dilini effektiv \u015f\u0259kild\u0259 m\u0259\u015fq edin!\" \/>\n<meta name=\"robots\" content=\"index, follow, max-snippet:-1, max-image-preview:large, max-video-preview:-1\" \/>\n<link rel=\"canonical\" href=\"https:\/\/talkpal.ai\/az\/ispan-qrammatikasi\/\" \/>\n<meta property=\"og:locale\" content=\"az_AZ\" \/>\n<meta property=\"og:type\" content=\"article\" \/>\n<meta property=\"og:title\" content=\"\u0130span qrammatikas\u0131\" \/>\n<meta property=\"og:description\" content=\"\u0130span dilinin qrammatikas\u0131n\u0131 \u00f6yr\u0259nm\u0259k \u00fc\u00e7\u00fcn s\u00fcr\u0259tli b\u0259l\u0259d\u00e7i \u018fg\u0259r n\u0259 vaxtsa yeni bir dil \u00f6yr\u0259nm\u0259k bar\u0259d\u0259 d\u00fc\u015f\u00fcnm\u00fcs\u00fcn\u00fczs\u0259, ispan dilinin a\u011fl\u0131n\u0131zdan ke\u00e7m\u0259\" \/>\n<meta property=\"og:url\" content=\"https:\/\/talkpal.ai\/az\/ispan-qrammatikasi\/\" \/>\n<meta property=\"og:site_name\" content=\"Talkpal\" \/>\n<meta property=\"article:publisher\" content=\"https:\/\/www.facebook.com\/profile.php?id=100090733639311\" \/>\n<meta property=\"article:modified_time\" content=\"2025-05-22T18:51:46+00:00\" \/>\n<meta property=\"og:image\" content=\"https:\/\/talkpal.ai\/wp-content\/uploads\/2023\/03\/spain.png\" \/>\n\t<meta property=\"og:image:width\" content=\"512\" \/>\n\t<meta property=\"og:image:height\" content=\"512\" \/>\n\t<meta property=\"og:image:type\" content=\"image\/png\" \/>\n<meta name=\"twitter:card\" content=\"summary_large_image\" \/>\n<meta name=\"twitter:site\" content=\"@talkpalai\" \/>\n<meta name=\"twitter:label1\" content=\"Est. reading time\" \/>\n\t<meta name=\"twitter:data1\" content=\"4 minutes\" \/>\n<script type=\"application\/ld+json\" class=\"yoast-schema-graph\">{\"@context\":\"https:\/\/schema.org\",\"@graph\":[{\"@type\":\"WebPage\",\"@id\":\"https:\/\/talkpal.ai\/az\/ispan-qrammatikasi\/\",\"url\":\"https:\/\/talkpal.ai\/az\/ispan-qrammatikasi\/\",\"name\":\"\u0130span qrammatikas\u0131 - Talkpal\",\"isPartOf\":{\"@id\":\"https:\/\/talkpal.ai\/az\/#website\"},\"primaryImageOfPage\":{\"@id\":\"https:\/\/talkpal.ai\/az\/ispan-qrammatikasi\/#primaryimage\"},\"image\":{\"@id\":\"https:\/\/talkpal.ai\/az\/ispan-qrammatikasi\/#primaryimage\"},\"thumbnailUrl\":\"https:\/\/talkpal.ai\/wp-content\/uploads\/2023\/03\/spain.png\",\"datePublished\":\"2023-03-26T11:55:54+00:00\",\"dateModified\":\"2025-05-22T18:51:46+00:00\",\"description\":\"B\u00fct\u00fcn bilik s\u0259viyy\u0259l\u0259ri \u00fc\u00e7\u00fcn n\u0259z\u0259rd\u0259 tutulmu\u015f interaktiv m\u0259\u015fql\u0259rl\u0259 \u0130span qrammatikas\u0131 bacar\u0131qlar\u0131n\u0131z\u0131 art\u0131r\u0131n. \u0130span dilini effektiv \u015f\u0259kild\u0259 m\u0259\u015fq edin!\",\"breadcrumb\":{\"@id\":\"https:\/\/talkpal.ai\/az\/ispan-qrammatikasi\/#breadcrumb\"},\"inLanguage\":\"az\",\"potentialAction\":[{\"@type\":\"ReadAction\",\"target\":[\"https:\/\/talkpal.ai\/az\/ispan-qrammatikasi\/\"]}]},{\"@type\":\"ImageObject\",\"inLanguage\":\"az\",\"@id\":\"https:\/\/talkpal.ai\/az\/ispan-qrammatikasi\/#primaryimage\",\"url\":\"https:\/\/talkpal.ai\/wp-content\/uploads\/2023\/03\/spain.png\",\"contentUrl\":\"https:\/\/talkpal.ai\/wp-content\/uploads\/2023\/03\/spain.png\",\"width\":512,\"height\":512,\"caption\":\"TalkPal AI learn Spanish\"},{\"@type\":\"BreadcrumbList\",\"@id\":\"https:\/\/talkpal.ai\/az\/ispan-qrammatikasi\/#breadcrumb\",\"itemListElement\":[{\"@type\":\"ListItem\",\"position\":1,\"name\":\"Homepage\",\"item\":\"https:\/\/talkpal.ai\/az\/\"},{\"@type\":\"ListItem\",\"position\":2,\"name\":\"\u0130span qrammatikas\u0131\"}]},{\"@type\":\"WebSite\",\"@id\":\"https:\/\/talkpal.ai\/az\/#website\",\"url\":\"https:\/\/talkpal.ai\/az\/\",\"name\":\"Talkpal\",\"description\":\"AI Language Learning\",\"publisher\":{\"@id\":\"https:\/\/talkpal.ai\/az\/#organization\"},\"alternateName\":\"Talkpal AI\",\"potentialAction\":[{\"@type\":\"SearchAction\",\"target\":{\"@type\":\"EntryPoint\",\"urlTemplate\":\"https:\/\/talkpal.ai\/az\/?s={search_term_string}\"},\"query-input\":{\"@type\":\"PropertyValueSpecification\",\"valueRequired\":true,\"valueName\":\"search_term_string\"}}],\"inLanguage\":\"az\"},{\"@type\":\"Organization\",\"@id\":\"https:\/\/talkpal.ai\/az\/#organization\",\"name\":\"Talkpal, Inc.\",\"alternateName\":\"Talkpal AI\",\"url\":\"https:\/\/talkpal.ai\/az\/\",\"logo\":{\"@type\":\"ImageObject\",\"inLanguage\":\"az\",\"@id\":\"https:\/\/talkpal.ai\/az\/#\/schema\/logo\/image\/\",\"url\":\"https:\/\/talkpal.ai\/wp-content\/uploads\/2024\/03\/Talkpal-Logo-Icon.png\",\"contentUrl\":\"https:\/\/talkpal.ai\/wp-content\/uploads\/2024\/03\/Talkpal-Logo-Icon.png\",\"width\":2880,\"height\":2880,\"caption\":\"Talkpal, Inc.\"},\"image\":{\"@id\":\"https:\/\/talkpal.ai\/az\/#\/schema\/logo\/image\/\"},\"sameAs\":[\"https:\/\/www.facebook.com\/profile.php?id=100090733639311\",\"https:\/\/x.com\/talkpalai\",\"https:\/\/www.linkedin.com\/company\/talkpal\/\",\"https:\/\/www.youtube.com\/@TalkPal\/\",\"https:\/\/www.tiktok.com\/@talkpal\",\"https:\/\/www.instagram.com\/talkpal_ai\/\",\"https:\/\/www.crunchbase.com\/organization\/talkpal-9cde\",\"https:\/\/www.g2.com\/products\/talkpal-for-business\/\",\"https:\/\/www.trustpilot.com\/review\/talkpal.ai\",\"https:\/\/www.capterra.com\/p\/10006800\/TalkPal\/\"],\"description\":\"Talkpal is a language learning web and mobile education app, powered by the latest AI technologies, that provides engaging experiences to its customers in many different languages to help them improve their language skills. Users can chat about unlimited amount of topics with the app and use other modes to practice their language learning.\",\"email\":\"support@talkpal.ai\",\"legalName\":\"Talkpal, Inc.\",\"foundingDate\":\"2023-04-03\",\"duns\":\"118989042\",\"numberOfEmployees\":{\"@type\":\"QuantitativeValue\",\"minValue\":\"11\",\"maxValue\":\"50\"},\"publishingPrinciples\":\"https:\/\/talkpal.ai\/publishing-principles\/\",\"actionableFeedbackPolicy\":\"https:\/\/talkpal.ai\/actionable-feedback-policy\/\",\"correctionsPolicy\":\"https:\/\/talkpal.ai\/corrections-policy\/\",\"ethicsPolicy\":\"https:\/\/talkpal.ai\/ethics-policy\/\",\"diversityPolicy\":\"https:\/\/talkpal.ai\/diversity-policy\/\",\"diversityStaffingReport\":\"https:\/\/talkpal.ai\/diversity-policy\/\"}]}<\/script>\n<!-- \/ Yoast SEO Premium plugin. -->","yoast_head_json":{"title":"\u0130span qrammatikas\u0131 - Talkpal","description":"B\u00fct\u00fcn bilik s\u0259viyy\u0259l\u0259ri \u00fc\u00e7\u00fcn n\u0259z\u0259rd\u0259 tutulmu\u015f interaktiv m\u0259\u015fql\u0259rl\u0259 \u0130span qrammatikas\u0131 bacar\u0131qlar\u0131n\u0131z\u0131 art\u0131r\u0131n. \u0130span dilini effektiv \u015f\u0259kild\u0259 m\u0259\u015fq edin!","robots":{"index":"index","follow":"follow","max-snippet":"max-snippet:-1","max-image-preview":"max-image-preview:large","max-video-preview":"max-video-preview:-1"},"canonical":"https:\/\/talkpal.ai\/az\/ispan-qrammatikasi\/","og_locale":"az_AZ","og_type":"article","og_title":"\u0130span qrammatikas\u0131","og_description":"\u0130span dilinin qrammatikas\u0131n\u0131 \u00f6yr\u0259nm\u0259k \u00fc\u00e7\u00fcn s\u00fcr\u0259tli b\u0259l\u0259d\u00e7i \u018fg\u0259r n\u0259 vaxtsa yeni bir dil \u00f6yr\u0259nm\u0259k bar\u0259d\u0259 d\u00fc\u015f\u00fcnm\u00fcs\u00fcn\u00fczs\u0259, ispan dilinin a\u011fl\u0131n\u0131zdan ke\u00e7m\u0259","og_url":"https:\/\/talkpal.ai\/az\/ispan-qrammatikasi\/","og_site_name":"Talkpal","article_publisher":"https:\/\/www.facebook.com\/profile.php?id=100090733639311","article_modified_time":"2025-05-22T18:51:46+00:00","og_image":[{"width":512,"height":512,"url":"https:\/\/talkpal.ai\/wp-content\/uploads\/2023\/03\/spain.png","type":"image\/png"}],"twitter_card":"summary_large_image","twitter_site":"@talkpalai","twitter_misc":{"Est. reading time":"4 minutes"},"schema":{"@context":"https:\/\/schema.org","@graph":[{"@type":"WebPage","@id":"https:\/\/talkpal.ai\/az\/ispan-qrammatikasi\/","url":"https:\/\/talkpal.ai\/az\/ispan-qrammatikasi\/","name":"\u0130span qrammatikas\u0131 - Talkpal","isPartOf":{"@id":"https:\/\/talkpal.ai\/az\/#website"},"primaryImageOfPage":{"@id":"https:\/\/talkpal.ai\/az\/ispan-qrammatikasi\/#primaryimage"},"image":{"@id":"https:\/\/talkpal.ai\/az\/ispan-qrammatikasi\/#primaryimage"},"thumbnailUrl":"https:\/\/talkpal.ai\/wp-content\/uploads\/2023\/03\/spain.png","datePublished":"2023-03-26T11:55:54+00:00","dateModified":"2025-05-22T18:51:46+00:00","description":"B\u00fct\u00fcn bilik s\u0259viyy\u0259l\u0259ri \u00fc\u00e7\u00fcn n\u0259z\u0259rd\u0259 tutulmu\u015f interaktiv m\u0259\u015fql\u0259rl\u0259 \u0130span qrammatikas\u0131 bacar\u0131qlar\u0131n\u0131z\u0131 art\u0131r\u0131n. \u0130span dilini effektiv \u015f\u0259kild\u0259 m\u0259\u015fq edin!","breadcrumb":{"@id":"https:\/\/talkpal.ai\/az\/ispan-qrammatikasi\/#breadcrumb"},"inLanguage":"az","potentialAction":[{"@type":"ReadAction","target":["https:\/\/talkpal.ai\/az\/ispan-qrammatikasi\/"]}]},{"@type":"ImageObject","inLanguage":"az","@id":"https:\/\/talkpal.ai\/az\/ispan-qrammatikasi\/#primaryimage","url":"https:\/\/talkpal.ai\/wp-content\/uploads\/2023\/03\/spain.png","contentUrl":"https:\/\/talkpal.ai\/wp-content\/uploads\/2023\/03\/spain.png","width":512,"height":512,"caption":"TalkPal AI learn Spanish"},{"@type":"BreadcrumbList","@id":"https:\/\/talkpal.ai\/az\/ispan-qrammatikasi\/#breadcrumb","itemListElement":[{"@type":"ListItem","position":1,"name":"Homepage","item":"https:\/\/talkpal.ai\/az\/"},{"@type":"ListItem","position":2,"name":"\u0130span qrammatikas\u0131"}]},{"@type":"WebSite","@id":"https:\/\/talkpal.ai\/az\/#website","url":"https:\/\/talkpal.ai\/az\/","name":"Talkpal","description":"AI Language Learning","publisher":{"@id":"https:\/\/talkpal.ai\/az\/#organization"},"alternateName":"Talkpal AI","potentialAction":[{"@type":"SearchAction","target":{"@type":"EntryPoint","urlTemplate":"https:\/\/talkpal.ai\/az\/?s={search_term_string}"},"query-input":{"@type":"PropertyValueSpecification","valueRequired":true,"valueName":"search_term_string"}}],"inLanguage":"az"},{"@type":"Organization","@id":"https:\/\/talkpal.ai\/az\/#organization","name":"Talkpal, Inc.","alternateName":"Talkpal AI","url":"https:\/\/talkpal.ai\/az\/","logo":{"@type":"ImageObject","inLanguage":"az","@id":"https:\/\/talkpal.ai\/az\/#\/schema\/logo\/image\/","url":"https:\/\/talkpal.ai\/wp-content\/uploads\/2024\/03\/Talkpal-Logo-Icon.png","contentUrl":"https:\/\/talkpal.ai\/wp-content\/uploads\/2024\/03\/Talkpal-Logo-Icon.png","width":2880,"height":2880,"caption":"Talkpal, Inc."},"image":{"@id":"https:\/\/talkpal.ai\/az\/#\/schema\/logo\/image\/"},"sameAs":["https:\/\/www.facebook.com\/profile.php?id=100090733639311","https:\/\/x.com\/talkpalai","https:\/\/www.linkedin.com\/company\/talkpal\/","https:\/\/www.youtube.com\/@TalkPal\/","https:\/\/www.tiktok.com\/@talkpal","https:\/\/www.instagram.com\/talkpal_ai\/","https:\/\/www.crunchbase.com\/organization\/talkpal-9cde","https:\/\/www.g2.com\/products\/talkpal-for-business\/","https:\/\/www.trustpilot.com\/review\/talkpal.ai","https:\/\/www.capterra.com\/p\/10006800\/TalkPal\/"],"description":"Talkpal is a language learning web and mobile education app, powered by the latest AI technologies, that provides engaging experiences to its customers in many different languages to help them improve their language skills. Users can chat about unlimited amount of topics with the app and use other modes to practice their language learning.","email":"support@talkpal.ai","legalName":"Talkpal, Inc.","foundingDate":"2023-04-03","duns":"118989042","numberOfEmployees":{"@type":"QuantitativeValue","minValue":"11","maxValue":"50"},"publishingPrinciples":"https:\/\/talkpal.ai\/publishing-principles\/","actionableFeedbackPolicy":"https:\/\/talkpal.ai\/actionable-feedback-policy\/","correctionsPolicy":"https:\/\/talkpal.ai\/corrections-policy\/","ethicsPolicy":"https:\/\/talkpal.ai\/ethics-policy\/","diversityPolicy":"https:\/\/talkpal.ai\/diversity-policy\/","diversityStaffingReport":"https:\/\/talkpal.ai\/diversity-policy\/"}]}},"_links":{"self":[{"href":"https:\/\/talkpal.ai\/az\/wp-json\/wp\/v2\/pages\/124455","targetHints":{"allow":["GET"]}}],"collection":[{"href":"https:\/\/talkpal.ai\/az\/wp-json\/wp\/v2\/pages"}],"about":[{"href":"https:\/\/talkpal.ai\/az\/wp-json\/wp\/v2\/types\/page"}],"author":[{"embeddable":true,"href":"https:\/\/talkpal.ai\/az\/wp-json\/wp\/v2\/users\/1"}],"replies":[{"embeddable":true,"href":"https:\/\/talkpal.ai\/az\/wp-json\/wp\/v2\/comments?post=124455"}],"version-history":[{"count":0,"href":"https:\/\/talkpal.ai\/az\/wp-json\/wp\/v2\/pages\/124455\/revisions"}],"wp:featuredmedia":[{"embeddable":true,"href":"https:\/\/talkpal.ai\/az\/wp-json\/wp\/v2\/media\/75304"}],"wp:attachment":[{"href":"https:\/\/talkpal.ai\/az\/wp-json\/wp\/v2\/media?parent=124455"}],"curies":[{"name":"wp","href":"https:\/\/api.w.org\/{rel}","templated":true}]}}