{"id":124280,"date":"2023-03-26T11:45:19","date_gmt":"2023-03-26T11:45:19","guid":{"rendered":"http:\/\/talkpal.ai\/fransiz-qrammatikasi\/"},"modified":"2025-05-22T18:47:53","modified_gmt":"2025-05-22T18:47:53","slug":"fransiz-qrammatikasi","status":"publish","type":"page","link":"https:\/\/talkpal.ai\/az\/fransiz-qrammatikasi\/","title":{"rendered":"Frans\u0131z qrammatikas\u0131"},"content":{"rendered":"\r\n\r\n\r\n<section class=\"languageChallengeSection\">\r\n    <div class=\"languageInfoWrapper\">\r\n        \r\n        <h1>Frans\u0131z qrammatikas\u0131<\/h1>\r\n        <p>Frans\u0131z dilinin \u0259sas qrammatik qaydalar\u0131n\u0131 m\u0259nims\u0259m\u0259kl\u0259 onun z\u0259rifliyini a\u00e7\u0131n. Frans\u0131z dilinin qrammatikas\u0131n\u0131 yax\u015f\u0131 ba\u015fa d\u00fc\u015fm\u0259k siz\u0259 asanl\u0131qla \u00fcnsiyy\u0259t qurma\u011fa v\u0259 frans\u0131z m\u0259d\u0259niyy\u0259tinin z\u0259nginliyini qiym\u0259tl\u0259ndirm\u0259y\u0259 k\u00f6m\u0259k ed\u0259c\u0259k. Bu g\u00fcn frans\u0131z qrammatikas\u0131n\u0131 \u00f6yr\u0259nm\u0259y\u0259 ba\u015flay\u0131n v\u0259 r\u0259vanl\u0131\u011fa do\u011fru s\u0259yah\u0259tiniz\u0259 ba\u015flay\u0131n!<\/p>\r\n\r\n                            <a class=\"getStartedHidden\" href=\"https:\/\/app.talkpal.ai\/signup?lng=\">Ba\u015fla<\/a>\r\n        \r\n    <\/div>\r\n\r\n    <figure>\r\n    <img decoding=\"async\" width=\"768\" height=\"768\" src=\"https:\/\/talkpal.ai\/wp-content\/uploads\/2023\/06\/french-768x768.png\" class=\"languageImage no-lazy\" alt=\"Language learning strategies for professionals\" fetchpriority=\"high\" sizes=\"(max-width: 768px) 150px, 768px\" srcset=\"https:\/\/talkpal.ai\/wp-content\/uploads\/2023\/06\/french-768x768.png 768w, https:\/\/talkpal.ai\/wp-content\/uploads\/2023\/06\/french-300x300.png 300w\" \/>\r\n    \r\n\r\n    <\/figure>\r\n\r\n            <a class=\"getStartedVisible\" href=\"https:\/\/app.talkpal.ai\/signup?lng=\">Ba\u015fla<\/a>\r\n    \r\n<\/section>\r\n<section class=\"promotionalBanner\">\r\n    <p class=\"promotionalText\"><\/p>\r\n    <a class=\"promotionalLink\" href=\"https:\/\/app.talkpal.ai\/signup?lng=\"><\/a>\r\n<\/section>\n<div class=\"wp-block-group pageContainerStyle\"><div class=\"wp-block-group__inner-container is-layout-constrained wp-block-group-is-layout-constrained\">\n<h2 class=\"wp-block-heading\" id=\"h-a-beginner-s-guide-to-french-grammar\">Frans\u0131z Qrammatikas\u0131 \u00fczr\u0259 Ba\u015flayanlar \u00fc\u00e7\u00fcn B\u0259l\u0259d\u00e7i<\/h2>\n\n\n\n<p><a href=\"https:\/\/talkpal.ai\/az\/fransiz-dilini-oyr%c9%99nin\/\">Frans\u0131z dilini<\/a> <a href=\"https:\/\/talkpal.ai\/az\/oyr%c9%99nm%c9%99k\/\">\u00f6yr\u0259nm\u0259k<\/a> maraql\u0131 v\u0259 sevindirici hadis\u0259 ola bil\u0259r. Lakin frans\u0131z dilinin qrammatikas\u0131na yiy\u0259l\u0259nm\u0259k h\u0259tta ingilis dilini bil\u0259nl\u0259r \u00fc\u00e7\u00fcn d\u0259 \u00e7\u0259tin ola bil\u0259r. Bu yaz\u0131da biz siz\u0259 dil bacar\u0131qlar\u0131n\u0131z\u0131 inki\u015faf etdirm\u0259y\u0259 k\u00f6m\u0259k ed\u0259c\u0259k b\u0259zi \u0259sas <a href=\"https:\/\/talkpal.ai\/french-grammar\/\">frans\u0131z qrammatikas\u0131<\/a> m\u0259sl\u0259h\u0259tl\u0259rini m\u00fczakir\u0259 ed\u0259c\u0259yik. Bu qaydalarla tan\u0131\u015f olmaqla v\u0259 onlar\u0131 m\u00fcnt\u0259z\u0259m olaraq <a href=\"https:\/\/talkpal.ai\/es\/descargar-la-aplicacion-talkpal-para-android-e-ios\/\">t\u0259tbiq<\/a> etm\u0259kl\u0259 siz frans\u0131z dilinin qrammatikas\u0131 \u00fczr\u0259 m\u00fct\u0259x\u0259ssis olmaq yolunda yax\u015f\u0131 yolda olacaqs\u0131n\u0131z.<\/p>\n\n\n\n<h3 class=\"wp-block-heading\" id=\"h-1-the-importance-of-gender-in-french-nouns\">1. Frans\u0131z nounlar\u0131nda cinsin \u0259h\u0259miyy\u0259ti<\/h3>\n\n\n\n<p>Frans\u0131z v\u0259 <a href=\"https:\/\/talkpal.ai\/english-grammar\/\">ingilis dilinin qrammatikas\u0131<\/a> aras\u0131nda \u0259n \u0259h\u0259miyy\u0259tli f\u0259rql\u0259rd\u0259n biri cins anlay\u0131\u015f\u0131d\u0131r. B\u00fct\u00fcn frans\u0131z nounlar\u0131 ya ki\u015fi, ya da femindir ki, bu da onlarla istifad\u0259 olunan m\u0259qal\u0259 v\u0259 adjective-l\u0259r\u0259 t\u0259sir edir. M\u0259s\u0259l\u0259n, \u201cle\u201d v\u0259 \u201cla\u201d m\u00fcvafiq olaraq ki\u015fi v\u0259 qad\u0131n isiml\u0259ri \u00fc\u00e7\u00fcn t\u0259yin artikll\u0259rdir. Yeni bir isiml\u0259 qar\u015f\u0131la\u015fd\u0131\u011f\u0131n\u0131z zaman qrammatik s\u0259hvl\u0259r\u0259 yol verm\u0259m\u0259k \u00fc\u00e7\u00fcn onun cinsini xat\u0131rlamaq \u00e7ox vacibdir.<\/p>\n\n\n\n<h3 class=\"wp-block-heading\" id=\"h-2-mastering-verb-conjugations\">2. Mastering verb conjugations<\/h3>\n\n\n\n<p>Frans\u0131z feill\u0259ri g\u0259rgin, \u0259hval-ruhiyy\u0259 v\u0259 m\u00f6vzu pronounlar\u0131na \u0259saslanan \u00e7oxsayl\u0131 konyunkasiyalara malik olur. Bu, h\u0259dd\u0259n art\u0131q a\u011f\u0131r g\u00f6r\u00fcn\u0259 bil\u0259r, ancaq prosesi sad\u0259l\u0259\u015fdirm\u0259k \u00fc\u00e7\u00fcn istifad\u0259 ed\u0259 bil\u0259c\u0259yiniz sad\u0259 v\u0259 q\u0131sa yol var. M\u00fcnt\u0259z\u0259m feill\u0259r \u00f6z sonsuz sonluqlar\u0131 (-er, -ir v\u0259 -re) \u0259sas\u0131nda \u00fc\u00e7 qrupdan birin\u0259 aiddir v\u0259 h\u0259r bir qrupun \u00f6z konyuqasiya qaydalar\u0131 vard\u0131r. Bu qaydalar\u0131 \u00f6yr\u0259ndikd\u0259n sonra, \u0259h\u0259miyy\u0259tli sayda frans\u0131z feill\u0259rini asanl\u0131qla bir-biriniz\u0259 qar\u015f\u0131 \u00e7\u0131xara bil\u0259rsiniz.<\/p>\n\n\n\n<h3 class=\"wp-block-heading\" id=\"h-3-the-partitive-article-du-de-la-and-de-l\">3. Parttiv madd\u0259: du, de la v\u0259 de l&#8217;<\/h3>\n\n\n\n<p>Bir \u015feyin bir hiss\u0259si v\u0259 ya m\u00fc\u0259yy\u0259n edilm\u0259mi\u015f miqdar\u0131 haqq\u0131nda dan\u0131\u015fark\u0259n, hiss\u0259vi m\u0259qal\u0259d\u0259n istifad\u0259 etm\u0259lisiniz. Par\u00e7a artikli ismin cinsin\u0259 v\u0259 sait v\u0259 ya samitl\u0259 ba\u015flamas\u0131na g\u00f6r\u0259 d\u0259yi\u015fir. Ki\u015fi adlar\u0131 \u00fc\u00e7\u00fcn \u201cdu\u201d, qad\u0131n adlar\u0131 \u00fc\u00e7\u00fcn \u201cde la\u201d v\u0259 sait v\u0259 ya s\u0259ssiz \u201ch\u201d il\u0259 ba\u015flayan isiml\u0259r \u00fc\u00e7\u00fcn \u201cde l\u201d istifad\u0259 edin.<\/p>\n\n\n\n<h3 class=\"wp-block-heading\" id=\"h-4-adjective-agreement-and-placement\">4. Adjective M\u00fcqavil\u0259si v\u0259 yerl\u0259\u015fdirilm\u0259si<\/h3>\n\n\n\n<p>Frans\u0131z dilinin qrammatikas\u0131nda adjectives cins v\u0259 say bax\u0131m\u0131ndan d\u0259yi\u015fdirdikl\u0259ri noun il\u0259 raz\u0131la\u015fmal\u0131d\u0131r. \u00c7ox vaxt bu o dem\u0259kdir ki, sif\u0259t\u0259 qad\u0131nl\u0131q etm\u0259k \u00fc\u00e7\u00fcn &#8216;e&#8217;, \u200b\u200bc\u0259m etm\u0259k \u00fc\u00e7\u00fcn is\u0259 &#8216;s&#8217; \u0259lav\u0259 etm\u0259li olacaqs\u0131n\u0131z. Bundan \u0259lav\u0259, sif\u0259tl\u0259r \u201cbeau\u201d, \u201cvieil\u201d v\u0259 \u201cgrand\u201d kimi q\u0131sa v\u0259 \u00fcmumi sif\u0259tl\u0259r \u00fc\u00e7\u00fcn b\u0259zi istisnalar istisna olmaqla, \u00fcmumiyy\u0259tl\u0259 d\u0259yi\u015fdirdikl\u0259ri ismin ard\u0131nca gedir.<\/p>\n\n\n\n<p>N\u00fcmun\u0259l\u0259r:<br\/>&#8211; Un chat noir (Qara pi\u015fik)<br\/>&#8211; Une voiture noire (Qara avtomobil)<br\/>&#8211; Deux Chats Noirs (\u0130ki qara pi\u015fik)<\/p>\n\n\n\n<h3 class=\"wp-block-heading\" id=\"h-5-passe-compose-past-tense-made-easy\">5. Passe Compose \u2013 Ke\u00e7mi\u015f Zaman Asanla\u015fd\u0131<\/h3>\n\n\n\n<p>Ke\u00e7mi\u015fi frans\u0131z dilind\u0259 ifad\u0259 etm\u0259yin bir \u00e7ox \u00fcsullar\u0131 olsa da, pass\u00e8 kompozit \u0259n faydal\u0131 v\u0259 \u00f6yr\u0259nm\u0259k \u00fc\u00e7\u00fcn \u0259n asan vasit\u0259l\u0259rd\u0259n biridir. Pass\u00e9 compos\u00e9 formas\u0131n\u0131 yaratmaq \u00fc\u00e7\u00fcn siz\u0259 \u201cavoir\u201d v\u0259 ya \u201c\u00eatre\u201d k\u00f6m\u0259k\u00e7i felinin indiki zaman\u0131, sonra is\u0259 \u0259sas felin ke\u00e7mi\u015f i\u015ftirak\u00e7\u0131s\u0131 laz\u0131md\u0131r. \u018fks\u0259r fell\u0259r k\u00f6m\u0259k\u00e7i kimi \u201cavoir\u201d istifad\u0259 edir, b\u0259zi fell\u0259r is\u0259 \u0259sas\u0259n h\u0259r\u0259k\u0259t v\u0259 refleksiv fell\u0259r\u0259 aid olanlar \u201c\u00eatre\u201dd\u0259n istifad\u0259 edirl\u0259r.<\/p>\n\n\n\n<p>N\u00fcmun\u0259:<br\/>&#8211; J&#8217;ai mange (yedim)<br\/>&#8211; Nous sommes all\u00e9s (Getdik)<\/p>\n\n\n\n<h3 class=\"wp-block-heading\" id=\"h-6-engaging-with-the-language\">6. Dil il\u0259 m\u0259\u015f\u011ful olmaq<\/h3>\n\n\n\n<p>Frans\u0131z dilinin qrammatikan\u0131z\u0131 yax\u015f\u0131la\u015fd\u0131rma\u011f\u0131n \u0259n yax\u015f\u0131 \u00fcsullar\u0131ndan biri d\u0259 m\u00fcnt\u0259z\u0259m olaraq dill\u0259 m\u0259\u015f\u011ful olmaqd\u0131r. \u0130st\u0259r frans\u0131z q\u0259zetl\u0259rini oxumaq, ist\u0259r frans\u0131z filml\u0259rin\u0259 baxmaq, ist\u0259rs\u0259 d\u0259 do\u011fma dan\u0131\u015fanla dan\u0131\u015fmaq, m\u00fcxt\u0259lif kontekstl\u0259rd\u0259 bu dill\u0259 tan\u0131\u015f olmaq qrammatika anlay\u0131\u015f\u0131n\u0131z\u0131 g\u00fccl\u0259ndirm\u0259y\u0259 v\u0259 l\u00fc\u011f\u0259tinizi geni\u015fl\u0259ndirm\u0259y\u0259 k\u00f6m\u0259k ed\u0259c\u0259k.<\/p>\n\n\n\n<h3 class=\"wp-block-heading\" id=\"h-conclusion\">N\u0259tic\u0259<\/h3>\n\n\n\n<p>Frans\u0131z dilinin qrammatikas\u0131na yiy\u0259l\u0259nm\u0259k qorxulu g\u00f6r\u00fcn\u0259 bil\u0259r, lakin ard\u0131c\u0131l olaraq \u00f6z\u00fcn\u00fc Allaha h\u0259sr etm\u0259kl\u0259 bu g\u00f6z\u0259l dild\u0259 s\u0259lis dan\u0131\u015fa bil\u0259rs\u0259n. Yuxar\u0131da g\u00f6st\u0259ril\u0259n z\u0259ruri qaydalara diqq\u0259t yetirm\u0259kl\u0259 v\u0259 m\u00fcxt\u0259lif kontekstl\u0259rd\u0259 dill\u0259 m\u0259\u015f\u011ful olmaqla, frans\u0131z dilinin qrammatikas\u0131 bacar\u0131\u011f\u0131n\u0131z s\u00fcr\u0259tl\u0259 yax\u015f\u0131la\u015facaq. Frans\u0131z dilinin qrammatikas\u0131na yiy\u0259l\u0259nm\u0259k \u00fc\u00e7\u00fcn s\u0259yah\u0259tinizd\u0259 Bonne \u015fans\u0131!<\/p>\n<\/div><\/div>\n\r\n<section class=\"learnNavigationSection\">\r\n            \r\n        <a href=\"https:\/\/talkpal.ai\/az\/fransiz-dilini-oyr%c9%99nin\/\">\r\n            <div class=\"learnNavigationWrapper\">\r\n                <div class=\"learnNavigationContent\">\r\n                    <img decoding=\"async\" src=\"https:\/\/talkpal.ai\/wp-content\/uploads\/2024\/08\/French.jpg\" alt=\"French Flag\">\r\n                    <div>\r\n                        <h4>Frans\u0131z dilinin \u00f6yr\u0259nilm\u0259si haqq\u0131nda<\/h4>\r\n                        <p>Frans\u0131z dilinin qrammatikas\u0131 haqq\u0131nda h\u0259r \u015feyi \u00f6yr\u0259nin.<\/p>\r\n                    <\/div>\r\n                <\/div>\r\n            <\/div>\r\n        <\/a>\r\n\r\n        \r\n        <a href=\"https:\/\/talkpal.ai\/az\/fransiz-dilinin-qrammatikasi-m%c9%99sg%c9%99l%c9%99l%c9%99ri\/\">\r\n            <div class=\"learnNavigationWrapper\">\r\n                <div class=\"learnNavigationContent\">\r\n                    <img decoding=\"async\" src=\"https:\/\/talkpal.ai\/wp-content\/uploads\/2024\/08\/French.jpg\" alt=\"French Flag\">\r\n                    <div>\r\n                        <h4>Frans\u0131z qrammatikas\u0131 m\u0259\u015fqi<\/h4>\r\n                        <p>Frans\u0131z dilinin qrammatikas\u0131 il\u0259 m\u0259\u015f\u011ful.<\/p>\r\n                    <\/div>\r\n                <\/div>\r\n            <\/div>\r\n        <\/a>\r\n\r\n        \r\n        <a href=\"https:\/\/talkpal.ai\/vocabulary_language\/french\/\">\r\n            <div class=\"learnNavigationWrapper\">\r\n                <div class=\"learnNavigationContent\">\r\n                    <img decoding=\"async\" src=\"https:\/\/talkpal.ai\/wp-content\/uploads\/2024\/08\/French.jpg\" alt=\"French Flag\">\r\n                    <div>\r\n                        <h4>Frans\u0131z l\u00fc\u011f\u0259ti<\/h4>\r\n                        <p>Frans\u0131z l\u00fc\u011f\u0259tinizi geni\u015fl\u0259ndirin.<\/p>\r\n                    <\/div>\r\n                <\/div>\r\n            <\/div>\r\n        <\/a>\r\n\r\n            <\/section>","protected":false},"excerpt":{"rendered":"<p>Frans\u0131z Qrammatikas\u0131 \u00fczr\u0259 Ba\u015flayanlar \u00fc\u00e7\u00fcn B\u0259l\u0259d\u00e7i Frans\u0131z dilini \u00f6yr\u0259nm\u0259k maraql\u0131 v\u0259 sevindirici hadis\u0259 ola bil\u0259r. Lakin frans\u0131z dilinin qrammatikas\u0131na yiy\u0259l\u0259nm\u0259k h\u0259tta ingilis dilini bil\u0259nl\u0259r \u00fc\u00e7\u00fcn d\u0259 \u00e7\u0259tin ola bil\u0259r. Bu yaz\u0131da biz siz\u0259 dil bacar\u0131qlar\u0131n\u0131z\u0131 inki\u015faf etdirm\u0259y\u0259 k\u00f6m\u0259k ed\u0259c\u0259k b\u0259zi \u0259sas frans\u0131z qrammatikas\u0131 m\u0259sl\u0259h\u0259tl\u0259rini m\u00fczakir\u0259 ed\u0259c\u0259yik. Bu qaydalarla tan\u0131\u015f olmaqla v\u0259 onlar\u0131 m\u00fcnt\u0259z\u0259m olaraq t\u0259tbiq [&hellip;]<\/p>\n","protected":false},"author":1,"featured_media":75841,"parent":0,"menu_order":0,"comment_status":"closed","ping_status":"closed","template":"LearningContentPage.php","meta":{"_acf_changed":false,"footnotes":""},"class_list":["post-124280","page","type-page","status-publish","has-post-thumbnail","hentry"],"acf":[],"yoast_head":"<!-- This site is optimized with the Yoast SEO Premium plugin v27.2 (Yoast SEO v27.2) - https:\/\/yoast.com\/product\/yoast-seo-premium-wordpress\/ -->\n<title>Frans\u0131z qrammatikas\u0131 - Talkpal<\/title>\n<meta name=\"description\" content=\"\u018fsas frans\u0131z qrammatikas\u0131 anlay\u0131\u015flar\u0131n\u0131 m\u0259nims\u0259yin - fell\u0259ri, birl\u0259\u015fm\u0259l\u0259ri, zamanlar\u0131, isiml\u0259ri, artikll\u0259ri, sif\u0259tl\u0259ri, \u0259v\u0259zlikl\u0259ri v\u0259 c\u00fcml\u0259 qurulu\u015funu \u0259hat\u0259 edir.\" \/>\n<meta name=\"robots\" content=\"index, follow, max-snippet:-1, max-image-preview:large, max-video-preview:-1\" \/>\n<link rel=\"canonical\" href=\"https:\/\/talkpal.ai\/az\/fransiz-qrammatikasi\/\" \/>\n<meta property=\"og:locale\" content=\"az_AZ\" \/>\n<meta property=\"og:type\" content=\"article\" \/>\n<meta property=\"og:title\" content=\"Frans\u0131z qrammatikas\u0131\" \/>\n<meta property=\"og:description\" content=\"Frans\u0131z Qrammatikas\u0131 \u00fczr\u0259 Ba\u015flayanlar \u00fc\u00e7\u00fcn B\u0259l\u0259d\u00e7i Frans\u0131z dilini \u00f6yr\u0259nm\u0259k maraql\u0131 v\u0259 sevindirici hadis\u0259 ola bil\u0259r. Lakin frans\u0131z dilinin qrammatikas\u0131na\" \/>\n<meta property=\"og:url\" content=\"https:\/\/talkpal.ai\/az\/fransiz-qrammatikasi\/\" \/>\n<meta property=\"og:site_name\" content=\"Talkpal\" \/>\n<meta property=\"article:publisher\" content=\"https:\/\/www.facebook.com\/profile.php?id=100090733639311\" \/>\n<meta property=\"article:modified_time\" content=\"2025-05-22T18:47:53+00:00\" \/>\n<meta property=\"og:image\" content=\"https:\/\/talkpal.ai\/wp-content\/uploads\/2023\/03\/france.png\" \/>\n\t<meta property=\"og:image:width\" content=\"512\" \/>\n\t<meta property=\"og:image:height\" content=\"512\" \/>\n\t<meta property=\"og:image:type\" content=\"image\/png\" \/>\n<meta name=\"twitter:card\" content=\"summary_large_image\" \/>\n<meta name=\"twitter:site\" content=\"@talkpalai\" \/>\n<meta name=\"twitter:label1\" content=\"Est. reading time\" \/>\n\t<meta name=\"twitter:data1\" content=\"4 minutes\" \/>\n<script type=\"application\/ld+json\" class=\"yoast-schema-graph\">{\"@context\":\"https:\/\/schema.org\",\"@graph\":[{\"@type\":\"WebPage\",\"@id\":\"https:\/\/talkpal.ai\/az\/fransiz-qrammatikasi\/\",\"url\":\"https:\/\/talkpal.ai\/az\/fransiz-qrammatikasi\/\",\"name\":\"Frans\u0131z qrammatikas\u0131 - Talkpal\",\"isPartOf\":{\"@id\":\"https:\/\/talkpal.ai\/az\/#website\"},\"primaryImageOfPage\":{\"@id\":\"https:\/\/talkpal.ai\/az\/fransiz-qrammatikasi\/#primaryimage\"},\"image\":{\"@id\":\"https:\/\/talkpal.ai\/az\/fransiz-qrammatikasi\/#primaryimage\"},\"thumbnailUrl\":\"https:\/\/talkpal.ai\/wp-content\/uploads\/2023\/03\/france.png\",\"datePublished\":\"2023-03-26T11:45:19+00:00\",\"dateModified\":\"2025-05-22T18:47:53+00:00\",\"description\":\"\u018fsas frans\u0131z qrammatikas\u0131 anlay\u0131\u015flar\u0131n\u0131 m\u0259nims\u0259yin - fell\u0259ri, birl\u0259\u015fm\u0259l\u0259ri, zamanlar\u0131, isiml\u0259ri, artikll\u0259ri, sif\u0259tl\u0259ri, \u0259v\u0259zlikl\u0259ri v\u0259 c\u00fcml\u0259 qurulu\u015funu \u0259hat\u0259 edir.\",\"breadcrumb\":{\"@id\":\"https:\/\/talkpal.ai\/az\/fransiz-qrammatikasi\/#breadcrumb\"},\"inLanguage\":\"az\",\"potentialAction\":[{\"@type\":\"ReadAction\",\"target\":[\"https:\/\/talkpal.ai\/az\/fransiz-qrammatikasi\/\"]}]},{\"@type\":\"ImageObject\",\"inLanguage\":\"az\",\"@id\":\"https:\/\/talkpal.ai\/az\/fransiz-qrammatikasi\/#primaryimage\",\"url\":\"https:\/\/talkpal.ai\/wp-content\/uploads\/2023\/03\/france.png\",\"contentUrl\":\"https:\/\/talkpal.ai\/wp-content\/uploads\/2023\/03\/france.png\",\"width\":512,\"height\":512,\"caption\":\"TalkPal AI learn French\"},{\"@type\":\"BreadcrumbList\",\"@id\":\"https:\/\/talkpal.ai\/az\/fransiz-qrammatikasi\/#breadcrumb\",\"itemListElement\":[{\"@type\":\"ListItem\",\"position\":1,\"name\":\"Homepage\",\"item\":\"https:\/\/talkpal.ai\/az\/\"},{\"@type\":\"ListItem\",\"position\":2,\"name\":\"Frans\u0131z qrammatikas\u0131\"}]},{\"@type\":\"WebSite\",\"@id\":\"https:\/\/talkpal.ai\/az\/#website\",\"url\":\"https:\/\/talkpal.ai\/az\/\",\"name\":\"Talkpal\",\"description\":\"AI Language Learning\",\"publisher\":{\"@id\":\"https:\/\/talkpal.ai\/az\/#organization\"},\"alternateName\":\"Talkpal AI\",\"potentialAction\":[{\"@type\":\"SearchAction\",\"target\":{\"@type\":\"EntryPoint\",\"urlTemplate\":\"https:\/\/talkpal.ai\/az\/?s={search_term_string}\"},\"query-input\":{\"@type\":\"PropertyValueSpecification\",\"valueRequired\":true,\"valueName\":\"search_term_string\"}}],\"inLanguage\":\"az\"},{\"@type\":\"Organization\",\"@id\":\"https:\/\/talkpal.ai\/az\/#organization\",\"name\":\"Talkpal, Inc.\",\"alternateName\":\"Talkpal AI\",\"url\":\"https:\/\/talkpal.ai\/az\/\",\"logo\":{\"@type\":\"ImageObject\",\"inLanguage\":\"az\",\"@id\":\"https:\/\/talkpal.ai\/az\/#\/schema\/logo\/image\/\",\"url\":\"https:\/\/talkpal.ai\/wp-content\/uploads\/2024\/03\/Talkpal-Logo-Icon.png\",\"contentUrl\":\"https:\/\/talkpal.ai\/wp-content\/uploads\/2024\/03\/Talkpal-Logo-Icon.png\",\"width\":2880,\"height\":2880,\"caption\":\"Talkpal, Inc.\"},\"image\":{\"@id\":\"https:\/\/talkpal.ai\/az\/#\/schema\/logo\/image\/\"},\"sameAs\":[\"https:\/\/www.facebook.com\/profile.php?id=100090733639311\",\"https:\/\/x.com\/talkpalai\",\"https:\/\/www.linkedin.com\/company\/talkpal\/\",\"https:\/\/www.youtube.com\/@TalkPal\/\",\"https:\/\/www.tiktok.com\/@talkpal\",\"https:\/\/www.instagram.com\/talkpal_ai\/\",\"https:\/\/www.crunchbase.com\/organization\/talkpal-9cde\",\"https:\/\/www.g2.com\/products\/talkpal-for-business\/\",\"https:\/\/www.trustpilot.com\/review\/talkpal.ai\",\"https:\/\/www.capterra.com\/p\/10006800\/TalkPal\/\"],\"description\":\"Talkpal is a language learning web and mobile education app, powered by the latest AI technologies, that provides engaging experiences to its customers in many different languages to help them improve their language skills. Users can chat about unlimited amount of topics with the app and use other modes to practice their language learning.\",\"email\":\"support@talkpal.ai\",\"legalName\":\"Talkpal, Inc.\",\"foundingDate\":\"2023-04-03\",\"duns\":\"118989042\",\"numberOfEmployees\":{\"@type\":\"QuantitativeValue\",\"minValue\":\"11\",\"maxValue\":\"50\"},\"publishingPrinciples\":\"https:\/\/talkpal.ai\/publishing-principles\/\",\"actionableFeedbackPolicy\":\"https:\/\/talkpal.ai\/actionable-feedback-policy\/\",\"correctionsPolicy\":\"https:\/\/talkpal.ai\/corrections-policy\/\",\"ethicsPolicy\":\"https:\/\/talkpal.ai\/ethics-policy\/\",\"diversityPolicy\":\"https:\/\/talkpal.ai\/diversity-policy\/\",\"diversityStaffingReport\":\"https:\/\/talkpal.ai\/diversity-policy\/\"}]}<\/script>\n<!-- \/ Yoast SEO Premium plugin. -->","yoast_head_json":{"title":"Frans\u0131z qrammatikas\u0131 - Talkpal","description":"\u018fsas frans\u0131z qrammatikas\u0131 anlay\u0131\u015flar\u0131n\u0131 m\u0259nims\u0259yin - fell\u0259ri, birl\u0259\u015fm\u0259l\u0259ri, zamanlar\u0131, isiml\u0259ri, artikll\u0259ri, sif\u0259tl\u0259ri, \u0259v\u0259zlikl\u0259ri v\u0259 c\u00fcml\u0259 qurulu\u015funu \u0259hat\u0259 edir.","robots":{"index":"index","follow":"follow","max-snippet":"max-snippet:-1","max-image-preview":"max-image-preview:large","max-video-preview":"max-video-preview:-1"},"canonical":"https:\/\/talkpal.ai\/az\/fransiz-qrammatikasi\/","og_locale":"az_AZ","og_type":"article","og_title":"Frans\u0131z qrammatikas\u0131","og_description":"Frans\u0131z Qrammatikas\u0131 \u00fczr\u0259 Ba\u015flayanlar \u00fc\u00e7\u00fcn B\u0259l\u0259d\u00e7i Frans\u0131z dilini \u00f6yr\u0259nm\u0259k maraql\u0131 v\u0259 sevindirici hadis\u0259 ola bil\u0259r. Lakin frans\u0131z dilinin qrammatikas\u0131na","og_url":"https:\/\/talkpal.ai\/az\/fransiz-qrammatikasi\/","og_site_name":"Talkpal","article_publisher":"https:\/\/www.facebook.com\/profile.php?id=100090733639311","article_modified_time":"2025-05-22T18:47:53+00:00","og_image":[{"width":512,"height":512,"url":"https:\/\/talkpal.ai\/wp-content\/uploads\/2023\/03\/france.png","type":"image\/png"}],"twitter_card":"summary_large_image","twitter_site":"@talkpalai","twitter_misc":{"Est. reading time":"4 minutes"},"schema":{"@context":"https:\/\/schema.org","@graph":[{"@type":"WebPage","@id":"https:\/\/talkpal.ai\/az\/fransiz-qrammatikasi\/","url":"https:\/\/talkpal.ai\/az\/fransiz-qrammatikasi\/","name":"Frans\u0131z qrammatikas\u0131 - Talkpal","isPartOf":{"@id":"https:\/\/talkpal.ai\/az\/#website"},"primaryImageOfPage":{"@id":"https:\/\/talkpal.ai\/az\/fransiz-qrammatikasi\/#primaryimage"},"image":{"@id":"https:\/\/talkpal.ai\/az\/fransiz-qrammatikasi\/#primaryimage"},"thumbnailUrl":"https:\/\/talkpal.ai\/wp-content\/uploads\/2023\/03\/france.png","datePublished":"2023-03-26T11:45:19+00:00","dateModified":"2025-05-22T18:47:53+00:00","description":"\u018fsas frans\u0131z qrammatikas\u0131 anlay\u0131\u015flar\u0131n\u0131 m\u0259nims\u0259yin - fell\u0259ri, birl\u0259\u015fm\u0259l\u0259ri, zamanlar\u0131, isiml\u0259ri, artikll\u0259ri, sif\u0259tl\u0259ri, \u0259v\u0259zlikl\u0259ri v\u0259 c\u00fcml\u0259 qurulu\u015funu \u0259hat\u0259 edir.","breadcrumb":{"@id":"https:\/\/talkpal.ai\/az\/fransiz-qrammatikasi\/#breadcrumb"},"inLanguage":"az","potentialAction":[{"@type":"ReadAction","target":["https:\/\/talkpal.ai\/az\/fransiz-qrammatikasi\/"]}]},{"@type":"ImageObject","inLanguage":"az","@id":"https:\/\/talkpal.ai\/az\/fransiz-qrammatikasi\/#primaryimage","url":"https:\/\/talkpal.ai\/wp-content\/uploads\/2023\/03\/france.png","contentUrl":"https:\/\/talkpal.ai\/wp-content\/uploads\/2023\/03\/france.png","width":512,"height":512,"caption":"TalkPal AI learn French"},{"@type":"BreadcrumbList","@id":"https:\/\/talkpal.ai\/az\/fransiz-qrammatikasi\/#breadcrumb","itemListElement":[{"@type":"ListItem","position":1,"name":"Homepage","item":"https:\/\/talkpal.ai\/az\/"},{"@type":"ListItem","position":2,"name":"Frans\u0131z qrammatikas\u0131"}]},{"@type":"WebSite","@id":"https:\/\/talkpal.ai\/az\/#website","url":"https:\/\/talkpal.ai\/az\/","name":"Talkpal","description":"AI Language Learning","publisher":{"@id":"https:\/\/talkpal.ai\/az\/#organization"},"alternateName":"Talkpal AI","potentialAction":[{"@type":"SearchAction","target":{"@type":"EntryPoint","urlTemplate":"https:\/\/talkpal.ai\/az\/?s={search_term_string}"},"query-input":{"@type":"PropertyValueSpecification","valueRequired":true,"valueName":"search_term_string"}}],"inLanguage":"az"},{"@type":"Organization","@id":"https:\/\/talkpal.ai\/az\/#organization","name":"Talkpal, Inc.","alternateName":"Talkpal AI","url":"https:\/\/talkpal.ai\/az\/","logo":{"@type":"ImageObject","inLanguage":"az","@id":"https:\/\/talkpal.ai\/az\/#\/schema\/logo\/image\/","url":"https:\/\/talkpal.ai\/wp-content\/uploads\/2024\/03\/Talkpal-Logo-Icon.png","contentUrl":"https:\/\/talkpal.ai\/wp-content\/uploads\/2024\/03\/Talkpal-Logo-Icon.png","width":2880,"height":2880,"caption":"Talkpal, Inc."},"image":{"@id":"https:\/\/talkpal.ai\/az\/#\/schema\/logo\/image\/"},"sameAs":["https:\/\/www.facebook.com\/profile.php?id=100090733639311","https:\/\/x.com\/talkpalai","https:\/\/www.linkedin.com\/company\/talkpal\/","https:\/\/www.youtube.com\/@TalkPal\/","https:\/\/www.tiktok.com\/@talkpal","https:\/\/www.instagram.com\/talkpal_ai\/","https:\/\/www.crunchbase.com\/organization\/talkpal-9cde","https:\/\/www.g2.com\/products\/talkpal-for-business\/","https:\/\/www.trustpilot.com\/review\/talkpal.ai","https:\/\/www.capterra.com\/p\/10006800\/TalkPal\/"],"description":"Talkpal is a language learning web and mobile education app, powered by the latest AI technologies, that provides engaging experiences to its customers in many different languages to help them improve their language skills. Users can chat about unlimited amount of topics with the app and use other modes to practice their language learning.","email":"support@talkpal.ai","legalName":"Talkpal, Inc.","foundingDate":"2023-04-03","duns":"118989042","numberOfEmployees":{"@type":"QuantitativeValue","minValue":"11","maxValue":"50"},"publishingPrinciples":"https:\/\/talkpal.ai\/publishing-principles\/","actionableFeedbackPolicy":"https:\/\/talkpal.ai\/actionable-feedback-policy\/","correctionsPolicy":"https:\/\/talkpal.ai\/corrections-policy\/","ethicsPolicy":"https:\/\/talkpal.ai\/ethics-policy\/","diversityPolicy":"https:\/\/talkpal.ai\/diversity-policy\/","diversityStaffingReport":"https:\/\/talkpal.ai\/diversity-policy\/"}]}},"_links":{"self":[{"href":"https:\/\/talkpal.ai\/az\/wp-json\/wp\/v2\/pages\/124280","targetHints":{"allow":["GET"]}}],"collection":[{"href":"https:\/\/talkpal.ai\/az\/wp-json\/wp\/v2\/pages"}],"about":[{"href":"https:\/\/talkpal.ai\/az\/wp-json\/wp\/v2\/types\/page"}],"author":[{"embeddable":true,"href":"https:\/\/talkpal.ai\/az\/wp-json\/wp\/v2\/users\/1"}],"replies":[{"embeddable":true,"href":"https:\/\/talkpal.ai\/az\/wp-json\/wp\/v2\/comments?post=124280"}],"version-history":[{"count":0,"href":"https:\/\/talkpal.ai\/az\/wp-json\/wp\/v2\/pages\/124280\/revisions"}],"wp:featuredmedia":[{"embeddable":true,"href":"https:\/\/talkpal.ai\/az\/wp-json\/wp\/v2\/media\/75841"}],"wp:attachment":[{"href":"https:\/\/talkpal.ai\/az\/wp-json\/wp\/v2\/media?parent=124280"}],"curies":[{"name":"wp","href":"https:\/\/api.w.org\/{rel}","templated":true}]}}